{"id":21226,"date":"2019-10-24T11:16:56","date_gmt":"2019-10-24T09:16:56","guid":{"rendered":"https:\/\/www.warak.com\/ingenieria-carton-ondulado\/"},"modified":"2025-10-01T17:28:00","modified_gmt":"2025-10-01T15:28:00","slug":"ingenieria-carton-ondulado","status":"publish","type":"page","link":"https:\/\/www.warak.com\/ca\/","title":{"rendered":"Ingenier\u00eda para cart\u00f3n ondulado"},"content":{"rendered":"<div class=\"vgblk-rw-wrapper limit-wrapper\">\n<h3>\n\t\t\t<a href=\"https:\/\/www.warak.com\/maquinaria-de-carton-ondulado\/\" title=\"Maquinaria Cartr\u00f3 Ondulat\" target=\"_self\">\n\tMaquinaria Cartr\u00f3 Ondulat\n\t\t\t<\/a>\n\t<\/h3>\n\tSom representants de marques de maquin\u00e0ria per la fabricaci\u00f3 de cartr\u00f3 ondulat. Onduladores, transformaci\u00f3, perif\u00e8rics i equips auxiliars.\n<h3>\n\t\t\t<a href=\"https:\/\/www.warak.com\/ca\/logistica\/\" title=\"Magatzematge Vertical i manutenci\u00f3\" target=\"_self\">\n\tMagatzematge Vertical i manutenci\u00f3\n\t\t\t<\/a>\n\t<\/h3>\n\tDiseny i fabricaci\u00f3 de magatzems verticals de producte intermig, software de control i handling.\n<h3>\n\t\t\t<a href=\"https:\/\/www.warak.com\/cocinas-cola-carton-ondulado\/\" title=\"Cuines de &lt;br&gt; Cola\" target=\"_self\">\n\tCuines de <br \/> Cola\n\t\t\t<\/a>\n\t<\/h3>\n\tCuines de preparaci\u00f3 de mid\u00f3 modulars, a mida de les necessitats dels nostres clients, projectes claus en m\u00e0.\n<h3>\n\t\t\t<a href=\"https:\/\/www.warak.com\/ingenieria-para-carton-ondulado\/\" title=\"Enginyeria \" target=\"_self\">\n\tEnginyeria \n\t\t\t<\/a>\n\t<\/h3>\n\tEstudis d&#8217;optimitzaci\u00f3 en plantes de fabricaci\u00f3, disseny de noves f\u00e0briques, cumpliment de normatives i formaci\u00f3 de treballadors.\n<p>&nbsp;<\/p>\n<h5>\n\tWARAK\n\t<\/h5>\n\t<h1>Enginyeria aplicada\u00a0al cartr\u00f3 ondulat.<\/h1>\n\t<p>El sector del cartr\u00f3 ondulat avan\u00e7a de manera constant, per\u00f2 cada pas suposa un esfor\u00e7 d&#8217;inversi\u00f3 important per les empreses.<\/p>\n<p>Warak posa a disposici\u00f3 dels fabricants de cartr\u00f3 ondulat un conjunt integral de solucions des de la seva experi\u00e8ncia de m\u00e9s de 25 anys.<\/p>\n<p>Durant els darrers 20 anys hem desenvolupat una visi\u00f3 pr\u00e0ctica que ens permet avan\u00e7ar-nos i oferir les millors solucions als nostres clients.<\/p>\n<p>&nbsp;<\/p>\n\t\t<iframe width=\"560\" height=\"400\" src=\"https:\/\/www.youtube.com\/embed\/gNTcuL8nzK4\" title=\"YouTube video player\" frameborder=\"0\" allow=\"accelerometer; autoplay; clipboard-write; encrypted-media; gyroscope; picture-in-picture\" allowfullscreen><\/iframe>\t\n\t<h2>Projectes a mida<br \/>\n<strong>pels nostres clients<\/strong><\/h2>\n\t\t\t\t<a href=\"https:\/\/www.grupohinojosa.com\/\" target=\"_blank\" rel=\"noopener\" itemprop=\"url\" title=\"Logos clientes warak\">\n\t\t\t\t\t\t\t<img fetchpriority=\"high\" fetchpriority=\"high\" decoding=\"async\" src=\"https:\/\/www.warak.com\/wp-content\/uploads\/2019\/09\/hinojosa-300x300.png\" alt=\"Logos clientes warak\" itemprop=\"image\" height=\"300\" width=\"300\" data-link-type=\"url\" title=\"Hinojosa packaging logo\" onerror=\"this.style.display='none'\"  sizes=\"(max-width: 768px) 100vw, 100vw\" srcset=\"https:\/\/www.warak.com\/wp-content\/uploads\/2019\/09\/hinojosa-300x300.png 300w, https:\/\/www.warak.com\/wp-content\/uploads\/2019\/09\/hinojosa-315x315.png 315w, https:\/\/www.warak.com\/wp-content\/uploads\/2019\/09\/hinojosa-100x100.png 100w, https:\/\/www.warak.com\/wp-content\/uploads\/2019\/09\/hinojosa-150x150.png 150w, https:\/\/www.warak.com\/wp-content\/uploads\/2019\/09\/hinojosa-420x420.png 420w, https:\/\/www.warak.com\/wp-content\/uploads\/2019\/09\/hinojosa.png 500w\" \/>\t\t\t\t\t\t<\/a>\n\t\t\t\t<a href=\"http:\/\/www.cartonajesbernabeu.com\/\" target=\"_blank\" rel=\"noopener\" itemprop=\"url\" title=\"Logos clientes warak\">\n\t\t\t\t\t\t\t<img decoding=\"async\" src=\"https:\/\/www.warak.com\/wp-content\/uploads\/2019\/09\/Bernabeu-300x300.png\" alt=\"Logos clientes warak\" itemprop=\"image\" height=\"300\" width=\"300\" data-link-type=\"url\" title=\"Bernabeu\" onerror=\"this.style.display='none'\"  sizes=\"(max-width: 768px) 100vw, 100vw\" srcset=\"https:\/\/www.warak.com\/wp-content\/uploads\/2019\/09\/Bernabeu-300x300.png 300w, https:\/\/www.warak.com\/wp-content\/uploads\/2019\/09\/Bernabeu-315x315.png 315w, https:\/\/www.warak.com\/wp-content\/uploads\/2019\/09\/Bernabeu-100x100.png 100w, https:\/\/www.warak.com\/wp-content\/uploads\/2019\/09\/Bernabeu-150x150.png 150w, https:\/\/www.warak.com\/wp-content\/uploads\/2019\/09\/Bernabeu-420x420.png 420w, https:\/\/www.warak.com\/wp-content\/uploads\/2019\/09\/Bernabeu.png 500w\" \/>\t\t\t\t\t\t<\/a>\n\t\t\t\t<a href=\"https:\/\/www.smurfitkappa.com\/es\" target=\"_blank\" rel=\"noopener\" itemprop=\"url\" title=\"Logos clientes warak\">\n\t\t\t\t\t\t\t<img decoding=\"async\" src=\"https:\/\/www.warak.com\/wp-content\/uploads\/2018\/01\/smurfit-logo-web-3985248574-300x300.png\" alt=\"Logos clientes warak\" itemprop=\"image\" height=\"300\" width=\"300\" data-link-type=\"url\" title=\"smurfit-logo-web-3985248574\" onerror=\"this.style.display='none'\"  sizes=\"(max-width: 768px) 100vw, 100vw\" srcset=\"https:\/\/www.warak.com\/wp-content\/uploads\/2018\/01\/smurfit-logo-web-3985248574-300x300.png 300w, https:\/\/www.warak.com\/wp-content\/uploads\/2018\/01\/smurfit-logo-web-3985248574-315x315.png 315w, https:\/\/www.warak.com\/wp-content\/uploads\/2018\/01\/smurfit-logo-web-3985248574-100x100.png 100w, https:\/\/www.warak.com\/wp-content\/uploads\/2018\/01\/smurfit-logo-web-3985248574-150x150.png 150w, https:\/\/www.warak.com\/wp-content\/uploads\/2018\/01\/smurfit-logo-web-3985248574-420x420.png 420w, https:\/\/www.warak.com\/wp-content\/uploads\/2018\/01\/smurfit-logo-web-3985248574.png 500w\" \/>\t\t\t\t\t\t<\/a>\n\t\t\t\t<a href=\"http:\/\/www.rossmann.ro\/\" target=\"_blank\" rel=\"noopener\" itemprop=\"url\" title=\"Engineered solutions for corrugated cardboard manufacturing, production and converting machinery, glue kitchen and work in progress vertical storage.\">\n\t\t\t\t\t\t\t<img loading=\"lazy\" loading=\"lazy\" decoding=\"async\" src=\"https:\/\/www.warak.com\/wp-content\/uploads\/2018\/01\/logo-romcarton-300x300.png\" alt=\"Engineered solutions for corrugated cardboard manufacturing, production and converting machinery, glue kitchen and work in progress vertical storage.\" itemprop=\"image\" height=\"300\" width=\"300\" data-link-type=\"url\" title=\"logo romcarton romania\" onerror=\"this.style.display='none'\"  sizes=\"auto, (max-width: 768px) 100vw, 100vw\" srcset=\"https:\/\/www.warak.com\/wp-content\/uploads\/2018\/01\/logo-romcarton-300x300.png 300w, https:\/\/www.warak.com\/wp-content\/uploads\/2018\/01\/logo-romcarton-315x315.png 315w, https:\/\/www.warak.com\/wp-content\/uploads\/2018\/01\/logo-romcarton-100x100.png 100w, https:\/\/www.warak.com\/wp-content\/uploads\/2018\/01\/logo-romcarton-150x150.png 150w, https:\/\/www.warak.com\/wp-content\/uploads\/2018\/01\/logo-romcarton-420x420.png 420w, https:\/\/www.warak.com\/wp-content\/uploads\/2018\/01\/logo-romcarton.png 500w\" \/>\t\t\t\t\t\t<\/a>\n\t\t\t\t\t\t\t<img loading=\"lazy\" loading=\"lazy\" decoding=\"async\" src=\"https:\/\/www.warak.com\/wp-content\/uploads\/2018\/01\/logo_cartonajes_petit.png\" alt=\"logo_cartonajes_petit\" itemprop=\"image\" height=\"114\" width=\"236\" title=\"logo_cartonajes_petit\" onerror=\"this.style.display='none'\"  sizes=\"auto, (max-width: 768px) 100vw, 100vw\"\/>\t\t\t\t\t\t\t\n\t\t\t\t\t\t\t<img loading=\"lazy\" loading=\"lazy\" decoding=\"async\" src=\"https:\/\/www.warak.com\/wp-content\/uploads\/2018\/01\/ds-smith-logo-300x203.png\" alt=\"ds smith logo\" itemprop=\"image\" height=\"203\" width=\"300\" title=\"ds smith logo\" onerror=\"this.style.display='none'\"  sizes=\"auto, (max-width: 768px) 100vw, 100vw\" srcset=\"https:\/\/www.warak.com\/wp-content\/uploads\/2018\/01\/ds-smith-logo-300x203.png 300w, https:\/\/www.warak.com\/wp-content\/uploads\/2018\/01\/ds-smith-logo-630x426.png 630w, https:\/\/www.warak.com\/wp-content\/uploads\/2018\/01\/ds-smith-logo-1024x692.png 1024w, https:\/\/www.warak.com\/wp-content\/uploads\/2018\/01\/ds-smith-logo-420x284.png 420w, https:\/\/www.warak.com\/wp-content\/uploads\/2018\/01\/ds-smith-logo-840x568.png 840w, https:\/\/www.warak.com\/wp-content\/uploads\/2018\/01\/ds-smith-logo-315x213.png 315w, https:\/\/www.warak.com\/wp-content\/uploads\/2018\/01\/ds-smith-logo.png 1200w\" \/>\t\t\t\t\t\t\t\n\n<\/div><!-- .vgblk-rw-wrapper -->","protected":false},"excerpt":{"rendered":"<p>Maquinaria Cartr\u00f3 Ondulat Som representants de marques de maquin\u00e0ria per la fabricaci\u00f3 de cartr\u00f3 ondulat. Onduladores, transformaci\u00f3, perif\u00e8rics i equips auxiliars. Magatzematge Vertical i manutenci\u00f3 Diseny i fabricaci\u00f3 de magatzems&#8230;<\/p>\n","protected":false},"author":1,"featured_media":21198,"parent":0,"menu_order":0,"comment_status":"closed","ping_status":"closed","template":"","meta":{"inline_featured_image":false,"_price":"","_stock":"","_tribe_ticket_header":"","_tribe_default_ticket_provider":"","_ticket_start_date":"","_ticket_end_date":"","_tribe_ticket_show_description":"","_tribe_ticket_show_not_going":false,"_tribe_ticket_use_global_stock":"","_tribe_ticket_global_stock_level":"","_global_stock_mode":"","_global_stock_cap":"","_tribe_rsvp_for_event":"","_tribe_ticket_going_count":"","_tribe_ticket_not_going_count":"","_tribe_tickets_list":"[]","_tribe_ticket_has_attendee_info_fields":false,"footnotes":""},"class_list":["post-21226","page","type-page","status-publish","has-post-thumbnail","hentry"],"_links":{"self":[{"href":"https:\/\/www.warak.com\/ca\/wp-json\/wp\/v2\/pages\/21226","targetHints":{"allow":["GET"]}}],"collection":[{"href":"https:\/\/www.warak.com\/ca\/wp-json\/wp\/v2\/pages"}],"about":[{"href":"https:\/\/www.warak.com\/ca\/wp-json\/wp\/v2\/types\/page"}],"author":[{"embeddable":true,"href":"https:\/\/www.warak.com\/ca\/wp-json\/wp\/v2\/users\/1"}],"replies":[{"embeddable":true,"href":"https:\/\/www.warak.com\/ca\/wp-json\/wp\/v2\/comments?post=21226"}],"version-history":[{"count":9,"href":"https:\/\/www.warak.com\/ca\/wp-json\/wp\/v2\/pages\/21226\/revisions"}],"predecessor-version":[{"id":26044,"href":"https:\/\/www.warak.com\/ca\/wp-json\/wp\/v2\/pages\/21226\/revisions\/26044"}],"wp:featuredmedia":[{"embeddable":true,"href":"https:\/\/www.warak.com\/ca\/wp-json\/wp\/v2\/media\/21198"}],"wp:attachment":[{"href":"https:\/\/www.warak.com\/ca\/wp-json\/wp\/v2\/media?parent=21226"}],"curies":[{"name":"wp","href":"https:\/\/api.w.org\/{rel}","templated":true}]}}