{"id":21228,"date":"2019-10-25T18:25:32","date_gmt":"2019-10-25T16:25:32","guid":{"rendered":"https:\/\/www.warak.com\/maquinaria-de-carton-ondulado\/"},"modified":"2025-09-30T11:33:11","modified_gmt":"2025-09-30T09:33:11","slug":"maquinaria-de-carton-ondulado","status":"publish","type":"page","link":"https:\/\/www.warak.com\/ca\/maquinaria-de-carton-ondulado\/","title":{"rendered":"Maquinaria de cart\u00f3n ondulado"},"content":{"rendered":"<div class=\"vgblk-rw-wrapper limit-wrapper\">\n<h3>\n\t\t\t<a href=\"https:\/\/www.warak.com\/onduladoras-carton-ondulado-fosber\/\" title=\"Onduladora\" target=\"_self\">\n\tOnduladora\n\t\t\t<\/a>\n\t<\/h3>\n\tFosber \u00e9s un prove\u00efdor global l\u00edder per al disseny, fabricaci\u00f3 i instal\u00b7laci\u00f3 de l\u00ednies completes de ondular, des canal senzill fins triple ona.\n<h3>\n\t\t\t<a href=\"https:\/\/www.warak.com\/ca\/converting-transformacion-carton-ondulado\/\" title=\"Transformaci\u00f3\" target=\"_self\">\n\tTransformaci\u00f3\n\t\t\t<\/a>\n\t<\/h3>\n\tMaquin\u00e0ria de diverses marques d&#8217;alta qualitat, per a la ind\u00fastria de la transformaci\u00f3 de planxa de cartr\u00f3 a embalatge impr\u00e8s, plegat o encunyat. Impressores, Troqueladores planes, rotatives i Casemakers.\n<h3>\n\t\t\t<a href=\"https:\/\/www.warak.com\/ca\/perifericos-maquinaria-carton-ondulado\/\" title=\"Perif\u00e8rics\" target=\"_self\">\n\tPerif\u00e8rics\n\t\t\t<\/a>\n\t<\/h3>\n\tAconsegueixi el major rendiment a les seves m\u00e0quines de transformaci\u00f3 amb els nostres perif\u00e8rics de principi i final de l\u00ednia. Carregadors, apiladors, taules de gir, separadors de posis i paletitzadors.\n<p>&nbsp;<\/p>\n<p>&nbsp;<\/p>\n\t<h1>El valor de<br \/>\n<strong>l&#8217;experi\u00e8ncia<\/strong><\/h1>\n\t<p><strong>Warak Consulting<\/strong> \u00e9s una enginyeria que ofereix solucions per <strong>optimitzar processos de fabricaci\u00f3 de cartr\u00f3 ondulat<\/strong>.<\/p>\n<p>Fundada el 1999 per l&#8217;Enginyer industrial <strong>Joaquim Vil\u00e0 Capdevila<\/strong>, s&#8217;han complert m\u00e9s de 200 projectes de millora en f\u00e0briques de cartr\u00f3 per tot el m\u00f3n, ajudant tant en log\u00edstica de processos interns com en disseny de noves f\u00e0briques, sempre amb l&#8217;objectiu de reduir malbaratament, p\u00e8rdues i augmentar l&#8217;efici\u00e8ncia i els beneficis.<\/p>\n\n\t<h2>Les Nostres <strong>Representades<\/strong><\/h2>\n\t\t\t\t<a href=\"https:\/\/www.fosbergroup.com\/\" target=\"_blank\" rel=\"noopener\" itemprop=\"url\" title=\"Maquinaria cart\u00f3n ondulado\">\n\t\t\t\t\t\t\t<img fetchpriority=\"high\" fetchpriority=\"high\" decoding=\"async\" src=\"https:\/\/www.warak.com\/wp-content\/uploads\/2019\/09\/logo-fosber-600.png\" alt=\"Maquinaria cart\u00f3n ondulado\" itemprop=\"image\" height=\"600\" width=\"600\" data-link-type=\"url\" title=\"logo fosber 600\" onerror=\"this.style.display='none'\"  sizes=\"(max-width: 768px) 100vw, 100vw\" srcset=\"https:\/\/www.warak.com\/wp-content\/uploads\/2019\/09\/logo-fosber-600.png 600w, https:\/\/www.warak.com\/wp-content\/uploads\/2019\/09\/logo-fosber-600-315x315.png 315w, https:\/\/www.warak.com\/wp-content\/uploads\/2019\/09\/logo-fosber-600-100x100.png 100w, https:\/\/www.warak.com\/wp-content\/uploads\/2019\/09\/logo-fosber-600-150x150.png 150w, https:\/\/www.warak.com\/wp-content\/uploads\/2019\/09\/logo-fosber-600-300x300.png 300w, https:\/\/www.warak.com\/wp-content\/uploads\/2019\/09\/logo-fosber-600-420x420.png 420w\" \/>\t\t\t\t\t\t<\/a>\n\t\t\t\t<a href=\"https:\/\/www.edfeurope.com\/en\/\" target=\"_blank\" rel=\"noopener\" itemprop=\"url\" title=\"Maquinaria cart\u00f3n ondulado\">\n\t\t\t\t\t\t\t<img decoding=\"async\" src=\"https:\/\/www.warak.com\/wp-content\/uploads\/2019\/09\/logo-edf-600.png\" alt=\"Maquinaria cart\u00f3n ondulado\" itemprop=\"image\" height=\"600\" width=\"600\" data-link-type=\"url\" title=\"logo edf 600\" onerror=\"this.style.display='none'\"  sizes=\"(max-width: 768px) 100vw, 100vw\" srcset=\"https:\/\/www.warak.com\/wp-content\/uploads\/2019\/09\/logo-edf-600.png 600w, https:\/\/www.warak.com\/wp-content\/uploads\/2019\/09\/logo-edf-600-315x315.png 315w, https:\/\/www.warak.com\/wp-content\/uploads\/2019\/09\/logo-edf-600-100x100.png 100w, https:\/\/www.warak.com\/wp-content\/uploads\/2019\/09\/logo-edf-600-150x150.png 150w, https:\/\/www.warak.com\/wp-content\/uploads\/2019\/09\/logo-edf-600-300x300.png 300w, https:\/\/www.warak.com\/wp-content\/uploads\/2019\/09\/logo-edf-600-420x420.png 420w\" \/>\t\t\t\t\t\t<\/a>\n\t\t\t\t<a href=\"https:\/\/df-global.cn\/Ecnindex.html\" target=\"_blank\" rel=\"noopener\" itemprop=\"url\" title=\"Maquinaria cart\u00f3n ondulado\">\n\t\t\t\t\t\t\t<img decoding=\"async\" src=\"https:\/\/www.warak.com\/wp-content\/uploads\/2019\/09\/logo-dongfang-600.png\" alt=\"Maquinaria cart\u00f3n ondulado\" itemprop=\"image\" height=\"600\" width=\"600\" data-link-type=\"url\" title=\"logo dongfang 600\" onerror=\"this.style.display='none'\"  sizes=\"(max-width: 768px) 100vw, 100vw\" srcset=\"https:\/\/www.warak.com\/wp-content\/uploads\/2019\/09\/logo-dongfang-600.png 600w, https:\/\/www.warak.com\/wp-content\/uploads\/2019\/09\/logo-dongfang-600-315x315.png 315w, https:\/\/www.warak.com\/wp-content\/uploads\/2019\/09\/logo-dongfang-600-100x100.png 100w, https:\/\/www.warak.com\/wp-content\/uploads\/2019\/09\/logo-dongfang-600-150x150.png 150w, https:\/\/www.warak.com\/wp-content\/uploads\/2019\/09\/logo-dongfang-600-300x300.png 300w, https:\/\/www.warak.com\/wp-content\/uploads\/2019\/09\/logo-dongfang-600-420x420.png 420w\" \/>\t\t\t\t\t\t<\/a>\n\t\t\t\t<a href=\"https:\/\/crespeldeitersgroup.com\/es\/\" target=\"_blank\" rel=\"noopener\" itemprop=\"url\" title=\"Maquinaria cart\u00f3n ondulado\">\n\t\t\t\t\t\t\t<img loading=\"lazy\" loading=\"lazy\" decoding=\"async\" src=\"https:\/\/www.warak.com\/wp-content\/uploads\/2019\/09\/logo-crespel.png\" alt=\"Maquinaria cart\u00f3n ondulado\" itemprop=\"image\" height=\"600\" width=\"600\" data-link-type=\"url\" title=\"logo crespel png\" onerror=\"this.style.display='none'\"  sizes=\"auto, (max-width: 768px) 100vw, 100vw\" srcset=\"https:\/\/www.warak.com\/wp-content\/uploads\/2019\/09\/logo-crespel.png 600w, https:\/\/www.warak.com\/wp-content\/uploads\/2019\/09\/logo-crespel-315x315.png 315w, https:\/\/www.warak.com\/wp-content\/uploads\/2019\/09\/logo-crespel-100x100.png 100w, https:\/\/www.warak.com\/wp-content\/uploads\/2019\/09\/logo-crespel-150x150.png 150w, https:\/\/www.warak.com\/wp-content\/uploads\/2019\/09\/logo-crespel-300x300.png 300w, https:\/\/www.warak.com\/wp-content\/uploads\/2019\/09\/logo-crespel-420x420.png 420w\" \/>\t\t\t\t\t\t<\/a>\n\n<\/div><!-- .vgblk-rw-wrapper -->","protected":false},"excerpt":{"rendered":"<p>Onduladora Fosber \u00e9s un prove\u00efdor global l\u00edder per al disseny, fabricaci\u00f3 i instal\u00b7laci\u00f3 de l\u00ednies completes de ondular, des canal senzill fins triple ona. Transformaci\u00f3 Maquin\u00e0ria de diverses marques d&#8217;alta&#8230;<\/p>\n","protected":false},"author":1,"featured_media":21229,"parent":0,"menu_order":0,"comment_status":"closed","ping_status":"closed","template":"","meta":{"inline_featured_image":false,"_price":"","_stock":"","_tribe_ticket_header":"","_tribe_default_ticket_provider":"","_ticket_start_date":"","_ticket_end_date":"","_tribe_ticket_show_description":"","_tribe_ticket_show_not_going":false,"_tribe_ticket_use_global_stock":"","_tribe_ticket_global_stock_level":"","_global_stock_mode":"","_global_stock_cap":"","_tribe_rsvp_for_event":"","_tribe_ticket_going_count":"","_tribe_ticket_not_going_count":"","_tribe_tickets_list":"[]","_tribe_ticket_has_attendee_info_fields":false,"footnotes":""},"class_list":["post-21228","page","type-page","status-publish","has-post-thumbnail","hentry"],"_links":{"self":[{"href":"https:\/\/www.warak.com\/ca\/wp-json\/wp\/v2\/pages\/21228","targetHints":{"allow":["GET"]}}],"collection":[{"href":"https:\/\/www.warak.com\/ca\/wp-json\/wp\/v2\/pages"}],"about":[{"href":"https:\/\/www.warak.com\/ca\/wp-json\/wp\/v2\/types\/page"}],"author":[{"embeddable":true,"href":"https:\/\/www.warak.com\/ca\/wp-json\/wp\/v2\/users\/1"}],"replies":[{"embeddable":true,"href":"https:\/\/www.warak.com\/ca\/wp-json\/wp\/v2\/comments?post=21228"}],"version-history":[{"count":4,"href":"https:\/\/www.warak.com\/ca\/wp-json\/wp\/v2\/pages\/21228\/revisions"}],"predecessor-version":[{"id":26005,"href":"https:\/\/www.warak.com\/ca\/wp-json\/wp\/v2\/pages\/21228\/revisions\/26005"}],"wp:featuredmedia":[{"embeddable":true,"href":"https:\/\/www.warak.com\/ca\/wp-json\/wp\/v2\/media\/21229"}],"wp:attachment":[{"href":"https:\/\/www.warak.com\/ca\/wp-json\/wp\/v2\/media?parent=21228"}],"curies":[{"name":"wp","href":"https:\/\/api.w.org\/{rel}","templated":true}]}}