{"id":21231,"date":"2019-10-25T18:53:26","date_gmt":"2019-10-25T16:53:26","guid":{"rendered":"https:\/\/www.warak.com\/almacen-vertical-manutencion\/"},"modified":"2025-09-30T11:32:35","modified_gmt":"2025-09-30T09:32:35","slug":"logistica","status":"publish","type":"page","link":"https:\/\/www.warak.com\/ca\/logistica\/","title":{"rendered":"LOGISTICA"},"content":{"rendered":"<div class=\"vgblk-rw-wrapper limit-wrapper\">\n<h3>\n\t\t\t<a href=\"https:\/\/www.warak.com\/ca\/magatzem-vertical-cartro-ondulat\/\" title=\"Magatzem WIP\" target=\"_self\">\n\tMagatzem WIP\n\t\t\t<\/a>\n\t<\/h3>\n\tSom especialistes en disseny i muntatge de magatzems verticals de producte intermedi per a f\u00e0briques de cartr\u00f3 ondulat.\n<h3>\n\t\t\t<a href=\"https:\/\/www.warak.com\/ca\/logistica-manutencion\/\" title=\"Manutenci\u00f3\" target=\"_self\">\n\tManutenci\u00f3\n\t\t\t<\/a>\n\t<\/h3>\n\tUna bona planificaci\u00f3 i circuit de manutenci\u00f3 millora substancialment la productivitat de el parc de maquin\u00e0ria instal\u00b7lat.\n<h3>\n\t\t\t<a href=\"https:\/\/www.warak.com\/ca\/plataforma-software\/\" title=\"Software\" target=\"_self\">\n\tSoftware\n\t\t\t<\/a>\n\t<\/h3>\n\tEl nostre programari permet una tra\u00e7abilitat total sense etiquetes durant tot el seu proc\u00e9s productiu.\n<p>&nbsp;<\/p>\n<h3>\n\t\t\t<a href=\"https:\/\/www.warak.com\/ca\/estudio-viabilidad-vertical\/\" title=\"Estudi de viabilitat\" target=\"_self\">\n\tEstudi de viabilitat\n\t\t\t<\/a>\n\t<\/h3>\n\tBasant-nos en dades reals de cada f\u00e0brica, vam realitzar un c\u00e0lcul dels beneficis d&#8217;una estructura vertical.\n\t<h1>\u00daltim<br \/>\n<strong>Projecte<\/strong><\/h1>\n<h5>\n\tMagatzem vertical &#8211; WIP\n\t<\/h5>\n\tEl nostre \u00faltim projecte ha estat amb el Grup Rossmann a Bucarest. Hem col\u00b7laborat en la construcci\u00f3 d&#8217;una f\u00e0brica nova amb magatzem vertical autoportant de 18 metres d&#8217;altura i tota la instal\u00b7laci\u00f3 i control de la log\u00edstica interna de f\u00e0brica des de la onduladora fins expedicions.\n<h2>\n\tRomcarton &#8211; Ruman\u00eda\n\t<\/h2>\n\t<p>Rossman Group<\/p>\n\t<a href=\"https:\/\/youtu.be\/ToXPj2OsAhc\" target=\"_blank\" role=\"button\"  data-vamtam-lightbox=\"&lt;div class=&quot;vamtam-video-frame&quot;&gt;&lt;iframe title=&quot;Warak Consulting - Logistics&quot; width=&quot;1260&quot; height=&quot;709&quot; src=&quot;https:\/\/www.youtube.com\/embed\/ToXPj2OsAhc?feature=oembed&quot; frameborder=&quot;0&quot; allow=&quot;accelerometer; autoplay; encrypted-media; gyroscope; picture-in-picture&quot; allowfullscreen&gt;&lt;\/iframe&gt;&lt;\/div&gt;\"style=\"font-size:14px;line-height:16px;padding:16px 32px;\">\n\t\t\t\t\tVeure Video\n\t<\/a>\n\n<\/div><!-- .vgblk-rw-wrapper -->","protected":false},"excerpt":{"rendered":"<p>Magatzem WIP Som especialistes en disseny i muntatge de magatzems verticals de producte intermedi per a f\u00e0briques de cartr\u00f3 ondulat. Manutenci\u00f3 Una bona planificaci\u00f3 i circuit de manutenci\u00f3 millora substancialment&#8230;<\/p>\n","protected":false},"author":1,"featured_media":21229,"parent":0,"menu_order":0,"comment_status":"closed","ping_status":"closed","template":"","meta":{"inline_featured_image":false,"_price":"","_stock":"","_tribe_ticket_header":"","_tribe_default_ticket_provider":"","_ticket_start_date":"","_ticket_end_date":"","_tribe_ticket_show_description":"","_tribe_ticket_show_not_going":false,"_tribe_ticket_use_global_stock":"","_tribe_ticket_global_stock_level":"","_global_stock_mode":"","_global_stock_cap":"","_tribe_rsvp_for_event":"","_tribe_ticket_going_count":"","_tribe_ticket_not_going_count":"","_tribe_tickets_list":"[]","_tribe_ticket_has_attendee_info_fields":false,"footnotes":""},"class_list":["post-21231","page","type-page","status-publish","has-post-thumbnail","hentry"],"_links":{"self":[{"href":"https:\/\/www.warak.com\/ca\/wp-json\/wp\/v2\/pages\/21231","targetHints":{"allow":["GET"]}}],"collection":[{"href":"https:\/\/www.warak.com\/ca\/wp-json\/wp\/v2\/pages"}],"about":[{"href":"https:\/\/www.warak.com\/ca\/wp-json\/wp\/v2\/types\/page"}],"author":[{"embeddable":true,"href":"https:\/\/www.warak.com\/ca\/wp-json\/wp\/v2\/users\/1"}],"replies":[{"embeddable":true,"href":"https:\/\/www.warak.com\/ca\/wp-json\/wp\/v2\/comments?post=21231"}],"version-history":[{"count":4,"href":"https:\/\/www.warak.com\/ca\/wp-json\/wp\/v2\/pages\/21231\/revisions"}],"predecessor-version":[{"id":26003,"href":"https:\/\/www.warak.com\/ca\/wp-json\/wp\/v2\/pages\/21231\/revisions\/26003"}],"wp:featuredmedia":[{"embeddable":true,"href":"https:\/\/www.warak.com\/ca\/wp-json\/wp\/v2\/media\/21229"}],"wp:attachment":[{"href":"https:\/\/www.warak.com\/ca\/wp-json\/wp\/v2\/media?parent=21231"}],"curies":[{"name":"wp","href":"https:\/\/api.w.org\/{rel}","templated":true}]}}