{"id":21244,"date":"2019-10-26T00:18:09","date_gmt":"2019-10-25T22:18:09","guid":{"rendered":"https:\/\/www.warak.com\/onduladoras-carton-ondulado-fosber\/"},"modified":"2025-09-30T11:33:42","modified_gmt":"2025-09-30T09:33:42","slug":"onduladoras-carton-ondulado-fosber","status":"publish","type":"page","link":"https:\/\/www.warak.com\/ca\/onduladoras-carton-ondulado-fosber\/","title":{"rendered":"Onduladores cartr\u00f3 ondulat Fosber"},"content":{"rendered":"<div class=\"vgblk-rw-wrapper limit-wrapper\">\n<h1>\n\t\t\tFosber\t<\/h1>\n<h2>\n\tFOSBER C\/LINE\n\t<\/h2>\n\t<p>La C line de Fosber \u00e9s una linia d&#8217;ondular efica\u00e7 i flexible, fins a 300mpm de velocitat m\u00e0xima per produccions mitjanes amb un cost d&#8217;inversi\u00f3 m\u00e9s assequible.<\/p>\n\t<a href=\"https:\/\/www.fosbergroup.com\/en\/\" target=\"_blank\" role=\"button\">\n\t\t\t\t\tMore\n\t<\/a>\n<h2>\n\tFOSBER S\/LINE\n\t<\/h2>\n\t<p>La S line de Fosber \u00e9s actualment la millor onduladora que existeix mundialment fins a 420mpm de velocitat, nom\u00e9s per f\u00e0briques amb elevada producci\u00f3 i necessitat de m\u00e0ximes prestacions. Completament autom\u00e0tica amb tots els controls de fabricaci\u00f3 en cercle tancat.<\/p>\n\t<a href=\"https:\/\/www.fosbergroup.com\/en\/products\/the-lines\/s-line-420\/\" target=\"_blank\" role=\"button\">\n\t\t\t\t\tMore\n\t<\/a>\n\n<\/div><!-- .vgblk-rw-wrapper -->","protected":false},"excerpt":{"rendered":"<p>Fosber FOSBER C\/LINE La C line de Fosber \u00e9s una linia d&#8217;ondular efica\u00e7 i flexible, fins a 300mpm de velocitat m\u00e0xima per produccions mitjanes amb un cost d&#8217;inversi\u00f3 m\u00e9s assequible&#8230;.<\/p>\n","protected":false},"author":1,"featured_media":0,"parent":0,"menu_order":0,"comment_status":"closed","ping_status":"closed","template":"","meta":{"inline_featured_image":false,"_price":"","_stock":"","_tribe_ticket_header":"","_tribe_default_ticket_provider":"","_ticket_start_date":"","_ticket_end_date":"","_tribe_ticket_show_description":"","_tribe_ticket_show_not_going":false,"_tribe_ticket_use_global_stock":"","_tribe_ticket_global_stock_level":"","_global_stock_mode":"","_global_stock_cap":"","_tribe_rsvp_for_event":"","_tribe_ticket_going_count":"","_tribe_ticket_not_going_count":"","_tribe_tickets_list":"[]","_tribe_ticket_has_attendee_info_fields":false,"footnotes":""},"class_list":["post-21244","page","type-page","status-publish","hentry"],"_links":{"self":[{"href":"https:\/\/www.warak.com\/ca\/wp-json\/wp\/v2\/pages\/21244","targetHints":{"allow":["GET"]}}],"collection":[{"href":"https:\/\/www.warak.com\/ca\/wp-json\/wp\/v2\/pages"}],"about":[{"href":"https:\/\/www.warak.com\/ca\/wp-json\/wp\/v2\/types\/page"}],"author":[{"embeddable":true,"href":"https:\/\/www.warak.com\/ca\/wp-json\/wp\/v2\/users\/1"}],"replies":[{"embeddable":true,"href":"https:\/\/www.warak.com\/ca\/wp-json\/wp\/v2\/comments?post=21244"}],"version-history":[{"count":5,"href":"https:\/\/www.warak.com\/ca\/wp-json\/wp\/v2\/pages\/21244\/revisions"}],"predecessor-version":[{"id":26006,"href":"https:\/\/www.warak.com\/ca\/wp-json\/wp\/v2\/pages\/21244\/revisions\/26006"}],"wp:attachment":[{"href":"https:\/\/www.warak.com\/ca\/wp-json\/wp\/v2\/media?parent=21244"}],"curies":[{"name":"wp","href":"https:\/\/api.w.org\/{rel}","templated":true}]}}