{"id":21248,"date":"2019-10-26T00:26:06","date_gmt":"2019-10-25T22:26:06","guid":{"rendered":"https:\/\/www.warak.com\/converting-transformacion-carton-ondulado\/"},"modified":"2025-09-30T11:30:20","modified_gmt":"2025-09-30T09:30:20","slug":"converting-transformacion-carton-ondulado","status":"publish","type":"page","link":"https:\/\/www.warak.com\/ca\/converting-transformacion-carton-ondulado\/","title":{"rendered":"Converting transformaci\u00f3n cart\u00f3n ondulado"},"content":{"rendered":"<div class=\"vgblk-rw-wrapper limit-wrapper\">\n<h1>\n\t\t\tUnitats de negoci\t<\/h1>\n<h2>\n\tCasemakers Topra de DF\n\t<\/h2>\n\t<div class=\"woocommerce columns-3 \"><ul class=\"products vamtam-wc columns-3\">\n<li class=\"product type-product post-17627 status-publish first instock product_cat-converting product_cat-flexo-folder has-post-thumbnail shipping-taxable product-type-simple\">\n\t<div class=\"product-thumbnail\"><a href=\"https:\/\/www.warak.com\/producto\/casemaker-hgl-924\/\" class=\"woocommerce-LoopProduct-link woocommerce-loop-product__link\"><img fetchpriority=\"high\" decoding=\"async\" width=\"315\" height=\"315\" src=\"https:\/\/www.warak.com\/wp-content\/uploads\/2019\/09\/casemaker-hgl-924-800x450-315x315.jpg\" class=\"attachment-woocommerce_thumbnail size-woocommerce_thumbnail\" alt=\"edf converting machinery casemaker\" srcset=\"https:\/\/www.warak.com\/wp-content\/uploads\/2019\/09\/casemaker-hgl-924-800x450-315x315.jpg 315w, https:\/\/www.warak.com\/wp-content\/uploads\/2019\/09\/casemaker-hgl-924-800x450-100x100.jpg 100w, https:\/\/www.warak.com\/wp-content\/uploads\/2019\/09\/casemaker-hgl-924-800x450-150x150.jpg 150w\" sizes=\"(max-width: 315px) 100vw, 315px\" \/><\/a><div class=\"vamtam-wc-add-to-cart-wrapper\"><a href=\"https:\/\/www.warak.com\/producto\/casemaker-hgl-924\/\" aria-describedby=\"woocommerce_loop_add_to_cart_link_describedby_17627\" data-quantity=\"1\" class=\"button product_type_simple add_to_cart_button\" data-product_id=\"17627\" data-product_sku=\"\" aria-label=\"M\u00e9s informaci\u00f3 sobre &ldquo;Casemaker HGL 924&rdquo;\" rel=\"nofollow\" data-success_message=\"\">Llegeix m\u00e9s<\/a>\t<span id=\"woocommerce_loop_add_to_cart_link_describedby_17627\" class=\"screen-reader-text\">\n\t\t\t<\/span>\n<\/div><\/div><a href=\"https:\/\/www.warak.com\/producto\/casemaker-hgl-924\/\" class=\"woocommerce-LoopProduct-link woocommerce-loop-product__link\"><h3 class=\"woocommerce-loop-product__title\">Casemaker HGL 924<\/h3>\n\t\t<\/a>\n<\/li>\n<li class=\"product type-product post-17628 status-publish instock product_cat-converting product_cat-flexo-folder has-post-thumbnail shipping-taxable product-type-simple\">\n\t<div class=\"product-thumbnail\"><a href=\"https:\/\/www.warak.com\/producto\/casemaker-fd-821\/\" class=\"woocommerce-LoopProduct-link woocommerce-loop-product__link\"><img decoding=\"async\" width=\"315\" height=\"315\" src=\"https:\/\/www.warak.com\/wp-content\/uploads\/2019\/09\/casemaker-fd-821-800x450-315x315.jpg\" class=\"attachment-woocommerce_thumbnail size-woocommerce_thumbnail\" alt=\"edf converting machinery\" srcset=\"https:\/\/www.warak.com\/wp-content\/uploads\/2019\/09\/casemaker-fd-821-800x450-315x315.jpg 315w, https:\/\/www.warak.com\/wp-content\/uploads\/2019\/09\/casemaker-fd-821-800x450-100x100.jpg 100w, https:\/\/www.warak.com\/wp-content\/uploads\/2019\/09\/casemaker-fd-821-800x450-150x150.jpg 150w\" sizes=\"(max-width: 315px) 100vw, 315px\" \/><\/a><div class=\"vamtam-wc-add-to-cart-wrapper\"><a href=\"https:\/\/www.warak.com\/producto\/casemaker-fd-821\/\" aria-describedby=\"woocommerce_loop_add_to_cart_link_describedby_17628\" data-quantity=\"1\" class=\"button product_type_simple add_to_cart_button\" data-product_id=\"17628\" data-product_sku=\"\" aria-label=\"M\u00e9s informaci\u00f3 sobre &ldquo;Casemaker FD 821&rdquo;\" rel=\"nofollow\" data-success_message=\"\">Llegeix m\u00e9s<\/a>\t<span id=\"woocommerce_loop_add_to_cart_link_describedby_17628\" class=\"screen-reader-text\">\n\t\t\t<\/span>\n<\/div><\/div><a href=\"https:\/\/www.warak.com\/producto\/casemaker-fd-821\/\" class=\"woocommerce-LoopProduct-link woocommerce-loop-product__link\"><h3 class=\"woocommerce-loop-product__title\">Casemaker FD 821<\/h3>\n\t\t<\/a>\n<\/li>\n<li class=\"product type-product post-17630 status-publish last instock product_cat-converting product_cat-flexo-folder has-post-thumbnail shipping-taxable product-type-simple\">\n\t<div class=\"product-thumbnail\"><a href=\"https:\/\/www.warak.com\/producto\/casemaker-fd-618\/\" class=\"woocommerce-LoopProduct-link woocommerce-loop-product__link\"><img decoding=\"async\" width=\"315\" height=\"293\" src=\"https:\/\/www.warak.com\/wp-content\/uploads\/2019\/09\/casemaker-fd-618-800x293-315x293.png\" class=\"attachment-woocommerce_thumbnail size-woocommerce_thumbnail\" alt=\"edf converting machinery\" \/><\/a><div class=\"vamtam-wc-add-to-cart-wrapper\"><a href=\"https:\/\/www.warak.com\/producto\/casemaker-fd-618\/\" aria-describedby=\"woocommerce_loop_add_to_cart_link_describedby_17630\" data-quantity=\"1\" class=\"button product_type_simple add_to_cart_button\" data-product_id=\"17630\" data-product_sku=\"\" aria-label=\"M\u00e9s informaci\u00f3 sobre &ldquo;Casemaker FD 618&rdquo;\" rel=\"nofollow\" data-success_message=\"\">Llegeix m\u00e9s<\/a>\t<span id=\"woocommerce_loop_add_to_cart_link_describedby_17630\" class=\"screen-reader-text\">\n\t\t\t<\/span>\n<\/div><\/div><a href=\"https:\/\/www.warak.com\/producto\/casemaker-fd-618\/\" class=\"woocommerce-LoopProduct-link woocommerce-loop-product__link\"><h3 class=\"woocommerce-loop-product__title\">Casemaker FD 618<\/h3>\n\t\t<\/a>\n<\/li>\n<\/ul>\n<\/div>\n<h2>\n\tImpressores i Troqueladores rotatives\n\t<\/h2>\n\t<div class=\"woocommerce columns-3 \"><ul class=\"products vamtam-wc columns-3\">\n<li class=\"product type-product post-17605 status-publish first instock product_cat-converting product_cat-rotary-die-cutter product_cat-top-printing has-post-thumbnail shipping-taxable product-type-simple\">\n\t<div class=\"product-thumbnail\"><a href=\"https:\/\/www.warak.com\/producto\/topra-gd\/\" class=\"woocommerce-LoopProduct-link woocommerce-loop-product__link\"><img loading=\"lazy\" decoding=\"async\" width=\"315\" height=\"315\" src=\"https:\/\/www.warak.com\/wp-content\/uploads\/2019\/09\/topra-gd-800x450-315x315.jpg\" class=\"attachment-woocommerce_thumbnail size-woocommerce_thumbnail\" alt=\"edf converting machinery\" srcset=\"https:\/\/www.warak.com\/wp-content\/uploads\/2019\/09\/topra-gd-800x450-315x315.jpg 315w, https:\/\/www.warak.com\/wp-content\/uploads\/2019\/09\/topra-gd-800x450-100x100.jpg 100w, https:\/\/www.warak.com\/wp-content\/uploads\/2019\/09\/topra-gd-800x450-150x150.jpg 150w, https:\/\/www.warak.com\/wp-content\/uploads\/2019\/09\/topra-gd-800x450-350x350.jpg 350w\" sizes=\"(max-width: 315px) 100vw, 315px\" \/><\/a><div class=\"vamtam-wc-add-to-cart-wrapper\"><a href=\"https:\/\/www.warak.com\/producto\/topra-gd\/\" aria-describedby=\"woocommerce_loop_add_to_cart_link_describedby_17605\" data-quantity=\"1\" class=\"button product_type_simple add_to_cart_button\" data-product_id=\"17605\" data-product_sku=\"\" aria-label=\"M\u00e9s informaci\u00f3 sobre &ldquo;Topra GD&rdquo;\" rel=\"nofollow\" data-success_message=\"\">Llegeix m\u00e9s<\/a>\t<span id=\"woocommerce_loop_add_to_cart_link_describedby_17605\" class=\"screen-reader-text\">\n\t\t\t<\/span>\n<\/div><\/div><a href=\"https:\/\/www.warak.com\/producto\/topra-gd\/\" class=\"woocommerce-LoopProduct-link woocommerce-loop-product__link\"><h3 class=\"woocommerce-loop-product__title\">Topra GD<\/h3>\n\t\t<\/a>\n<\/li>\n<li class=\"product type-product post-17609 status-publish instock product_cat-converting product_cat-bottom-printing product_cat-rotary-die-cutter has-post-thumbnail shipping-taxable product-type-simple\">\n\t<div class=\"product-thumbnail\"><a href=\"https:\/\/www.warak.com\/producto\/apstar-hg\/\" class=\"woocommerce-LoopProduct-link woocommerce-loop-product__link\"><img loading=\"lazy\" decoding=\"async\" width=\"315\" height=\"315\" src=\"https:\/\/www.warak.com\/wp-content\/uploads\/2019\/09\/apstar-hg-800x450-315x315.jpg\" class=\"attachment-woocommerce_thumbnail size-woocommerce_thumbnail\" alt=\"edf converting machinery\" srcset=\"https:\/\/www.warak.com\/wp-content\/uploads\/2019\/09\/apstar-hg-800x450-315x315.jpg 315w, https:\/\/www.warak.com\/wp-content\/uploads\/2019\/09\/apstar-hg-800x450-100x100.jpg 100w, https:\/\/www.warak.com\/wp-content\/uploads\/2019\/09\/apstar-hg-800x450-150x150.jpg 150w, https:\/\/www.warak.com\/wp-content\/uploads\/2019\/09\/apstar-hg-800x450-350x350.jpg 350w\" sizes=\"(max-width: 315px) 100vw, 315px\" \/><\/a><div class=\"vamtam-wc-add-to-cart-wrapper\"><a href=\"https:\/\/www.warak.com\/producto\/apstar-hg\/\" aria-describedby=\"woocommerce_loop_add_to_cart_link_describedby_17609\" data-quantity=\"1\" class=\"button product_type_simple add_to_cart_button\" data-product_id=\"17609\" data-product_sku=\"\" aria-label=\"M\u00e9s informaci\u00f3 sobre &ldquo;Apstar HG 2&rdquo;\" rel=\"nofollow\" data-success_message=\"\">Llegeix m\u00e9s<\/a>\t<span id=\"woocommerce_loop_add_to_cart_link_describedby_17609\" class=\"screen-reader-text\">\n\t\t\t<\/span>\n<\/div><\/div><a href=\"https:\/\/www.warak.com\/producto\/apstar-hg\/\" class=\"woocommerce-LoopProduct-link woocommerce-loop-product__link\"><h3 class=\"woocommerce-loop-product__title\">Apstar HG 2<\/h3>\n\t\t<\/a>\n<\/li>\n<li class=\"product type-product post-17610 status-publish last instock product_cat-converting product_cat-bottom-printing product_cat-rotary-die-cutter has-post-thumbnail shipping-taxable product-type-simple\">\n\t<div class=\"product-thumbnail\"><a href=\"https:\/\/www.warak.com\/producto\/apstar-hs\/\" class=\"woocommerce-LoopProduct-link woocommerce-loop-product__link\"><img loading=\"lazy\" decoding=\"async\" width=\"315\" height=\"315\" src=\"https:\/\/www.warak.com\/wp-content\/uploads\/2019\/09\/apstar-hs-800x450-315x315.jpg\" class=\"attachment-woocommerce_thumbnail size-woocommerce_thumbnail\" alt=\"edf converting machinery\" srcset=\"https:\/\/www.warak.com\/wp-content\/uploads\/2019\/09\/apstar-hs-800x450-315x315.jpg 315w, https:\/\/www.warak.com\/wp-content\/uploads\/2019\/09\/apstar-hs-800x450-100x100.jpg 100w, https:\/\/www.warak.com\/wp-content\/uploads\/2019\/09\/apstar-hs-800x450-150x150.jpg 150w, https:\/\/www.warak.com\/wp-content\/uploads\/2019\/09\/apstar-hs-800x450-350x350.jpg 350w\" sizes=\"(max-width: 315px) 100vw, 315px\" \/><\/a><div class=\"vamtam-wc-add-to-cart-wrapper\"><a href=\"https:\/\/www.warak.com\/producto\/apstar-hs\/\" aria-describedby=\"woocommerce_loop_add_to_cart_link_describedby_17610\" data-quantity=\"1\" class=\"button product_type_simple add_to_cart_button\" data-product_id=\"17610\" data-product_sku=\"\" aria-label=\"M\u00e9s informaci\u00f3 sobre &ldquo;Apstar HS 2&rdquo;\" rel=\"nofollow\" data-success_message=\"\">Llegeix m\u00e9s<\/a>\t<span id=\"woocommerce_loop_add_to_cart_link_describedby_17610\" class=\"screen-reader-text\">\n\t\t\t<\/span>\n<\/div><\/div><a href=\"https:\/\/www.warak.com\/producto\/apstar-hs\/\" class=\"woocommerce-LoopProduct-link woocommerce-loop-product__link\"><h3 class=\"woocommerce-loop-product__title\">Apstar HS 2<\/h3>\n\t\t<\/a>\n<\/li>\n<\/ul>\n<\/div>\n\t<div class=\"woocommerce columns-5 \"><\/div>\n\t<div class=\"woocommerce columns-3 \"><\/div>\n<h2>\n\t\t\t<a href=\"https:\/\/www.warak.com\/perifericos-maquinaria-carton-ondulado\/\" title=\"Perif\u00e8rics per transformaci\u00f3\" target=\"_self\">\n\tPerif\u00e8rics per transformaci\u00f3\n\t\t\t<\/a>\n\t<\/h2>\n\t<a href=\"https:\/\/www.warak.com\/perifericos-maquinaria-carton-ondulado\/\" target=\"_self\" role=\"button\">\n\t\t\t\t\tCliqueu aqu\u00ed\n\t<\/a>\n\n<\/div><!-- .vgblk-rw-wrapper -->","protected":false},"excerpt":{"rendered":"<p>Unitats de negoci Casemakers Topra de DF Impressores i Troqueladores rotatives Perif\u00e8rics per transformaci\u00f3 Cliqueu aqu\u00ed<\/p>\n","protected":false},"author":1,"featured_media":0,"parent":0,"menu_order":0,"comment_status":"closed","ping_status":"closed","template":"","meta":{"inline_featured_image":false,"_price":"","_stock":"","_tribe_ticket_header":"","_tribe_default_ticket_provider":"","_ticket_start_date":"","_ticket_end_date":"","_tribe_ticket_show_description":"","_tribe_ticket_show_not_going":false,"_tribe_ticket_use_global_stock":"","_tribe_ticket_global_stock_level":"","_global_stock_mode":"","_global_stock_cap":"","_tribe_rsvp_for_event":"","_tribe_ticket_going_count":"","_tribe_ticket_not_going_count":"","_tribe_tickets_list":"[]","_tribe_ticket_has_attendee_info_fields":false,"footnotes":""},"class_list":["post-21248","page","type-page","status-publish","hentry"],"_links":{"self":[{"href":"https:\/\/www.warak.com\/ca\/wp-json\/wp\/v2\/pages\/21248","targetHints":{"allow":["GET"]}}],"collection":[{"href":"https:\/\/www.warak.com\/ca\/wp-json\/wp\/v2\/pages"}],"about":[{"href":"https:\/\/www.warak.com\/ca\/wp-json\/wp\/v2\/types\/page"}],"author":[{"embeddable":true,"href":"https:\/\/www.warak.com\/ca\/wp-json\/wp\/v2\/users\/1"}],"replies":[{"embeddable":true,"href":"https:\/\/www.warak.com\/ca\/wp-json\/wp\/v2\/comments?post=21248"}],"version-history":[{"count":9,"href":"https:\/\/www.warak.com\/ca\/wp-json\/wp\/v2\/pages\/21248\/revisions"}],"predecessor-version":[{"id":25995,"href":"https:\/\/www.warak.com\/ca\/wp-json\/wp\/v2\/pages\/21248\/revisions\/25995"}],"wp:attachment":[{"href":"https:\/\/www.warak.com\/ca\/wp-json\/wp\/v2\/media?parent=21248"}],"curies":[{"name":"wp","href":"https:\/\/api.w.org\/{rel}","templated":true}]}}