{"id":21252,"date":"2019-10-25T23:38:03","date_gmt":"2019-10-25T21:38:03","guid":{"rendered":"https:\/\/www.warak.com\/cocinas-cola-carton-ondulado\/"},"modified":"2025-09-30T11:29:31","modified_gmt":"2025-09-30T09:29:31","slug":"cocinas-cola-carton-ondulado","status":"publish","type":"page","link":"https:\/\/www.warak.com\/ca\/cocinas-cola-carton-ondulado\/","title":{"rendered":"Cuines de cola"},"content":{"rendered":"<div class=\"vgblk-rw-wrapper limit-wrapper\">\n<h1>\n\t\t\tCuines modulars\t<\/h1>\n\t<p>L&#8217;experi\u00e8ncia de m\u00e9s de 20 anys aplicant midons en corrugadores ens ha perm\u00e8s dissenyar, fabricar i instal\u00b7lar cuines per a la preparaci\u00f3 de midons en onduladores d&#8217;altes prestacions. Cuines modulars o cuines a mida de les necessitats de cada client, sempre amb la professionalitat i l&#8217;experi\u00e8ncia dels nostres especialistes.<\/p>\n<p>Per a m\u00e9s informaci\u00f3, consulteu la nostra web especialitzada: <a href=\"https:\/\/warakteknic.com\/ca\/\" target=\"_blank\" rel=\"noopener\">Warakteknic<\/a><\/p>\n\n<\/div><!-- .vgblk-rw-wrapper -->","protected":false},"excerpt":{"rendered":"<p>Cuines modulars L&#8217;experi\u00e8ncia de m\u00e9s de 20 anys aplicant midons en corrugadores ens ha perm\u00e8s dissenyar, fabricar i instal\u00b7lar cuines per a la preparaci\u00f3 de midons en onduladores d&#8217;altes prestacions&#8230;.<\/p>\n","protected":false},"author":1,"featured_media":21229,"parent":0,"menu_order":0,"comment_status":"closed","ping_status":"closed","template":"","meta":{"inline_featured_image":false,"_price":"","_stock":"","_tribe_ticket_header":"","_tribe_default_ticket_provider":"","_ticket_start_date":"","_ticket_end_date":"","_tribe_ticket_show_description":"","_tribe_ticket_show_not_going":false,"_tribe_ticket_use_global_stock":"","_tribe_ticket_global_stock_level":"","_global_stock_mode":"","_global_stock_cap":"","_tribe_rsvp_for_event":"","_tribe_ticket_going_count":"","_tribe_ticket_not_going_count":"","_tribe_tickets_list":"[]","_tribe_ticket_has_attendee_info_fields":false,"footnotes":""},"class_list":["post-21252","page","type-page","status-publish","has-post-thumbnail","hentry"],"_links":{"self":[{"href":"https:\/\/www.warak.com\/ca\/wp-json\/wp\/v2\/pages\/21252","targetHints":{"allow":["GET"]}}],"collection":[{"href":"https:\/\/www.warak.com\/ca\/wp-json\/wp\/v2\/pages"}],"about":[{"href":"https:\/\/www.warak.com\/ca\/wp-json\/wp\/v2\/types\/page"}],"author":[{"embeddable":true,"href":"https:\/\/www.warak.com\/ca\/wp-json\/wp\/v2\/users\/1"}],"replies":[{"embeddable":true,"href":"https:\/\/www.warak.com\/ca\/wp-json\/wp\/v2\/comments?post=21252"}],"version-history":[{"count":2,"href":"https:\/\/www.warak.com\/ca\/wp-json\/wp\/v2\/pages\/21252\/revisions"}],"predecessor-version":[{"id":25994,"href":"https:\/\/www.warak.com\/ca\/wp-json\/wp\/v2\/pages\/21252\/revisions\/25994"}],"wp:featuredmedia":[{"embeddable":true,"href":"https:\/\/www.warak.com\/ca\/wp-json\/wp\/v2\/media\/21229"}],"wp:attachment":[{"href":"https:\/\/www.warak.com\/ca\/wp-json\/wp\/v2\/media?parent=21252"}],"curies":[{"name":"wp","href":"https:\/\/api.w.org\/{rel}","templated":true}]}}