{"id":21259,"date":"2019-10-26T00:55:47","date_gmt":"2019-10-25T22:55:47","guid":{"rendered":"https:\/\/www.warak.com\/software\/"},"modified":"2025-09-30T11:35:00","modified_gmt":"2025-09-30T09:35:00","slug":"plataforma-software","status":"publish","type":"page","link":"https:\/\/www.warak.com\/ca\/plataforma-software\/","title":{"rendered":"Software"},"content":{"rendered":"<div class=\"vgblk-rw-wrapper limit-wrapper\">\n<h1>\n\t\t\tPlataforma Software\t<\/h1>\n\t<strong>Imove<\/strong> \u00e9s el software <strong>WMS<\/strong> (Warehouse Management System) que coordina la planificaci\u00f3 del <strong>ERP<\/strong> amb la sortida de l&#8217;onduladora, controla l&#8217;stock i envia les comandes a transformaci\u00f3 optimitzant el proc\u00e9s a cada pas.\n<p>&nbsp;<\/p>\n\t\t\t\t\t\t\t<img fetchpriority=\"high\" fetchpriority=\"high\" decoding=\"async\" src=\"https:\/\/www.warak.com\/wp-content\/uploads\/2019\/10\/Fondo1.png\" alt=\"software warehouse management\" itemprop=\"image\" height=\"1109\" width=\"1920\" title=\"Software imove\" onerror=\"this.style.display='none'\"  sizes=\"(max-width: 768px) 100vw, 100vw\" srcset=\"https:\/\/www.warak.com\/wp-content\/uploads\/2019\/10\/Fondo1.png 1920w, https:\/\/www.warak.com\/wp-content\/uploads\/2019\/10\/Fondo1-630x364.png 630w, https:\/\/www.warak.com\/wp-content\/uploads\/2019\/10\/Fondo1-300x173.png 300w, https:\/\/www.warak.com\/wp-content\/uploads\/2019\/10\/Fondo1-768x444.png 768w, https:\/\/www.warak.com\/wp-content\/uploads\/2019\/10\/Fondo1-1024x591.png 1024w, https:\/\/www.warak.com\/wp-content\/uploads\/2019\/10\/Fondo1-1260x728.png 1260w, https:\/\/www.warak.com\/wp-content\/uploads\/2019\/10\/Fondo1-420x243.png 420w, https:\/\/www.warak.com\/wp-content\/uploads\/2019\/10\/Fondo1-840x485.png 840w, https:\/\/www.warak.com\/wp-content\/uploads\/2019\/10\/Fondo1-315x182.png 315w\" \/>\t\t\t\t\t\t\t\n<h3>\n\tTra\u00e7abilitat a f\u00e0brica sense etiquetes\n\t<\/h3>\n<h3>\n\tTra\u00e7abilitat a f\u00e0brica sense etiquetes\n\t<\/h3>\n\tLa plataforma de software imove garantitza la tra\u00e7abilitat completa sense etiquetes de les piles de cartr\u00f3 a tota la f\u00e0brica. Desde la sortida d&#8217;onduladora, fins les m\u00e0quines de transformaci\u00f3, incloent el magatzem intermig. La coordinaci\u00f3 entre aquestes \u00e0rees permet al programa realitzar les millores en la programaci\u00f3 del fluxe de cartr\u00f3, aprofitant al m\u00e0xim els recursos disponibles a cada moment.\n\t\t\t\t\t\t\t<img decoding=\"async\" src=\"https:\/\/www.warak.com\/wp-content\/plugins\/beaver-builder-lite-version\/img\/pixel.png\" alt=\"\" itemprop=\"image\" onerror=\"this.style.display='none'\"  \/>\n<h3>\n\tProtocols amb software ERP i onduladores\n\t<\/h3>\n\tLa nostra plataforma de software t\u00e9 integrats els protocols de comunicaci\u00f3 amb oficines i onduladores m\u00e9s comuns del sector del cartr\u00f3 ondulat. <strong>OPM, PCtop, KIWI, RTS, BHS, <a href=\"https:\/\/www.warak.com\/onduladoras-carton-ondulado-fosber\/\">FOSBER<\/a>, MARQUIP; AGNATI.<\/strong>\n\t\t\t\t\t\t\t<img decoding=\"async\" src=\"https:\/\/www.warak.com\/wp-content\/plugins\/beaver-builder-lite-version\/img\/pixel.png\" alt=\"\" itemprop=\"image\" onerror=\"this.style.display='none'\"  \/>\n<h3>\n\tControl total en mode SaaS\n\t<\/h3>\n\t<strong>Imove<\/strong> funciona en mode <strong>Saas<\/strong> (Software as a Service), permitent l&#8217;acc\u00e9s des de qualsevol dispositiu web, amb una interficie f\u00e0cil i intuitiva. Aquesta modalitat permet realitzar auditories en qualsevol moment y des de qualsevol lloc en temps real.\n\t\t\t\t\t\t\t<img decoding=\"async\" src=\"https:\/\/www.warak.com\/wp-content\/plugins\/beaver-builder-lite-version\/img\/pixel.png\" alt=\"\" itemprop=\"image\" onerror=\"this.style.display='none'\"  \/>\n<h4>\n\t Warehouse Management Software <b> <strong> IMOVE\n\t<\/strong><\/b><\/h4>\n\t<h4>Millora en la<\/h4>\n<h4><strong>planificaci\u00f3 de comandes<\/strong><\/h4>\n\t<h4>Reducci\u00f3 en<\/h4>\n<h4><strong>recirculaci\u00f3 de piles<\/strong><\/h4>\n\t<h4><strong>Tra\u00e7abilitat total<\/strong><br \/>\nde cada comanda<\/h4>\n\n<\/div><!-- .vgblk-rw-wrapper -->","protected":false},"excerpt":{"rendered":"<p>Plataforma Software Imove \u00e9s el software WMS (Warehouse Management System) que coordina la planificaci\u00f3 del ERP amb la sortida de l&#8217;onduladora, controla l&#8217;stock i envia les comandes a transformaci\u00f3 optimitzant&#8230;<\/p>\n","protected":false},"author":1,"featured_media":0,"parent":0,"menu_order":0,"comment_status":"closed","ping_status":"closed","template":"","meta":{"inline_featured_image":false,"_price":"","_stock":"","_tribe_ticket_header":"","_tribe_default_ticket_provider":"","_ticket_start_date":"","_ticket_end_date":"","_tribe_ticket_show_description":"","_tribe_ticket_show_not_going":false,"_tribe_ticket_use_global_stock":"","_tribe_ticket_global_stock_level":"","_global_stock_mode":"","_global_stock_cap":"","_tribe_rsvp_for_event":"","_tribe_ticket_going_count":"","_tribe_ticket_not_going_count":"","_tribe_tickets_list":"[]","_tribe_ticket_has_attendee_info_fields":false,"footnotes":""},"class_list":["post-21259","page","type-page","status-publish","hentry"],"_links":{"self":[{"href":"https:\/\/www.warak.com\/ca\/wp-json\/wp\/v2\/pages\/21259","targetHints":{"allow":["GET"]}}],"collection":[{"href":"https:\/\/www.warak.com\/ca\/wp-json\/wp\/v2\/pages"}],"about":[{"href":"https:\/\/www.warak.com\/ca\/wp-json\/wp\/v2\/types\/page"}],"author":[{"embeddable":true,"href":"https:\/\/www.warak.com\/ca\/wp-json\/wp\/v2\/users\/1"}],"replies":[{"embeddable":true,"href":"https:\/\/www.warak.com\/ca\/wp-json\/wp\/v2\/comments?post=21259"}],"version-history":[{"count":1,"href":"https:\/\/www.warak.com\/ca\/wp-json\/wp\/v2\/pages\/21259\/revisions"}],"predecessor-version":[{"id":26008,"href":"https:\/\/www.warak.com\/ca\/wp-json\/wp\/v2\/pages\/21259\/revisions\/26008"}],"wp:attachment":[{"href":"https:\/\/www.warak.com\/ca\/wp-json\/wp\/v2\/media?parent=21259"}],"curies":[{"name":"wp","href":"https:\/\/api.w.org\/{rel}","templated":true}]}}