{"id":21264,"date":"2019-10-26T01:03:08","date_gmt":"2019-10-25T23:03:08","guid":{"rendered":"https:\/\/www.warak.com\/gemelo-digital\/"},"modified":"2025-09-30T11:32:22","modified_gmt":"2025-09-30T09:32:22","slug":"gemelo-digital","status":"publish","type":"page","link":"https:\/\/www.warak.com\/ca\/gemelo-digital\/","title":{"rendered":"Bess\u00f3 digital"},"content":{"rendered":"<div class=\"vgblk-rw-wrapper limit-wrapper\">\n<h1>\n\t\t\tSoftware predictiu de <br \/><strong>fluxe intralog\u00edstic <\/strong>\t<\/h1>\n<h5>\n\tEntorn virtual per la presa de decisions\n\t<\/h5>\n\tRealitzem estudis d&#8217;efici\u00e8ncia log\u00edstica interna a f\u00e0brica, mitjan\u00e7ant el nostre software de simulaci\u00f3 3D. Gr\u00e0cies al nostre coneixement del sector i del funcionament de les f\u00e0briques de producci\u00f3 de cartr\u00f3, som capa\u00e7os de crear un <strong>bess\u00f3 digital<\/strong> de la seva f\u00e0brica basant-nos en dades reals i aconseguir una r\u00e8plica quasi exacta de tots els processos. D&#8217;aquesta forma, podem realitzar proves d&#8217;estr\u00e9s, simulacions, canvis de maquin\u00e0ria, de rotaci\u00f3 de personal&#8230;en un entorn virtual, per m\u00e9s endavant implementar-los a la f\u00e0brica real.\nAmb la informaci\u00f3 precisa, podem\u00a0<strong>recrear canvis en les seves instal\u00b7lacions<\/strong>, com afegir o canviar maquin\u00e0ria, substituir un magatzem pla per un de vertical o redissenyar la distribuci\u00f3 actual de maquin\u00e0ria. Una vegada projectats aquests escenaris, calculem els millores de rendiment que suposarien anualment a la f\u00e0brica, el que proporciona dades fiables sobre possibles <strong>inversions de futur.<\/strong>\n<p>Durant el proc\u00e9s de simulaci\u00f3 es permet corregir i provar noves estrat\u00e8ges constantment, aquest fet afavoreix a prendre la millor decisi\u00f3 en tot moment.<\/p>\n\t\t\t\t\t\t\t<img fetchpriority=\"high\" fetchpriority=\"high\" decoding=\"async\" src=\"https:\/\/www.warak.com\/wp-content\/uploads\/2019\/10\/gemelo-2.jpg\" alt=\"Gemelo digital fabrica cart\u00f3n ondulado\" itemprop=\"image\" height=\"1080\" width=\"1920\" title=\"Corrugated engineering\" onerror=\"this.style.display='none'\"  sizes=\"(max-width: 768px) 100vw, 100vw\" srcset=\"https:\/\/www.warak.com\/wp-content\/uploads\/2019\/10\/gemelo-2.jpg 1920w, https:\/\/www.warak.com\/wp-content\/uploads\/2019\/10\/gemelo-2-630x354.jpg 630w, https:\/\/www.warak.com\/wp-content\/uploads\/2019\/10\/gemelo-2-300x169.jpg 300w, https:\/\/www.warak.com\/wp-content\/uploads\/2019\/10\/gemelo-2-768x432.jpg 768w, https:\/\/www.warak.com\/wp-content\/uploads\/2019\/10\/gemelo-2-1024x576.jpg 1024w, https:\/\/www.warak.com\/wp-content\/uploads\/2019\/10\/gemelo-2-1260x709.jpg 1260w, https:\/\/www.warak.com\/wp-content\/uploads\/2019\/10\/gemelo-2-420x236.jpg 420w, https:\/\/www.warak.com\/wp-content\/uploads\/2019\/10\/gemelo-2-840x473.jpg 840w, https:\/\/www.warak.com\/wp-content\/uploads\/2019\/10\/gemelo-2-315x177.jpg 315w\" \/>\t\t\t\t\t\t\t\n<h2>\n\t <b>\u00c0rees de millora<\/b>\n\t<\/h2>\n\t\t\tColls d&#8217;ampolla\n\t\tMitjan\u00e7ant proves sobre le bess\u00f3 digital, podem detectar aquells punts cr\u00edtics en el circuit intern de cartr\u00f3.\n\t\t\tCapacitat de magatzematge\n\t\tAmb les dades reals de fabricaci\u00f3 de planxa de cartr\u00f3, podem simular l&#8217;espai necessari pel funcionament eficient tant de l&#8217;onduladora, com de la transformaci\u00f3.\n\t\t\tSimulaci\u00f3 de nova maquin\u00e0ria\n\t\tLa simulaci\u00f3 amb dades reals ens permet incloure nova maquin\u00e0ria i obtenir dades fiables sobre le fluxe i els canvis en la producci\u00f3.\u00a0\n\t\t\tMillores de planificaci\u00f3\n\t\tL&#8217;an\u00e0lisi de fluxes i la capacitat de magatzematge, conjuntament amb el parc de maquin\u00e0ria, ens permet replatejar la planificaci\u00f3 de comandes a la f\u00e0brica.\n<h2>\n\tAltres <br \/> <b>serveis<\/b>\n\t<\/h2>\n<h4>\n\t\t\t<a href=\"https:\/\/www.warak.com\/ingenieria-consultoria-diseno-de-fabricas\/\" title=\"Disseny de plantes de producci\u00f3\" target=\"_self\">\n\tDisseny de plantes de producci\u00f3\n\t\t\t<\/a>\n\t<\/h4>\n\tProjectes de disseny claus en m\u00e0 de part productiva, log\u00edstica, magatzematge i expedici\u00f3.\n<h4>\n\t\t\t<a href=\"https:\/\/www.warak.com\/ingenieria-consultoria\/mejoras-logistica\/\" title=\"Millores Log\u00edstiques\" target=\"_self\">\n\tMillores Log\u00edstiques\n\t\t\t<\/a>\n\t<\/h4>\n\tUn bon platejament log\u00edstic \u00e9s el primer pas per estalviar costos en una f\u00e0brica de cartr\u00f3. L&#8217;estudi passa pel disseny de planos, efic\u00e0cia de la maquin\u00e0ria instal\u00b7lada o formaci\u00f3 dels operaris en bones pr\u00e0ctiques.\n\n<\/div><!-- .vgblk-rw-wrapper -->","protected":false},"excerpt":{"rendered":"<p>Software predictiu de fluxe intralog\u00edstic Entorn virtual per la presa de decisions Realitzem estudis d&#8217;efici\u00e8ncia log\u00edstica interna a f\u00e0brica, mitjan\u00e7ant el nostre software de simulaci\u00f3 3D. Gr\u00e0cies al nostre coneixement&#8230;<\/p>\n","protected":false},"author":1,"featured_media":21831,"parent":0,"menu_order":0,"comment_status":"closed","ping_status":"closed","template":"","meta":{"inline_featured_image":false,"_price":"","_stock":"","_tribe_ticket_header":"","_tribe_default_ticket_provider":"","_ticket_start_date":"","_ticket_end_date":"","_tribe_ticket_show_description":"","_tribe_ticket_show_not_going":false,"_tribe_ticket_use_global_stock":"","_tribe_ticket_global_stock_level":"","_global_stock_mode":"","_global_stock_cap":"","_tribe_rsvp_for_event":"","_tribe_ticket_going_count":"","_tribe_ticket_not_going_count":"","_tribe_tickets_list":"[]","_tribe_ticket_has_attendee_info_fields":false,"footnotes":""},"class_list":["post-21264","page","type-page","status-publish","has-post-thumbnail","hentry"],"_links":{"self":[{"href":"https:\/\/www.warak.com\/ca\/wp-json\/wp\/v2\/pages\/21264","targetHints":{"allow":["GET"]}}],"collection":[{"href":"https:\/\/www.warak.com\/ca\/wp-json\/wp\/v2\/pages"}],"about":[{"href":"https:\/\/www.warak.com\/ca\/wp-json\/wp\/v2\/types\/page"}],"author":[{"embeddable":true,"href":"https:\/\/www.warak.com\/ca\/wp-json\/wp\/v2\/users\/1"}],"replies":[{"embeddable":true,"href":"https:\/\/www.warak.com\/ca\/wp-json\/wp\/v2\/comments?post=21264"}],"version-history":[{"count":1,"href":"https:\/\/www.warak.com\/ca\/wp-json\/wp\/v2\/pages\/21264\/revisions"}],"predecessor-version":[{"id":26002,"href":"https:\/\/www.warak.com\/ca\/wp-json\/wp\/v2\/pages\/21264\/revisions\/26002"}],"wp:featuredmedia":[{"embeddable":true,"href":"https:\/\/www.warak.com\/ca\/wp-json\/wp\/v2\/media\/21831"}],"wp:attachment":[{"href":"https:\/\/www.warak.com\/ca\/wp-json\/wp\/v2\/media?parent=21264"}],"curies":[{"name":"wp","href":"https:\/\/api.w.org\/{rel}","templated":true}]}}