{"id":21268,"date":"2019-10-26T01:13:33","date_gmt":"2019-10-25T23:13:33","guid":{"rendered":"https:\/\/www.warak.com\/ingenieria-consultoria-diseno-de-fabricas\/"},"modified":"2022-04-25T12:19:17","modified_gmt":"2022-04-25T10:19:17","slug":"ingenieria-consultoria-diseno-de-fabricas","status":"publish","type":"page","link":"https:\/\/www.warak.com\/ca\/ingenieria-consultoria-diseno-de-fabricas\/","title":{"rendered":"Disseny de f\u00e0briques"},"content":{"rendered":"<div class=\"vgblk-rw-wrapper limit-wrapper\">\n<h2>\n\tDisseny de f\u00e0briques <br \/><b>de cartr\u00f3 ondulat <\/b>\n\t<\/h2>\n\tL&#8217;experi\u00e8ncia de 15 anys en projectes de manutenci\u00f3 ens ha perm\u00e8s dissenyar projectes de f\u00e0briques completes -de com\u00fa acord amb les necesitats i particularitats dels nostres clients- plantes de fabricaci\u00f3 eficients que tenen molt present la &#8220;gen\u00e8tica cartronera&#8221;.\u00a0 Sempre pensant en l&#8217;ubicaci\u00f3 de la planta i els condicionants intr\u00ednsecs de la zona on es construeix. Venim dissenynat i participant amb els nostres fabricants d&#8217;equips per obtenir productes fiables i eficients. El nostre objectiu principal en la manutenci\u00f3 \u00e9s la fiabilitat dels equips, evitar en tot el possible les aturades per mantenci\u00f3 o averies, que afecten directament al funcionament de tota la f\u00e0brica.\nTreballem i dissenyem tant les capacitats de magatematge de cartr\u00f3 com el sistema de transport de bobines o piles de cartr\u00f3, circuits de vapor, midons i fins i tot el transport de retall.\n\t\t\t\t+200\n<h3>\n\tProjectes\n\t<\/h3>\n\tRealitzem projectes de manutenci\u00f3 en el cartr\u00f3 des de 2005. En aquests 15 anys les f\u00e0briques de cartr\u00f3 l\u00edders del sector han m\u00e9s que triplicat la seva productivitat. La nostra experi\u00e8ncia en aquest sentit fa que al plantejar qualsevol projecte de manutenci\u00f3, realitzem c\u00e0lculs de futur per assegurar que les nostres instal\u00b7lacions segueixin essent rentables passats els anys.\n\t\t\t\t3\n<h3>\n\tContinents\n\t<\/h3>\n\tTreballem prinipalment a Europa, Nord d&#8217;\u00c0frica i Am\u00e8rica. Els nostres clients s\u00f3n tan multinacionals l\u00edders del sector com grups industrials privats.\n<h2>\n\tAltres <br \/> <b>serveis<\/b>\n\t<\/h2>\n<h4>\n\t\t\t<a href=\"https:\/\/www.warak.com\/ingenieria-consultoria\/gemelo-digital\/\" title=\"Bess\u00f3 Digital 4.0\" target=\"_self\" rel=\"noopener\">\n\tBess\u00f3 Digital 4.0\n\t\t\t<\/a>\n\t<\/h4>\n\t<p>Creem la r\u00e8plica digital de la seva f\u00e0brica en 3D que ens permet realitzar simulacions amb diferents pcis de producci\u00f3 o canvis a les seves instal\u00b7lacions, ja siguin log\u00edstics o de maquin\u00e0ria.<\/p>\n<h4>\n\t\t\t<a href=\"https:\/\/www.warak.com\/ingenieria-consultoria-mejoras-logistica\/\" title=\"Millores de Log\u00edstica\" target=\"_self\" rel=\"noopener\">\n\tMillores de Log\u00edstica\n\t\t\t<\/a>\n\t<\/h4>\n\t<p>Un bon platejament log\u00edstic \u00e9s el primer pas per estalviar costos en una f\u00e0brica de cartr\u00f3. L&#8217;estudi passa pel disseny de planos, efic\u00e0cia de maquin\u00e0ria instal\u00b7lada o formaci\u00f3 dels operaris en bones pr\u00e1ctiques.<\/p>\n\n<\/div><!-- .vgblk-rw-wrapper -->","protected":false},"excerpt":{"rendered":"<p>Disseny de f\u00e0briques de cartr\u00f3 ondulat L&#8217;experi\u00e8ncia de 15 anys en projectes de manutenci\u00f3 ens ha perm\u00e8s dissenyar projectes de f\u00e0briques completes -de com\u00fa acord amb les necesitats i particularitats&#8230;<\/p>\n","protected":false},"author":1,"featured_media":21229,"parent":0,"menu_order":0,"comment_status":"closed","ping_status":"closed","template":"","meta":{"inline_featured_image":false,"_price":"","_stock":"","_tribe_ticket_header":"","_tribe_default_ticket_provider":"","_ticket_start_date":"","_ticket_end_date":"","_tribe_ticket_show_description":"","_tribe_ticket_show_not_going":false,"_tribe_ticket_use_global_stock":"","_tribe_ticket_global_stock_level":"","_global_stock_mode":"","_global_stock_cap":"","_tribe_rsvp_for_event":"","_tribe_ticket_going_count":"","_tribe_ticket_not_going_count":"","_tribe_tickets_list":"[]","_tribe_ticket_has_attendee_info_fields":false,"footnotes":""},"class_list":["post-21268","page","type-page","status-publish","has-post-thumbnail","hentry"],"_links":{"self":[{"href":"https:\/\/www.warak.com\/ca\/wp-json\/wp\/v2\/pages\/21268","targetHints":{"allow":["GET"]}}],"collection":[{"href":"https:\/\/www.warak.com\/ca\/wp-json\/wp\/v2\/pages"}],"about":[{"href":"https:\/\/www.warak.com\/ca\/wp-json\/wp\/v2\/types\/page"}],"author":[{"embeddable":true,"href":"https:\/\/www.warak.com\/ca\/wp-json\/wp\/v2\/users\/1"}],"replies":[{"embeddable":true,"href":"https:\/\/www.warak.com\/ca\/wp-json\/wp\/v2\/comments?post=21268"}],"version-history":[{"count":2,"href":"https:\/\/www.warak.com\/ca\/wp-json\/wp\/v2\/pages\/21268\/revisions"}],"predecessor-version":[{"id":24161,"href":"https:\/\/www.warak.com\/ca\/wp-json\/wp\/v2\/pages\/21268\/revisions\/24161"}],"wp:featuredmedia":[{"embeddable":true,"href":"https:\/\/www.warak.com\/ca\/wp-json\/wp\/v2\/media\/21229"}],"wp:attachment":[{"href":"https:\/\/www.warak.com\/ca\/wp-json\/wp\/v2\/media?parent=21268"}],"curies":[{"name":"wp","href":"https:\/\/api.w.org\/{rel}","templated":true}]}}