{"id":21275,"date":"2019-10-26T01:21:41","date_gmt":"2019-10-25T23:21:41","guid":{"rendered":"https:\/\/www.warak.com\/ingenieria-consultoria-mejoras-logistica\/"},"modified":"2025-04-15T09:58:10","modified_gmt":"2025-04-15T07:58:10","slug":"millora-logistica","status":"publish","type":"page","link":"https:\/\/www.warak.com\/ca\/millora-logistica\/","title":{"rendered":"Millora log\u00edstica"},"content":{"rendered":"<div class=\"vgblk-rw-wrapper limit-wrapper\">\n<h2>\n\tMillora <br><b>Continua <\/b><br>\n\t<\/h2>\n\tL&#8217;an\u00e0lisi del fluxe de treball \u00e9s un proc\u00e9s mitjan\u00e7ant el que s&#8217;examinen els processos buscant les millores en efic\u00e0cia. Al millorar els fluxes de treball, els recursos s&#8217;utilitzen de manera m\u00e9s eficient i el seu personal est\u00e0 en millors condicions per treballar a major capacitat. Aquests estudis s\u00f3n especialment rellevants en processos centrats per successi\u00f3, com la <strong>fabricaci\u00f3 de cartr\u00f3 ondulat.<\/strong>\nQuan m\u00e9s \u00e0gils i eficients s\u00f3n els processos, menys ser\u00e0 el cost de la tasca a realitzar, les p\u00e8rdues de temps i errors. Gr\u00e0cies al nostre&nbsp;<strong>software de simulaci\u00f3<\/strong>, podem recrear un <a href=\"https:\/\/www.warak.com\/ingenieria-consultoria\/analisis-de-flujos-de-trabajo\"><strong>bess\u00f3 digital<\/strong><\/a> de qualsevol f\u00e0brica fins el m\u00e9s m\u00ednim detall, introdu\u00efnt totes les variables possibles i estressar el proc\u00e9s per trobar punts de saturaci\u00f3.\nA Warak hem dissenyat una linea d&#8217;equips auxiliars de transport de planxa de cartr\u00f3 per cubrir aquestes necessitats creixents i preparar el cartr\u00f3 pels magatzems verticals. Cintes de transport amb perfils laterals oberts per permetre la neteja sota els equips i aix\u00ed reduir el risc d&#8217;incendi, premses amb sistema d&#8217;amortig\u00fcaci\u00f3, carros de recollida fins a 8 paletes d&#8217;un sol cop. Equips per transportar cartr\u00f3 fins 60.000 m2\/hora de la sortida d&#8217;onduladora i corresponent entrega a la transformaci\u00f3.\n\t\t\t\t\t\t\t\t\t\t<img fetchpriority=\"high\" decoding=\"async\" src=\"https:\/\/www.warak.com\/wp-content\/uploads\/2019\/10\/04.jpg\" alt=\"Mejora continua en logistica\" itemprop=\"image\" height=\"1006\" width=\"1474\" title=\"Corrugated engineering\" onerror=\"this.style.display='none'\" sizes=\"(max-width: 768px) 100vw, 100vw\" srcset=\"data:image\/svg+xml;utf8,<svg%20xmlns=&quot;http:\/\/www.w3.org\/2000\/svg&quot;%20viewBox=&quot;0%200%201474%201006&quot;%20height=&quot;1006px&quot;%20width=&quot;1474px&quot;\/>&#8221; data-srcset=&#8221;https:\/\/www.warak.com\/wp-content\/uploads\/2019\/10\/04.jpg 1474w, https:\/\/www.warak.com\/wp-content\/uploads\/2019\/10\/04-300&#215;205.jpg 300w, https:\/\/www.warak.com\/wp-content\/uploads\/2019\/10\/04-768&#215;524.jpg 768w, https:\/\/www.warak.com\/wp-content\/uploads\/2019\/10\/04-1024&#215;699.jpg 1024w, https:\/\/www.warak.com\/wp-content\/uploads\/2019\/10\/04-1260&#215;860.jpg 1260w, https:\/\/www.warak.com\/wp-content\/uploads\/2019\/10\/04-630&#215;430.jpg 630w, https:\/\/www.warak.com\/wp-content\/uploads\/2019\/10\/04-420&#215;287.jpg 420w, https:\/\/www.warak.com\/wp-content\/uploads\/2019\/10\/04-840&#215;573.jpg 840w, https:\/\/www.warak.com\/wp-content\/uploads\/2019\/10\/04-315&#215;215.jpg 315w&#8221;>\t\t\t\t\t\t\t\n<h2>\n\t\u00c0rees de <b>Millora<\/b><br>\n\t<\/h2>\n\t\t\tReducci\u00f3 de mermes\n\t\t<p>C\u00e8l\u00b7lules de c\u00e0rrega i viscos\u00edmetre d&#8217;alta precisi\u00f3 per major repetibilitat de les preparacions.<\/p>\n\t\t\tRe-Enginyeria de processos\n\t\t<p>Gesti\u00f3 de circuits de c\u00e0rrega i desc\u00e0rrega amb electrov\u00e0lvules neum\u00e0tiques controlades autom\u00e0ticament.<\/p>\n<h2>\n\tAltres <br> <b>serveis<\/b><br>\n\t<\/h2>\n<h4>\n\t\t\t<a href=\"https:\/\/www.warak.com\/ca\/ingenieria-consultoria-diseno-de-fabricas\/\" title=\"Disseny de plantes de producci\u00f3\" target=\"_self\" rel=\"noopener noreferrer\">\n\tDisseny de plantes de producci\u00f3\n\t\t\t<\/a>\n\t<\/h4>\n\t<p>Projectes de disseny i muntatge claus en m\u00e0 tan de la part productiva, log\u00edstica, magatzematge i expedicions.<\/p>\n<h4>\n\t\t\t<a href=\"https:\/\/www.warak.com\/ca\/gemelo-digital\/gemelo-digital-2\/\" title=\"Bess\u00f3 Digital 4.0\" target=\"_self\" rel=\"noopener noreferrer\">\n\tBess\u00f3 Digital 4.0\n\t\t\t<\/a>\n\t<\/h4>\n\tCreem una r\u00e8plica digital de la seva f\u00e0brica en 3D que ens permet realitzar simulacions amb diferents pics de producci\u00f3 o canvis en les seves instal\u00b7lacions, siguin log\u00edstics o de maquin\u00e0ria.\n<\/div><!-- .vgblk-rw-wrapper -->","protected":false},"excerpt":{"rendered":"<p>Millora Continua L&#8217;an\u00e0lisi del fluxe de treball \u00e9s un proc\u00e9s mitjan\u00e7ant el que s&#8217;examinen els processos buscant les millores en efic\u00e0cia. Al millorar els fluxes de treball, els recursos s&#8217;utilitzen&#8230;<\/p>\n","protected":false},"author":1,"featured_media":21229,"parent":0,"menu_order":0,"comment_status":"closed","ping_status":"closed","template":"","meta":{"inline_featured_image":false,"_price":"","_stock":"","_tribe_ticket_header":"","_tribe_default_ticket_provider":"","_ticket_start_date":"","_ticket_end_date":"","_tribe_ticket_show_description":"","_tribe_ticket_show_not_going":false,"_tribe_ticket_use_global_stock":"","_tribe_ticket_global_stock_level":"","_global_stock_mode":"","_global_stock_cap":"","_tribe_rsvp_for_event":"","_tribe_ticket_going_count":"","_tribe_ticket_not_going_count":"","_tribe_tickets_list":"[]","_tribe_ticket_has_attendee_info_fields":false,"footnotes":""},"class_list":["post-21275","page","type-page","status-publish","has-post-thumbnail","hentry"],"_links":{"self":[{"href":"https:\/\/www.warak.com\/ca\/wp-json\/wp\/v2\/pages\/21275","targetHints":{"allow":["GET"]}}],"collection":[{"href":"https:\/\/www.warak.com\/ca\/wp-json\/wp\/v2\/pages"}],"about":[{"href":"https:\/\/www.warak.com\/ca\/wp-json\/wp\/v2\/types\/page"}],"author":[{"embeddable":true,"href":"https:\/\/www.warak.com\/ca\/wp-json\/wp\/v2\/users\/1"}],"replies":[{"embeddable":true,"href":"https:\/\/www.warak.com\/ca\/wp-json\/wp\/v2\/comments?post=21275"}],"version-history":[{"count":2,"href":"https:\/\/www.warak.com\/ca\/wp-json\/wp\/v2\/pages\/21275\/revisions"}],"predecessor-version":[{"id":24812,"href":"https:\/\/www.warak.com\/ca\/wp-json\/wp\/v2\/pages\/21275\/revisions\/24812"}],"wp:featuredmedia":[{"embeddable":true,"href":"https:\/\/www.warak.com\/ca\/wp-json\/wp\/v2\/media\/21229"}],"wp:attachment":[{"href":"https:\/\/www.warak.com\/ca\/wp-json\/wp\/v2\/media?parent=21275"}],"curies":[{"name":"wp","href":"https:\/\/api.w.org\/{rel}","templated":true}]}}