{"id":21280,"date":"2019-10-26T01:28:10","date_gmt":"2019-10-25T23:28:10","guid":{"rendered":"https:\/\/www.warak.com\/prestaciones\/"},"modified":"2020-01-10T12:17:21","modified_gmt":"2020-01-10T11:17:21","slug":"prestacions-cuina-cua","status":"publish","type":"page","link":"https:\/\/www.warak.com\/ca\/prestacions-cuina-cua\/","title":{"rendered":"Prestacions cuina de cua"},"content":{"rendered":"<div class=\"vgblk-rw-wrapper limit-wrapper\">\n<h2>\n\tCocinas de cola <br><b>dise\u00f1adas para el cart\u00f3n <\/b><br>\n\t<\/h2>\n\tNuestra dilatada experiencia en fabricaci\u00f3n de cart\u00f3n ondulado con diferentes almidones nos ha permitido dise\u00f1ar una cocina de preparaci\u00f3n de adhesivo fiable y polivalente en formulaciones. Su gran capacidad de preparaci\u00f3n permite abastecer a la \u00faltima generaci\u00f3n de onduladoras de altas prestaciones en la fabricaci\u00f3n de cart\u00f3n doble-doble.\nLos circuitos instalados son vers\u00e1tiles y disponen de limpieza autom\u00e1tica mediante soplado de aire.\n<p>Al ser modular, permite adecuar la inversi\u00f3n a sus necesidades y posibles ampliaciones en el futuro si fuera necesario.<\/p>\n<h2>\n\t <b>Prestaciones<\/b><br>\n\t<\/h2>\n\t\t\tBastidor modular\n\t\tEstructura de acero inoxidable que permite alargar la vida del equipo. En funci\u00f3n del espacio se puede configurar en espejo.\n\t\t\tControl\n\t\tC\u00e9lulas de carga y viscos\u00edmetro de alta precisi\u00f3n para mayor repetibilidad de las preparaciones.\n\t\t\tReactor\n\t\tMotor trif\u00e1sico de 25Kw con disco cowless y turbina adicional superior para mejorar y reducir el tiempo de agitaci\u00f3n en preparaciones 2000L en 30 minutos.\n\t\t\tFlujo\n\t\tGesti\u00f3n de circuitos de carga y descarga con electrov\u00e1lvulas neum\u00e1ticas controladas autom\u00e1ticamente.\n\t\t\tDosificaci\u00f3n\n\t\tBombas de dosificaci\u00f3n de aditivos incluidas. Sinf\u00edn de silo o big bag de alta transferencia para reducir el tiempo de carga.\n\t\t\tModularidad\n\t\tAdaptable a m\u00f3dulos para dep\u00f3sitos almac\u00e9n. Totalmente personalizados para garantizar la mejor alternativa.\n<h2>\n\tM\u00e1s <br><strong>ventajas<\/strong>\n\t<\/h2>\n<h4>\n\t\t\t<a href=\"https:\/\/www.warak.com\/cocinas-de-cola\/software-abierto\/\" title=\"Software abierto\" target=\"_self\" rel=\"noopener noreferrer\">\n\tSoftware abierto\n\t\t\t<\/a>\n\t<\/h4>\n\t<p>La programaci\u00f3n del PLC Siemens y su interficie HMI son abiertos.<\/p>\n<h4>\n\t\t\t<a href=\"\/?page_id=19074\" title=\"Control remoto\" target=\"_self\" rel=\"noopener noreferrer\">\n\tControl remoto\n\t\t\t<\/a>\n\t<\/h4>\n\t<p>Posibilidad de controlar y cambiar formulaciones en remoto.<\/p>\n<\/div><!-- .vgblk-rw-wrapper -->","protected":false},"excerpt":{"rendered":"<p>Cocinas de cola dise\u00f1adas para el cart\u00f3n Nuestra dilatada experiencia en fabricaci\u00f3n de cart\u00f3n ondulado con diferentes almidones nos ha permitido dise\u00f1ar una cocina de preparaci\u00f3n de adhesivo fiable y&#8230;<\/p>\n","protected":false},"author":1,"featured_media":21281,"parent":0,"menu_order":0,"comment_status":"closed","ping_status":"closed","template":"","meta":{"inline_featured_image":false,"_price":"","_stock":"","_tribe_ticket_header":"","_tribe_default_ticket_provider":"","_ticket_start_date":"","_ticket_end_date":"","_tribe_ticket_show_description":"","_tribe_ticket_show_not_going":false,"_tribe_ticket_use_global_stock":"","_tribe_ticket_global_stock_level":"","_global_stock_mode":"","_global_stock_cap":"","_tribe_rsvp_for_event":"","_tribe_ticket_going_count":"","_tribe_ticket_not_going_count":"","_tribe_tickets_list":"[]","_tribe_ticket_has_attendee_info_fields":false,"footnotes":""},"class_list":["post-21280","page","type-page","status-publish","has-post-thumbnail","hentry"],"_links":{"self":[{"href":"https:\/\/www.warak.com\/ca\/wp-json\/wp\/v2\/pages\/21280","targetHints":{"allow":["GET"]}}],"collection":[{"href":"https:\/\/www.warak.com\/ca\/wp-json\/wp\/v2\/pages"}],"about":[{"href":"https:\/\/www.warak.com\/ca\/wp-json\/wp\/v2\/types\/page"}],"author":[{"embeddable":true,"href":"https:\/\/www.warak.com\/ca\/wp-json\/wp\/v2\/users\/1"}],"replies":[{"embeddable":true,"href":"https:\/\/www.warak.com\/ca\/wp-json\/wp\/v2\/comments?post=21280"}],"version-history":[{"count":0,"href":"https:\/\/www.warak.com\/ca\/wp-json\/wp\/v2\/pages\/21280\/revisions"}],"wp:featuredmedia":[{"embeddable":true,"href":"https:\/\/www.warak.com\/ca\/wp-json\/wp\/v2\/media\/21281"}],"wp:attachment":[{"href":"https:\/\/www.warak.com\/ca\/wp-json\/wp\/v2\/media?parent=21280"}],"curies":[{"name":"wp","href":"https:\/\/api.w.org\/{rel}","templated":true}]}}