{"id":21290,"date":"2019-10-26T01:31:48","date_gmt":"2019-10-25T23:31:48","guid":{"rendered":"https:\/\/www.warak.com\/software-abierto-para-distintas-formulaciones\/"},"modified":"2020-01-08T23:46:20","modified_gmt":"2020-01-08T22:46:20","slug":"software-abierto-para-distintas-formulaciones","status":"publish","type":"page","link":"https:\/\/www.warak.com\/ca\/software-abierto-para-distintas-formulaciones\/","title":{"rendered":"Software abierto para distintas formulaciones"},"content":{"rendered":"<div class=\"vgblk-rw-wrapper limit-wrapper\">\n<h2>\n\tA medida y con <br><strong>software abierto <\/strong>\n\t<\/h2>\n\tEl armario dise\u00f1ado por nuestro proveedor Inautec para las cocinas de cola conlleva un sistema multiproceso y totalmente autom\u00e1tico con el que se pueden preparar colas tipo Stein Hall, Minocar y OBM con un sistema de control integrado &#8211; PLC, HMI, PC, y todo ello con un interface de usuario f\u00e1cil e intuitivo.\nEl armario incorpora elementos de control en tiempo real como caudal\u00edmetro, viscos\u00edmetros etc&#8230; que permiten realizar preparaciones de cola de manera fiable y repetitiva en modo autom\u00e1tico sin necesidad de rehacer formulaciones.\n<p>&nbsp;<\/p>\n\t\t\t\t\t\t\t\t\t\t<img fetchpriority=\"high\" decoding=\"async\" src=\"https:\/\/www.warak.com\/wp-content\/uploads\/2019\/09\/Cocina-cola-2.jpg\" alt=\"Engineered solutions for corrugated cardboard manufacturing, production and converting machinery, glue kitchen and work in progress vertical storage.\" itemprop=\"image\" height=\"1080\" width=\"1920\" title=\"Cocina-cola-2\" onerror=\"this.style.display='none'\" sizes=\"(max-width: 768px) 100vw, 100vw\" srcset=\"data:image\/svg+xml;utf8,<svg%20xmlns=&quot;http:\/\/www.w3.org\/2000\/svg&quot;%20viewBox=&quot;0%200%201920%201080&quot;%20height=&quot;1080px&quot;%20width=&quot;1920px&quot;\/>&#8221; data-srcset=&#8221;https:\/\/www.warak.com\/wp-content\/uploads\/2019\/09\/Cocina-cola-2.jpg 1920w, https:\/\/www.warak.com\/wp-content\/uploads\/2019\/09\/Cocina-cola-2-300&#215;169.jpg 300w, https:\/\/www.warak.com\/wp-content\/uploads\/2019\/09\/Cocina-cola-2-768&#215;432.jpg 768w, https:\/\/www.warak.com\/wp-content\/uploads\/2019\/09\/Cocina-cola-2-1024&#215;576.jpg 1024w, https:\/\/www.warak.com\/wp-content\/uploads\/2019\/09\/Cocina-cola-2-1260&#215;709.jpg 1260w, https:\/\/www.warak.com\/wp-content\/uploads\/2019\/09\/Cocina-cola-2-630&#215;354.jpg 630w, https:\/\/www.warak.com\/wp-content\/uploads\/2019\/09\/Cocina-cola-2-420&#215;236.jpg 420w, https:\/\/www.warak.com\/wp-content\/uploads\/2019\/09\/Cocina-cola-2-840&#215;473.jpg 840w, https:\/\/www.warak.com\/wp-content\/uploads\/2019\/09\/Cocina-cola-2-315&#215;177.jpg 315w&#8221;>\t\t\t\t\t\t\t\n<h2>\n\t<strong>Ventajas<\/strong>\n\t<\/h2>\n\t\t\tSistema autom\u00e1tico multiproceso\n\t\tEl PLC permite dosificar varios componentes al mismo tiempo, y a su vez, controlar la reacci\u00f3n en la preparaci\u00f3n.\n\t\t\tControl en tiempo real\n\t\tEl programa PLC aprende de las desviaciones de c\u00e1lculo de una misma f\u00f3rmula, de esta forma las sucesivas preparaciones son m\u00e1s precisas.\n\t\t\tHist\u00f3ricos de consumo\n\t\tEl historial de datos nos permite visualizar en gr\u00e1ficas el tiempo, la viscosidad, el peso y la temperatura de cualquier preparaci\u00f3n.\n\t\t\tVersatilidad\n\t\t<p>Posibilidad de trabajar directamente con silo de hasta 90 toneladas y con estaci\u00f3n de big bags de 1 tonelada mediante la utilizaci\u00f3n de tornillos sinfin autom\u00e1ticos.<\/p>\n<h2>\n\tM\u00e1s <br><strong>ventajas<\/strong>\n\t<\/h2>\n<h4>\n\t\t\t<a href=\"https:\/\/www.warak.com\/cocinas-de-cola\/prestaciones\/\" title=\"Prestaciones\" target=\"_self\" rel=\"noopener noreferrer\">\n\tPrestaciones\n\t\t\t<\/a>\n\t<\/h4>\n\t<p>Capacidad de preparaci\u00f3n de hasta 2.000 litros en 30 minutos.<\/p>\n<h4>\n\t\t\t<a href=\"\/?page_id=19074\" title=\"Control remoto\" target=\"_self\" rel=\"noopener noreferrer\">\n\tControl remoto\n\t\t\t<\/a>\n\t<\/h4>\n\t<p>Posibilidad de controlar y cambiar formulaciones en remoto.<\/p>\n<\/div><!-- .vgblk-rw-wrapper -->","protected":false},"excerpt":{"rendered":"<p>A medida y con software abierto El armario dise\u00f1ado por nuestro proveedor Inautec para las cocinas de cola conlleva un sistema multiproceso y totalmente autom\u00e1tico con el que se pueden&#8230;<\/p>\n","protected":false},"author":1,"featured_media":0,"parent":0,"menu_order":0,"comment_status":"closed","ping_status":"closed","template":"","meta":{"inline_featured_image":false,"_price":"","_stock":"","_tribe_ticket_header":"","_tribe_default_ticket_provider":"","_ticket_start_date":"","_ticket_end_date":"","_tribe_ticket_show_description":"","_tribe_ticket_show_not_going":false,"_tribe_ticket_use_global_stock":"","_tribe_ticket_global_stock_level":"","_global_stock_mode":"","_global_stock_cap":"","_tribe_rsvp_for_event":"","_tribe_ticket_going_count":"","_tribe_ticket_not_going_count":"","_tribe_tickets_list":"[]","_tribe_ticket_has_attendee_info_fields":false,"footnotes":""},"class_list":["post-21290","page","type-page","status-publish","hentry"],"_links":{"self":[{"href":"https:\/\/www.warak.com\/ca\/wp-json\/wp\/v2\/pages\/21290","targetHints":{"allow":["GET"]}}],"collection":[{"href":"https:\/\/www.warak.com\/ca\/wp-json\/wp\/v2\/pages"}],"about":[{"href":"https:\/\/www.warak.com\/ca\/wp-json\/wp\/v2\/types\/page"}],"author":[{"embeddable":true,"href":"https:\/\/www.warak.com\/ca\/wp-json\/wp\/v2\/users\/1"}],"replies":[{"embeddable":true,"href":"https:\/\/www.warak.com\/ca\/wp-json\/wp\/v2\/comments?post=21290"}],"version-history":[{"count":0,"href":"https:\/\/www.warak.com\/ca\/wp-json\/wp\/v2\/pages\/21290\/revisions"}],"wp:attachment":[{"href":"https:\/\/www.warak.com\/ca\/wp-json\/wp\/v2\/media?parent=21290"}],"curies":[{"name":"wp","href":"https:\/\/api.w.org\/{rel}","templated":true}]}}