{"id":21292,"date":"2019-10-26T01:36:43","date_gmt":"2019-10-25T23:36:43","guid":{"rendered":"https:\/\/www.warak.com\/cocina-cola-control-remoto-formulacion\/"},"modified":"2020-01-22T12:15:20","modified_gmt":"2020-01-22T11:15:20","slug":"cocina-cola-control-remoto-formulacion","status":"publish","type":"page","link":"https:\/\/www.warak.com\/ca\/cocina-cola-control-remoto-formulacion\/","title":{"rendered":"Control remoto"},"content":{"rendered":"<div class=\"vgblk-rw-wrapper limit-wrapper\">\n<h2>\n\tCocinas de cola <br><b>dise\u00f1adas para el cart\u00f3n <\/b><br>\n\t<\/h2>\n\tLa capacidad de controlar remotamente todas las operaciones de la cocina supone una ventaja para la necesidad de cambios de formulaciones en una onduladora. El archivo de hist\u00f3rico que muestra los valores de cada preparaci\u00f3n en gr\u00e1ficas, permite analizar remotamente las incidencias surgidas durante las distintas formulaciones. Reduciendo as\u00ed el impacto econ\u00f3mico del servicio t\u00e9cnico a planta.\n<p>&nbsp;<\/p>\n\t\t\t\t\t\t\t\t\t\t<img fetchpriority=\"high\" decoding=\"async\" src=\"https:\/\/www.warak.com\/wp-content\/uploads\/2019\/09\/Cocina-de-cola-prestaciones.jpg\" alt=\"glue kitchen starch\" itemprop=\"image\" height=\"1080\" width=\"1620\" title=\"Cocina-de-cola-prestaciones\" onerror=\"this.style.display='none'\" sizes=\"(max-width: 768px) 100vw, 100vw\" srcset=\"data:image\/svg+xml;utf8,<svg%20xmlns=&quot;http:\/\/www.w3.org\/2000\/svg&quot;%20viewBox=&quot;0%200%201620%201080&quot;%20height=&quot;1080px&quot;%20width=&quot;1620px&quot;\/>&#8221; data-srcset=&#8221;https:\/\/www.warak.com\/wp-content\/uploads\/2019\/09\/Cocina-de-cola-prestaciones.jpg 1620w, https:\/\/www.warak.com\/wp-content\/uploads\/2019\/09\/Cocina-de-cola-prestaciones-300&#215;200.jpg 300w, https:\/\/www.warak.com\/wp-content\/uploads\/2019\/09\/Cocina-de-cola-prestaciones-768&#215;512.jpg 768w, https:\/\/www.warak.com\/wp-content\/uploads\/2019\/09\/Cocina-de-cola-prestaciones-1024&#215;683.jpg 1024w, https:\/\/www.warak.com\/wp-content\/uploads\/2019\/09\/Cocina-de-cola-prestaciones-1260&#215;840.jpg 1260w, https:\/\/www.warak.com\/wp-content\/uploads\/2019\/09\/Cocina-de-cola-prestaciones-630&#215;420.jpg 630w, https:\/\/www.warak.com\/wp-content\/uploads\/2019\/09\/Cocina-de-cola-prestaciones-420&#215;280.jpg 420w, https:\/\/www.warak.com\/wp-content\/uploads\/2019\/09\/Cocina-de-cola-prestaciones-840&#215;560.jpg 840w, https:\/\/www.warak.com\/wp-content\/uploads\/2019\/09\/Cocina-de-cola-prestaciones-315&#215;210.jpg 315w&#8221;>\t\t\t\t\t\t\t\n<h2>\n\t <b>Prestaciones<\/b><br>\n\t<\/h2>\n\t\t\tControl\n\t\tLa aplicaci\u00f3n de control remoto nos permite tanto reformular preparaciones como estudiar los archivos hist\u00f3ricos.\n\t\t\tHist\u00f3ricos\n\t\tEl archivo de hist\u00f3ricos graba los valores de peso, tiempo, viscosidad y temperatura. Necesarios todos ellos para comprender una reacci\u00f3n de preparaci\u00f3n de almid\u00f3n.\n\t\t\tGr\u00e1ficas\n\t\tEl m\u00f3dulo de gr\u00e1ficas nos permite comparar la evoluci\u00f3n de los cuatro par\u00e1metros b\u00e1sicos conjuntamente.\n<h2>\n\tM\u00e1s <br><strong>ventajas<\/strong>\n\t<\/h2>\n<h4>\n\t\t\t<a href=\"https:\/\/www.warak.com\/cocinas-de-cola\/software-abierto\/\" title=\"Software abierto\" target=\"_self\" rel=\"noopener noreferrer\">\n\tSoftware abierto\n\t\t\t<\/a>\n\t<\/h4>\n\t<p>La programaci\u00f3n del PLC Siemens y su interficie HMI son abiertos.<\/p>\n<h4>\n\t\t\t<a href=\"https:\/\/www.warak.com\/cocinas-de-cola\/prestaciones\/\" title=\"Prestaciones\" target=\"_self\" rel=\"noopener noreferrer\">\n\tPrestaciones\n\t\t\t<\/a>\n\t<\/h4>\n\t<p>Capacidad de preparaci\u00f3n de hasta 2.000 litros en 30 minutos.<\/p>\n<\/div><!-- .vgblk-rw-wrapper -->","protected":false},"excerpt":{"rendered":"<p>Cocinas de cola dise\u00f1adas para el cart\u00f3n La capacidad de controlar remotamente todas las operaciones de la cocina supone una ventaja para la necesidad de cambios de formulaciones en una&#8230;<\/p>\n","protected":false},"author":1,"featured_media":21293,"parent":0,"menu_order":0,"comment_status":"closed","ping_status":"closed","template":"","meta":{"inline_featured_image":false,"_price":"","_stock":"","_tribe_ticket_header":"","_tribe_default_ticket_provider":"","_ticket_start_date":"","_ticket_end_date":"","_tribe_ticket_show_description":"","_tribe_ticket_show_not_going":false,"_tribe_ticket_use_global_stock":"","_tribe_ticket_global_stock_level":"","_global_stock_mode":"","_global_stock_cap":"","_tribe_rsvp_for_event":"","_tribe_ticket_going_count":"","_tribe_ticket_not_going_count":"","_tribe_tickets_list":"[]","_tribe_ticket_has_attendee_info_fields":false,"footnotes":""},"class_list":["post-21292","page","type-page","status-publish","has-post-thumbnail","hentry"],"_links":{"self":[{"href":"https:\/\/www.warak.com\/ca\/wp-json\/wp\/v2\/pages\/21292","targetHints":{"allow":["GET"]}}],"collection":[{"href":"https:\/\/www.warak.com\/ca\/wp-json\/wp\/v2\/pages"}],"about":[{"href":"https:\/\/www.warak.com\/ca\/wp-json\/wp\/v2\/types\/page"}],"author":[{"embeddable":true,"href":"https:\/\/www.warak.com\/ca\/wp-json\/wp\/v2\/users\/1"}],"replies":[{"embeddable":true,"href":"https:\/\/www.warak.com\/ca\/wp-json\/wp\/v2\/comments?post=21292"}],"version-history":[{"count":0,"href":"https:\/\/www.warak.com\/ca\/wp-json\/wp\/v2\/pages\/21292\/revisions"}],"wp:featuredmedia":[{"embeddable":true,"href":"https:\/\/www.warak.com\/ca\/wp-json\/wp\/v2\/media\/21293"}],"wp:attachment":[{"href":"https:\/\/www.warak.com\/ca\/wp-json\/wp\/v2\/media?parent=21292"}],"curies":[{"name":"wp","href":"https:\/\/api.w.org\/{rel}","templated":true}]}}