{"id":21583,"date":"2019-10-26T00:50:30","date_gmt":"2019-10-25T22:50:30","guid":{"rendered":"https:\/\/www.warak.com\/logistica-manutencion\/"},"modified":"2020-01-14T16:31:35","modified_gmt":"2020-01-14T15:31:35","slug":"logistica-manutencion","status":"publish","type":"page","link":"https:\/\/www.warak.com\/ca\/logistica-manutencion\/","title":{"rendered":"Log\u00edstica i manutenci\u00f3"},"content":{"rendered":"<div class=\"vgblk-rw-wrapper limit-wrapper\">\n<h2><strong>MANUTENCI\u00d3<\/strong><\/h2>\n\tL&#8217;automatizaci\u00f3 del transport i gesti\u00f3 de les piles de cartr\u00f3 a l&#8217;interior de les f\u00e0briques, pren cada dia m\u00e9s import\u00e0ncia degut a les exig\u00e8ncies de seguretat i control. Una bona planificaci\u00f3 en log\u00edstica i manutenci\u00f3 millora sustancialment la productivitat del parc de maquin\u00e0ria instal\u00b7lat.\n\t<h2>\u00daltim<br>\n<strong>Projecte<\/strong><\/h2>\n<h5>\n\tMagatzem Vertical &#8211; WIP\n\t<\/h5>\n\tEl nostre \u00faltim projecte ha sigut la nova f\u00e0brica del Grup Rossmann a Bucarest. Hem col\u00b7laborat en la construcci\u00f3 de la nova f\u00e0brica amb magatzem vertical autoportant de 18 metres d&#8217;al\u00e7ada i tota la instal\u00b7laci\u00f3 i controls de la log\u00edstica interna de f\u00e0brica des de l&#8217;onduladora fins expedicions.\n<h2>\n\tRomcarton &#8211; Rumania\n\t<\/h2>\n\t<p>Rossman Group<\/p>\n\t<a href=\"https:\/\/youtu.be\/ToXPj2OsAhc\" target=\"_blank\" role=\"button\" rel=\"noopener noreferrer\">\n\t\t\t\t\tVeure el Video\n\t<\/a>\n<h3>\n\tDespaletizadors de planxa fins a 4M\n\t<\/h3>\n\tEl despaletizador de piles de cartr\u00f3 \u00e9s epecialment \u00fatil pels transformadors que reben planxa de l&#8217;exterior i que han de processar internament a la secci\u00f3 de transformaci\u00f3. Aquest model despaletitza fins a 1,8T de cartr\u00f3 amb el seu empenyador i permet despaletitzar fins i tot piles de cartr\u00f3 compacte o cartronet.\n<h3>\n\tEstacions m\u00f2bils de c\u00e0rrega i desc\u00e0rrega de carretilles\n\t<\/h3>\n\tAquest tipus d&#8217;estacions permeten ajustar la separaci\u00f3 entre les cintes de pl\u00e0stic per adecuar el transport de la pila de cartr\u00f3 fins a la recollida per part de la carretilla.\n<h3>\n\tTransfer\u00e8ncia de 90\u00ba  XY pl\u00e0stic rodets\n\t<\/h3>\n\tPer transferir piles de cartr\u00f3 en escaires concrets de la f\u00e0brica, com ara sortides d&#8217;onduladora o de despaletitzadors. Aquest model \u00e9s especialment \u00fatil per piles de cartr\u00f3 de petites dimensions i inestables.\n<h3>\n\tTaula de gir a entrada carregador\n\t<\/h3>\n\tPer l&#8217;entrada a les m\u00e0quines de transformaci\u00f3 i en especial en el troquelat pla s&#8217;instal\u00b7len les cintes amb la possibilitat de gir de pila de 90\u00ba i de 180\u00ba de forma autom\u00e1tica.\n<h3>\n\tTaula de gir en rodet i pl\u00e0stic XY\n\t<\/h3>\n\tPer la gesti\u00f3 de reprocessos de cartr\u00f3 a diferents m\u00e0quines o adequaci\u00f3 de cartrons corbats que van a troquelat pla, s&#8217;instal\u00b7len les cintes amb la possibilitat de girar la pila 90 o 180\u00ba de forma autom\u00e0tica.\n<h3>\n\tCintes transportadores de pl\u00e0stic\n\t<\/h3>\n\tLes cintes transportadores d&#8217;acetal de Warak van motoritzades amb motor i variador incorporats a la bancada i control mitjan\u00e7ant xarxa profinet que permet la monitoritzaci\u00f3 remota. Base d&#8217;acetal amb fusta okume de baixa fricci\u00f3 que li dona una durabilitat de desenes d&#8217;anys.\n<h3>\n\tEstacions de c\u00e0rrega i desc\u00e0rrega a vertical\n\t<\/h3>\n\tLes estacions de c\u00e0rrega per la cap\u00e7alera del magatzem vertical estan dissenyades per aixecar fins a 3,5T de pes distribuit de forma no homog\u00e8nea per assegurar que aixequen la pila de manera fiable.\n<h3>\n\tPremses asim\u00e8triques\n\t<\/h3>\n\tLes premses asim\u00e8triques s&#8217;utilitzen pel compactat de les piles de cartr\u00f3 i la seva formaci\u00f3 de blocs per l&#8217;entrega al magatzem vertical intermig i els seu transport mitjan\u00e7ant els transelevadors. Les seves dimensions depenen de les dimensions m\u00e0ximes de la fulla de cartr\u00f3 que entrar\u00e0 dins el magatzem vertical.\n<h3>\n\tCarros de distribuci\u00f3 i separaci\u00f3\n\t<\/h3>\n\tEl carro de distribuci\u00f3 a la transformaci\u00f3 agafa els blocs de la sortida del magatzem vertical i entrega les piles a les m\u00e0quines de transformaci\u00f3.\n<h3>\n\tCarros de transfer\u00e8ncia\n\t<\/h3>\n\tEls carros de transfer\u00e8ncia incorporen diferents tipus de seguretats segons les velocitats. Des de doble radar a diferent al\u00e7ada del terra fins a radar d&#8217;emerg\u00e8ncia per topada.\n<h3>\n\tEmpenyadors i formadors de blocs\n\t<\/h3>\n\tLa formaci\u00f3 de blocs per carregar dins el magatzem vertical es realitza mitjan\u00e7ant l&#8217;agrupaci\u00f3 de piles de cartr\u00f3. La combinaci\u00f3 de les piles ens permet transportar un major n\u00famero de m2 per hora.\n<h3>\n\t\t\t<a href=\"https:\/\/youtu.be\/-Xv33RVS1X8\" title=\"Insertador de paletes dual\" target=\"_blank\" rel=\"noopener noreferrer\">\n\tInsertador de paletes dual\n\t\t\t<\/a>\n\t<\/h3>\n\tL&#8217;insertador de paletes \u00e9s dual, permet paletitzar individualment i tamb\u00e9 dos peletes iguals al mateix temps. El bra\u00e7 robot pot suministrar fins a 10 paletes diferents en dimensions d&#8217;ample, llarg i al\u00e7ada. Arriba a 90 paletes individuals per hora i 140 en distribuci\u00f3 dual.\n<strong><a href=\"https:\/\/youtu.be\/-Xv33RVS1X8\" target=\"_blank\" rel=\"noopener noreferrer\">Video aqu\u00ed.<\/a><\/strong>\n<h2>\n\tFluxe <br><strong>intralog\u00edstic<\/strong>\n\t<\/h2>\n<h4>\n\t\t\t<a href=\"https:\/\/www.warak.com\/almacen-vertical-carton-ondulado\/\" title=\"Magatzem WIP\" target=\"_self\" rel=\"noopener noreferrer\">\n\tMagatzem WIP\n\t\t\t<\/a>\n\t<\/h4>\n\t<p>Magatzematge vertical per producte intermig WIP.<\/p>\n<h4>\n\t\t\t<a href=\"https:\/\/www.warak.com\/software\/\" title=\"Software IMOVE\" target=\"_self\" rel=\"noopener noreferrer\">\n\tSoftware IMOVE\n\t\t\t<\/a>\n\t<\/h4>\n\t<p>Tra\u00e7abilitat total sense etiquetes.<\/p>\n<\/div><!-- .vgblk-rw-wrapper -->","protected":false},"excerpt":{"rendered":"<p>MANUTENCI\u00d3 L&#8217;automatizaci\u00f3 del transport i gesti\u00f3 de les piles de cartr\u00f3 a l&#8217;interior de les f\u00e0briques, pren cada dia m\u00e9s import\u00e0ncia degut a les exig\u00e8ncies de seguretat i control. Una&#8230;<\/p>\n","protected":false},"author":1,"featured_media":0,"parent":0,"menu_order":0,"comment_status":"closed","ping_status":"closed","template":"","meta":{"inline_featured_image":false,"_price":"","_stock":"","_tribe_ticket_header":"","_tribe_default_ticket_provider":"","_ticket_start_date":"","_ticket_end_date":"","_tribe_ticket_show_description":"","_tribe_ticket_show_not_going":false,"_tribe_ticket_use_global_stock":"","_tribe_ticket_global_stock_level":"","_global_stock_mode":"","_global_stock_cap":"","_tribe_rsvp_for_event":"","_tribe_ticket_going_count":"","_tribe_ticket_not_going_count":"","_tribe_tickets_list":"[]","_tribe_ticket_has_attendee_info_fields":false,"footnotes":""},"class_list":["post-21583","page","type-page","status-publish","hentry"],"_links":{"self":[{"href":"https:\/\/www.warak.com\/ca\/wp-json\/wp\/v2\/pages\/21583","targetHints":{"allow":["GET"]}}],"collection":[{"href":"https:\/\/www.warak.com\/ca\/wp-json\/wp\/v2\/pages"}],"about":[{"href":"https:\/\/www.warak.com\/ca\/wp-json\/wp\/v2\/types\/page"}],"author":[{"embeddable":true,"href":"https:\/\/www.warak.com\/ca\/wp-json\/wp\/v2\/users\/1"}],"replies":[{"embeddable":true,"href":"https:\/\/www.warak.com\/ca\/wp-json\/wp\/v2\/comments?post=21583"}],"version-history":[{"count":0,"href":"https:\/\/www.warak.com\/ca\/wp-json\/wp\/v2\/pages\/21583\/revisions"}],"wp:attachment":[{"href":"https:\/\/www.warak.com\/ca\/wp-json\/wp\/v2\/media?parent=21583"}],"curies":[{"name":"wp","href":"https:\/\/api.w.org\/{rel}","templated":true}]}}