{"id":20855,"date":"2019-10-24T11:16:56","date_gmt":"2019-10-24T09:16:56","guid":{"rendered":"https:\/\/www.warak.com\/ingenieria-carton-ondulado\/"},"modified":"2025-10-07T10:07:56","modified_gmt":"2025-10-07T08:07:56","slug":"ingenieria-carton-ondulado","status":"publish","type":"page","link":"https:\/\/www.warak.com\/de\/","title":{"rendered":"Ingenier\u00eda para cart\u00f3n ondulado"},"content":{"rendered":"<div class=\"vgblk-rw-wrapper limit-wrapper\">\n<h3>\n\t\t\t<a href=\"https:\/\/www.warak.com\/de\/maquinaria-de-carton-ondulado\/\" title=\"Wellpappenanlagen\" target=\"_self\">\n\tWellpappenanlagen\n\t\t\t<\/a>\n\t<\/h3>\n\t<p>Wir sind Vertreter der Marken von Maschinen f\u00fcr die Herstellung von Wellpappe, Wellpappenanlagen, Verarbeitung, Peripherieger\u00e4te und Zusatzger\u00e4te.<\/p>\n<h3>\n\t\t\t<a href=\"https:\/\/www.warak.com\/de\/almacen-vertical-manutencion\/\" title=\"Hochregallagerung und F\u00f6rdertechnik\" target=\"_self\">\n\tHochregallagerung und F\u00f6rdertechnik\n\t\t\t<\/a>\n\t<\/h3>\n\t<p>Planung und Herstellung von Hochregallagern f\u00fcr Zwischenprodukte, Software f\u00fcr Steuerung und Handling.<\/p>\n<h3>\n\t\t\t<a href=\"https:\/\/www.warak.com\/de\/cocinas-cola-carton-ondulado\/\" title=\"Leimk\u00fcchen\" target=\"_self\">\n\tLeimk\u00fcchen\n\t\t\t<\/a>\n\t<\/h3>\n\t<p>Modulare K\u00fcchen zur Herstellung von St\u00e4rkeleim, zugeschnitten auf die Bed\u00fcrfnisse unserer Kunden, schl\u00fcsselfertige Projekte.<\/p>\n<h3>\n\t\t\t<a href=\"https:\/\/www.warak.com\/de\/ingenieria-para-carton-ondulado\/\" title=\"Engineering\" target=\"_self\">\n\tEngineering\n\t\t\t<\/a>\n\t<\/h3>\n\t<p>Studien zur Optimierung von Produktionsst\u00e4tten, Planung neuer Fabriken, Einhaltung der Normen und Mitarbeiterschulungen.<\/p>\n<h5>\n\tWARAK\n\t<\/h5>\n\t<h1>Angewandte Technik <strong>f\u00fcr Wellpappe<\/strong><\/h1>\n\t<p>Der Sektor Wellpappe entwickelt sich best\u00e4ndig weiter, aber jeder Schritt bedeutet einen erheblichen Investitionsaufwand f\u00fcr die Unternehmen.<\/p>\n<p>Warak bietet den Wellpappeherstellern ein umfassendes L\u00f6sungspaket mit seiner mehr als 25-j\u00e4hrigen Erfahrung.<\/p>\n<p>W\u00e4hrend dieser Zeit haben wir eine praktische Vision entwickelt, die uns erm\u00f6glicht, den Ver\u00e4nderungen voraus zu sein und unseren Kunden die besten L\u00f6sungen anzubieten.<\/p>\n<p>&nbsp;<\/p>\n\t\t<iframe width=\"560\" height=\"400\" src=\"https:\/\/www.youtube.com\/embed\/gNTcuL8nzK4\" title=\"YouTube video player\" frameborder=\"0\" allow=\"accelerometer; autoplay; clipboard-write; encrypted-media; gyroscope; picture-in-picture\" allowfullscreen><\/iframe>\t\n\t<h2>Ma\u00dfgeschneiderte Projekte <strong>f\u00fcr unsere Kunden<\/strong><\/h2>\n\t\t\t\t<a href=\"https:\/\/www.grupohinojosa.com\/\" target=\"_blank\" rel=\"noopener\" itemprop=\"url\" title=\"Logos clientes warak\">\n\t\t\t\t\t\t\t<img fetchpriority=\"high\" fetchpriority=\"high\" decoding=\"async\" src=\"https:\/\/www.warak.com\/wp-content\/uploads\/2019\/09\/hinojosa-300x300.png\" alt=\"Logos clientes warak\" itemprop=\"image\" height=\"300\" width=\"300\" data-link-type=\"url\" title=\"Hinojosa packaging logo\" onerror=\"this.style.display='none'\"  sizes=\"(max-width: 768px) 100vw, 100vw\" srcset=\"https:\/\/www.warak.com\/wp-content\/uploads\/2019\/09\/hinojosa-300x300.png 300w, https:\/\/www.warak.com\/wp-content\/uploads\/2019\/09\/hinojosa-315x315.png 315w, https:\/\/www.warak.com\/wp-content\/uploads\/2019\/09\/hinojosa-100x100.png 100w, https:\/\/www.warak.com\/wp-content\/uploads\/2019\/09\/hinojosa-150x150.png 150w, https:\/\/www.warak.com\/wp-content\/uploads\/2019\/09\/hinojosa-420x420.png 420w, https:\/\/www.warak.com\/wp-content\/uploads\/2019\/09\/hinojosa.png 500w\" \/>\t\t\t\t\t\t<\/a>\n\t\t\t\t<a href=\"https:\/\/www.cartonajesbernabeu.com\/\" target=\"_blank\" rel=\"noopener\" itemprop=\"url\" title=\"Logos clientes warak\">\n\t\t\t\t\t\t\t<img decoding=\"async\" src=\"https:\/\/www.warak.com\/wp-content\/uploads\/2019\/09\/Bernabeu-300x300.png\" alt=\"Logos clientes warak\" itemprop=\"image\" height=\"300\" width=\"300\" data-link-type=\"url\" title=\"Bernabeu\" onerror=\"this.style.display='none'\"  sizes=\"(max-width: 768px) 100vw, 100vw\" srcset=\"https:\/\/www.warak.com\/wp-content\/uploads\/2019\/09\/Bernabeu-300x300.png 300w, https:\/\/www.warak.com\/wp-content\/uploads\/2019\/09\/Bernabeu-315x315.png 315w, https:\/\/www.warak.com\/wp-content\/uploads\/2019\/09\/Bernabeu-100x100.png 100w, https:\/\/www.warak.com\/wp-content\/uploads\/2019\/09\/Bernabeu-150x150.png 150w, https:\/\/www.warak.com\/wp-content\/uploads\/2019\/09\/Bernabeu-420x420.png 420w, https:\/\/www.warak.com\/wp-content\/uploads\/2019\/09\/Bernabeu.png 500w\" \/>\t\t\t\t\t\t<\/a>\n\t\t\t\t<a href=\"https:\/\/www.smurfitkappa.com\/es\" target=\"_blank\" rel=\"noopener\" itemprop=\"url\" title=\"Logos clientes warak\">\n\t\t\t\t\t\t\t<img decoding=\"async\" src=\"https:\/\/www.warak.com\/wp-content\/uploads\/2018\/01\/smurfit-logo-web-3985248574-300x300.png\" alt=\"Logos clientes warak\" itemprop=\"image\" height=\"300\" width=\"300\" data-link-type=\"url\" title=\"smurfit-logo-web-3985248574\" onerror=\"this.style.display='none'\"  sizes=\"(max-width: 768px) 100vw, 100vw\" srcset=\"https:\/\/www.warak.com\/wp-content\/uploads\/2018\/01\/smurfit-logo-web-3985248574-300x300.png 300w, https:\/\/www.warak.com\/wp-content\/uploads\/2018\/01\/smurfit-logo-web-3985248574-315x315.png 315w, https:\/\/www.warak.com\/wp-content\/uploads\/2018\/01\/smurfit-logo-web-3985248574-100x100.png 100w, https:\/\/www.warak.com\/wp-content\/uploads\/2018\/01\/smurfit-logo-web-3985248574-150x150.png 150w, https:\/\/www.warak.com\/wp-content\/uploads\/2018\/01\/smurfit-logo-web-3985248574-420x420.png 420w, https:\/\/www.warak.com\/wp-content\/uploads\/2018\/01\/smurfit-logo-web-3985248574.png 500w\" \/>\t\t\t\t\t\t<\/a>\n\t\t\t\t<a href=\"http:\/\/www.rossmann.ro\/\" target=\"_blank\" rel=\"noopener\" itemprop=\"url\" title=\"Engineered solutions for corrugated cardboard manufacturing, production and converting machinery, glue kitchen and work in progress vertical storage.\">\n\t\t\t\t\t\t\t<img loading=\"lazy\" loading=\"lazy\" decoding=\"async\" src=\"https:\/\/www.warak.com\/wp-content\/uploads\/2018\/01\/logo-romcarton-300x300.png\" alt=\"Engineered solutions for corrugated cardboard manufacturing, production and converting machinery, glue kitchen and work in progress vertical storage.\" itemprop=\"image\" height=\"300\" width=\"300\" data-link-type=\"url\" title=\"logo romcarton romania\" onerror=\"this.style.display='none'\"  sizes=\"auto, (max-width: 768px) 100vw, 100vw\" srcset=\"https:\/\/www.warak.com\/wp-content\/uploads\/2018\/01\/logo-romcarton-300x300.png 300w, https:\/\/www.warak.com\/wp-content\/uploads\/2018\/01\/logo-romcarton-315x315.png 315w, https:\/\/www.warak.com\/wp-content\/uploads\/2018\/01\/logo-romcarton-100x100.png 100w, https:\/\/www.warak.com\/wp-content\/uploads\/2018\/01\/logo-romcarton-150x150.png 150w, https:\/\/www.warak.com\/wp-content\/uploads\/2018\/01\/logo-romcarton-420x420.png 420w, https:\/\/www.warak.com\/wp-content\/uploads\/2018\/01\/logo-romcarton.png 500w\" \/>\t\t\t\t\t\t<\/a>\n\t\t\t\t\t\t\t<img loading=\"lazy\" loading=\"lazy\" decoding=\"async\" src=\"https:\/\/www.warak.com\/wp-content\/uploads\/2018\/01\/logo_cartonajes_petit.png\" alt=\"logo_cartonajes_petit\" itemprop=\"image\" height=\"114\" width=\"236\" title=\"logo_cartonajes_petit\" onerror=\"this.style.display='none'\"  sizes=\"auto, (max-width: 768px) 100vw, 100vw\"\/>\t\t\t\t\t\t\t\n\t\t\t\t\t\t\t<img loading=\"lazy\" loading=\"lazy\" decoding=\"async\" src=\"https:\/\/www.warak.com\/wp-content\/uploads\/2018\/01\/ds-smith-logo-300x203.png\" alt=\"ds smith logo\" itemprop=\"image\" height=\"203\" width=\"300\" title=\"ds smith logo\" onerror=\"this.style.display='none'\"  sizes=\"auto, (max-width: 768px) 100vw, 100vw\" srcset=\"https:\/\/www.warak.com\/wp-content\/uploads\/2018\/01\/ds-smith-logo-300x203.png 300w, https:\/\/www.warak.com\/wp-content\/uploads\/2018\/01\/ds-smith-logo-630x426.png 630w, https:\/\/www.warak.com\/wp-content\/uploads\/2018\/01\/ds-smith-logo-1024x692.png 1024w, https:\/\/www.warak.com\/wp-content\/uploads\/2018\/01\/ds-smith-logo-420x284.png 420w, https:\/\/www.warak.com\/wp-content\/uploads\/2018\/01\/ds-smith-logo-840x568.png 840w, https:\/\/www.warak.com\/wp-content\/uploads\/2018\/01\/ds-smith-logo-315x213.png 315w, https:\/\/www.warak.com\/wp-content\/uploads\/2018\/01\/ds-smith-logo.png 1200w\" \/>\t\t\t\t\t\t\t\n\n<\/div><!-- .vgblk-rw-wrapper -->","protected":false},"excerpt":{"rendered":"<p>Wellpappenanlagen Wir sind Vertreter der Marken von Maschinen f\u00fcr die Herstellung von Wellpappe, Wellpappenanlagen, Verarbeitung, Peripherieger\u00e4te und Zusatzger\u00e4te. Hochregallagerung und F\u00f6rdertechnik Planung und Herstellung von Hochregallagern f\u00fcr Zwischenprodukte, Software f\u00fcr&#8230;<\/p>\n","protected":false},"author":1,"featured_media":20856,"parent":0,"menu_order":0,"comment_status":"closed","ping_status":"closed","template":"","meta":{"inline_featured_image":false,"_price":"","_stock":"","_tribe_ticket_header":"","_tribe_default_ticket_provider":"","_ticket_start_date":"","_ticket_end_date":"","_tribe_ticket_show_description":"","_tribe_ticket_show_not_going":false,"_tribe_ticket_use_global_stock":"","_tribe_ticket_global_stock_level":"","_global_stock_mode":"","_global_stock_cap":"","_tribe_rsvp_for_event":"","_tribe_ticket_going_count":"","_tribe_ticket_not_going_count":"","_tribe_tickets_list":"[]","_tribe_ticket_has_attendee_info_fields":false,"footnotes":""},"class_list":["post-20855","page","type-page","status-publish","has-post-thumbnail","hentry"],"_links":{"self":[{"href":"https:\/\/www.warak.com\/de\/wp-json\/wp\/v2\/pages\/20855","targetHints":{"allow":["GET"]}}],"collection":[{"href":"https:\/\/www.warak.com\/de\/wp-json\/wp\/v2\/pages"}],"about":[{"href":"https:\/\/www.warak.com\/de\/wp-json\/wp\/v2\/types\/page"}],"author":[{"embeddable":true,"href":"https:\/\/www.warak.com\/de\/wp-json\/wp\/v2\/users\/1"}],"replies":[{"embeddable":true,"href":"https:\/\/www.warak.com\/de\/wp-json\/wp\/v2\/comments?post=20855"}],"version-history":[{"count":7,"href":"https:\/\/www.warak.com\/de\/wp-json\/wp\/v2\/pages\/20855\/revisions"}],"predecessor-version":[{"id":26094,"href":"https:\/\/www.warak.com\/de\/wp-json\/wp\/v2\/pages\/20855\/revisions\/26094"}],"wp:featuredmedia":[{"embeddable":true,"href":"https:\/\/www.warak.com\/de\/wp-json\/wp\/v2\/media\/20856"}],"wp:attachment":[{"href":"https:\/\/www.warak.com\/de\/wp-json\/wp\/v2\/media?parent=20855"}],"curies":[{"name":"wp","href":"https:\/\/api.w.org\/{rel}","templated":true}]}}