{"id":20908,"date":"2019-10-26T01:03:08","date_gmt":"2019-10-25T23:03:08","guid":{"rendered":"https:\/\/www.warak.com\/gemelo-digital\/"},"modified":"2025-10-07T10:10:09","modified_gmt":"2025-10-07T08:10:09","slug":"gemelo-digital","status":"publish","type":"page","link":"https:\/\/www.warak.com\/de\/gemelo-digital\/","title":{"rendered":"Pr\u00e4diktive Software f\u00fcr den intralogistischen Ablauf"},"content":{"rendered":"<div class=\"vgblk-rw-wrapper limit-wrapper\">\n<h1>\n\t\t\tPr\u00e4diktive Software f\u00fcr den<br \/><strong> intralogistischen Ablauf<\/strong>\t<\/h1>\n<h5>\n\tVirtuelle Umgebung f\u00fcr die Entscheidungsfindung\n\t<\/h5>\n\tWir realisieren Effizienzstudien der internen Fabriklogistik mithilfe unserer 3D-Simulationssoftware. Dank unserer Kenntnisse des Sektors und des Fabrikbetriebs in der Kartonproduktion sind wir in der Lage, einen\u00a0<strong>digitalen Zwilling<\/strong>\u00a0von Ihrer Fabrik auf Grundlage von realen Daten anzulegen und eine nahezu exakte Replik der ganzen Prozesse zu kreieren. Auf diese Weise k\u00f6nnen wir Stresstests, Simulationen, \u00c4nderungen bei den Maschinen, bei der Personalrotation&#8230;in einer virtuellen Umgebung durchf\u00fchren, um sie sp\u00e4ter in der realen Fabrik einzusetzen.\nMit den entsprechenden Informationen k\u00f6nnen wir\u00a0<strong>\u00c4nderungen an Ihren Installationen<\/strong>nachahmen, wie das Hinzuf\u00fcgen und \u00c4ndern von Maschinen, das Ersetzen eines Flachlagers durch ein Hochregallager oder eine Umgestaltung der gegenw\u00e4rtigen Konzeption. Sobald diese Szenarien projektiert sind, kalkulieren wir die Verbesserungen, die sie in der Jahresleistung Ihrer Fabrik bedeuten, was zuverl\u00e4ssige Daten liefert \u00fcber m\u00f6gliche\u00a0<strong>zuk\u00fcnftige Investitionen.<\/strong>\n<p>W\u00e4hrend des Simulationsprozesses ist es m\u00f6glich, st\u00e4ndig nachzukorrigieren oder neue Theorien zu testen, was die bestm\u00f6gliche Entscheidung beg\u00fcnstigt.<\/p>\n\t\t\t\t\t\t\t<img fetchpriority=\"high\" fetchpriority=\"high\" decoding=\"async\" src=\"https:\/\/www.warak.com\/wp-content\/uploads\/2019\/10\/gemelo-2.jpg\" alt=\"Gemelo digital fabrica cart\u00f3n ondulado\" itemprop=\"image\" height=\"1080\" width=\"1920\" title=\"Corrugated engineering\" onerror=\"this.style.display='none'\"  sizes=\"(max-width: 768px) 100vw, 100vw\" srcset=\"https:\/\/www.warak.com\/wp-content\/uploads\/2019\/10\/gemelo-2.jpg 1920w, https:\/\/www.warak.com\/wp-content\/uploads\/2019\/10\/gemelo-2-630x354.jpg 630w, https:\/\/www.warak.com\/wp-content\/uploads\/2019\/10\/gemelo-2-300x169.jpg 300w, https:\/\/www.warak.com\/wp-content\/uploads\/2019\/10\/gemelo-2-768x432.jpg 768w, https:\/\/www.warak.com\/wp-content\/uploads\/2019\/10\/gemelo-2-1024x576.jpg 1024w, https:\/\/www.warak.com\/wp-content\/uploads\/2019\/10\/gemelo-2-1260x709.jpg 1260w, https:\/\/www.warak.com\/wp-content\/uploads\/2019\/10\/gemelo-2-420x236.jpg 420w, https:\/\/www.warak.com\/wp-content\/uploads\/2019\/10\/gemelo-2-840x473.jpg 840w, https:\/\/www.warak.com\/wp-content\/uploads\/2019\/10\/gemelo-2-315x177.jpg 315w\" \/>\t\t\t\t\t\t\t\n<h2>\n\t <b>Verbesserungsbereiche<\/b>\n\t<\/h2>\n\t\t\tEngp\u00e4sse\n\t\tDurch die Tests \u00fcber den digitalen Zwilling k\u00f6nnen wir jene kritischen Punkte im internen Kreislauf des Kartons erkennen.\n\t\t\tLagerkapazit\u00e4t\n\t\tMit den realen Produktionsdaten der Kartonplatten k\u00f6nnen wir den Raum simulieren, der f\u00fcr den effizienten Betrieb sowohl der Wellpappenanlage als auch der Verarbeitung notwendig ist.\n\t\t\tSimulation von neuen Maschinen\n\t\tDie Simulation mit realen Daten erm\u00f6glicht uns, neue Maschinen einzubeziehen und zuverl\u00e4ssige Daten \u00fcber den Ablauf und die \u00c4nderungen in der Produktion zu erhalten.\n\t\t\tVerbesserungen der Planung:\n\t\tDie Analyse der Abl\u00e4ufe und der Lagerkapazit\u00e4t zusammen mit dem Maschinenpark erm\u00f6glicht uns, die Auftragsplanung in der Fabrik zu \u00fcberdenken.\n<h2>\n\tAndere<br \/> <b>Dienstleistungen<\/b>\n\t<\/h2>\n<h4>\n\t\t\t<a href=\"https:\/\/www.warak.com\/de\/ingenieria-consultoria-diseno-de-fabricas\/\" title=\"Planung von Produktionsst\u00e4tten\" target=\"_self\">\n\tPlanung von Produktionsst\u00e4tten\n\t\t\t<\/a>\n\t<\/h4>\n\tSchl\u00fcsselfertige Planungsprojekte bez\u00fcglich Produktion, Logistik, Lagerung und Versand.\n<h4>\n\t\t\t<a href=\"https:\/\/www.warak.com\/de\/ingenieria-consultoria\/mejoras-logistica\/\" title=\"Verbesserungen der Logistik\" target=\"_self\">\n\tVerbesserungen der Logistik\n\t\t\t<\/a>\n\t<\/h4>\n\tEin guter logistischer Ansatz ist der erste Schritt zur Kosteneinsparung in einer Kartonfabrik. Die Studie befasst sich mit der Planung von Konzepten, Effizienz der installierten Maschinen oder Schulung der Bedienpersonen in bew\u00e4hrten Praktiken.\n\n<\/div><!-- .vgblk-rw-wrapper -->","protected":false},"excerpt":{"rendered":"<p>Pr\u00e4diktive Software f\u00fcr den intralogistischen Ablauf Virtuelle Umgebung f\u00fcr die Entscheidungsfindung Wir realisieren Effizienzstudien der internen Fabriklogistik mithilfe unserer 3D-Simulationssoftware. Dank unserer Kenntnisse des Sektors und des Fabrikbetriebs in der&#8230;<\/p>\n","protected":false},"author":1,"featured_media":21834,"parent":0,"menu_order":0,"comment_status":"closed","ping_status":"closed","template":"","meta":{"inline_featured_image":false,"_price":"","_stock":"","_tribe_ticket_header":"","_tribe_default_ticket_provider":"","_ticket_start_date":"","_ticket_end_date":"","_tribe_ticket_show_description":"","_tribe_ticket_show_not_going":false,"_tribe_ticket_use_global_stock":"","_tribe_ticket_global_stock_level":"","_global_stock_mode":"","_global_stock_cap":"","_tribe_rsvp_for_event":"","_tribe_ticket_going_count":"","_tribe_ticket_not_going_count":"","_tribe_tickets_list":"[]","_tribe_ticket_has_attendee_info_fields":false,"footnotes":""},"class_list":["post-20908","page","type-page","status-publish","has-post-thumbnail","hentry"],"_links":{"self":[{"href":"https:\/\/www.warak.com\/de\/wp-json\/wp\/v2\/pages\/20908","targetHints":{"allow":["GET"]}}],"collection":[{"href":"https:\/\/www.warak.com\/de\/wp-json\/wp\/v2\/pages"}],"about":[{"href":"https:\/\/www.warak.com\/de\/wp-json\/wp\/v2\/types\/page"}],"author":[{"embeddable":true,"href":"https:\/\/www.warak.com\/de\/wp-json\/wp\/v2\/users\/1"}],"replies":[{"embeddable":true,"href":"https:\/\/www.warak.com\/de\/wp-json\/wp\/v2\/comments?post=20908"}],"version-history":[{"count":1,"href":"https:\/\/www.warak.com\/de\/wp-json\/wp\/v2\/pages\/20908\/revisions"}],"predecessor-version":[{"id":26097,"href":"https:\/\/www.warak.com\/de\/wp-json\/wp\/v2\/pages\/20908\/revisions\/26097"}],"wp:featuredmedia":[{"embeddable":true,"href":"https:\/\/www.warak.com\/de\/wp-json\/wp\/v2\/media\/21834"}],"wp:attachment":[{"href":"https:\/\/www.warak.com\/de\/wp-json\/wp\/v2\/media?parent=20908"}],"curies":[{"name":"wp","href":"https:\/\/api.w.org\/{rel}","templated":true}]}}