{"id":20949,"date":"2019-10-26T01:28:10","date_gmt":"2019-10-25T23:28:10","guid":{"rendered":"https:\/\/www.warak.com\/prestaciones\/"},"modified":"2020-01-10T12:19:06","modified_gmt":"2020-01-10T11:19:06","slug":"kleber-kuchenspezifikationen","status":"publish","type":"page","link":"https:\/\/www.warak.com\/de\/kleber-kuchenspezifikationen\/","title":{"rendered":"Kleber K\u00fcchenspezifikationen"},"content":{"rendered":"<div class=\"vgblk-rw-wrapper limit-wrapper\">\n<h2>\n\tLeimk\u00fcchen <br><b>konzipiert f\u00fcr Karton<\/b><br>\n\t<\/h2>\n\tUnsere umfassende Erfahrung in der Wellpappeherstellung mit verschiedenen St\u00e4rkeleimen hat es uns erm\u00f6glicht, eine K\u00fcche zur Herstellung von zuverl\u00e4ssigem Klebstoff in vielseitigen Formulierungen zu konzipieren. Ihre gro\u00dfe Zubereitungskapazit\u00e4t erm\u00f6glicht die Belieferung der neuesten Generation der Hochleistungs-Wellpappenanlagen in der Herstellung von zweiwelliger Wellpappe.\nDie installierten Kreisl\u00e4ufe sind vielseitig und verf\u00fcgen \u00fcber eine automatische Reinigung durch Lufteinblasung.\n<p>Ihre modulare Bauweise gestattet die Anpassung der Investition an Ihre Bed\u00fcrfnisse und erforderlichenfalls m\u00f6gliche Erweiterungen in der Zukunft.<\/p>\n<h2>\n\t <b>Leistungen<\/b><br>\n\t<\/h2>\n\t\t\tModularer Grundrahmen\n\t\tKonstruktion aus Edelstahl, was die Lebensdauer des Ger\u00e4ts verl\u00e4ngert. Je nach Raum kann sie gespiegelt gestaltet werden.\n\t\t\tKontrolle\n\t\tW\u00e4gezellen und Viskosimeter von hoher Pr\u00e4zision f\u00fcr bessere Wiederholbarkeit der Zubereitungen.\n\t\t\tReaktor\n\t\t25Kw-Drehstrommotor mit Zahnscheibenr\u00fchrer und zus\u00e4tzlicher oberer Turbine um die Zubereitungen zu verbessern und die R\u00fchrdauer zu verk\u00fcrzen bei 2000L in 30 Minuten.\n\t\t\tMaterialfluss\n\t\tVerwaltung der Lade- und Entladezyklen mit automatisch gesteuerten pneumatischen Elektroventilen.\n\t\t\tDosierung\n\t\tAdditivdosierpumpen inklusive. F\u00f6rderschnecke vom Silo oder big bag von hohem Transfervolumen, um die Ladezeit zu verringern.\n\t\t\tModularit\u00e4t\n\t\tAnpassungsf\u00e4hig an Module f\u00fcr Lagerbeh\u00e4lter. Vollst\u00e4ndig kundenspezifisch, um die beste Alternative zu gew\u00e4hrleisten.\n<h2>\n\tMehr <br><strong>Vorteile<\/strong>\n\t<\/h2>\n<h4>\n\t\t\t<a href=\"https:\/\/www.warak.com\/de\/cocinas-de-cola\/software-abierto\/\" title=\"Open Source Software\" target=\"_self\" rel=\"noopener noreferrer\">\n\tOpen Source Software\n\t\t\t<\/a>\n\t<\/h4>\n\t<p>Die Programmierung des PLC Siemens und seine HMI-Schnittstelle sind offen.<\/p>\n<h4>\n\t\t\t<a href=\"https:\/\/www.warak.com\/de\/cocina-cola-control-remoto-formulacion\/\" title=\"Remote-Steuerung\" target=\"_self\" rel=\"noopener noreferrer\">\n\tRemote-Steuerung\n\t\t\t<\/a>\n\t<\/h4>\n\t<p>M\u00f6glichkeit der Steuerung und \u00c4nderung der Formulierungen per Remote-Schaltung.<\/p>\n<\/div><!-- .vgblk-rw-wrapper -->","protected":false},"excerpt":{"rendered":"<p>Leimk\u00fcchen konzipiert f\u00fcr Karton Unsere umfassende Erfahrung in der Wellpappeherstellung mit verschiedenen St\u00e4rkeleimen hat es uns erm\u00f6glicht, eine K\u00fcche zur Herstellung von zuverl\u00e4ssigem Klebstoff in vielseitigen Formulierungen zu konzipieren. Ihre&#8230;<\/p>\n","protected":false},"author":1,"featured_media":20950,"parent":0,"menu_order":0,"comment_status":"closed","ping_status":"closed","template":"","meta":{"inline_featured_image":false,"_price":"","_stock":"","_tribe_ticket_header":"","_tribe_default_ticket_provider":"","_ticket_start_date":"","_ticket_end_date":"","_tribe_ticket_show_description":"","_tribe_ticket_show_not_going":false,"_tribe_ticket_use_global_stock":"","_tribe_ticket_global_stock_level":"","_global_stock_mode":"","_global_stock_cap":"","_tribe_rsvp_for_event":"","_tribe_ticket_going_count":"","_tribe_ticket_not_going_count":"","_tribe_tickets_list":"[]","_tribe_ticket_has_attendee_info_fields":false,"footnotes":""},"class_list":["post-20949","page","type-page","status-publish","has-post-thumbnail","hentry"],"_links":{"self":[{"href":"https:\/\/www.warak.com\/de\/wp-json\/wp\/v2\/pages\/20949","targetHints":{"allow":["GET"]}}],"collection":[{"href":"https:\/\/www.warak.com\/de\/wp-json\/wp\/v2\/pages"}],"about":[{"href":"https:\/\/www.warak.com\/de\/wp-json\/wp\/v2\/types\/page"}],"author":[{"embeddable":true,"href":"https:\/\/www.warak.com\/de\/wp-json\/wp\/v2\/users\/1"}],"replies":[{"embeddable":true,"href":"https:\/\/www.warak.com\/de\/wp-json\/wp\/v2\/comments?post=20949"}],"version-history":[{"count":0,"href":"https:\/\/www.warak.com\/de\/wp-json\/wp\/v2\/pages\/20949\/revisions"}],"wp:featuredmedia":[{"embeddable":true,"href":"https:\/\/www.warak.com\/de\/wp-json\/wp\/v2\/media\/20950"}],"wp:attachment":[{"href":"https:\/\/www.warak.com\/de\/wp-json\/wp\/v2\/media?parent=20949"}],"curies":[{"name":"wp","href":"https:\/\/api.w.org\/{rel}","templated":true}]}}