{"id":20952,"date":"2019-10-26T01:31:48","date_gmt":"2019-10-25T23:31:48","guid":{"rendered":"https:\/\/www.warak.com\/software-abierto-para-distintas-formulaciones\/"},"modified":"2019-12-17T12:32:59","modified_gmt":"2019-12-17T11:32:59","slug":"software-abierto-para-distintas-formulaciones","status":"publish","type":"page","link":"https:\/\/www.warak.com\/de\/software-abierto-para-distintas-formulaciones\/","title":{"rendered":"Software abierto para distintas formulaciones"},"content":{"rendered":"<div class=\"vgblk-rw-wrapper limit-wrapper\"><h2>\n\tAuf Ma\u00df und mit <br \/><strong> mit Open Source Software <\/strong>\n\t<\/h2>\n\tDer von unserem Lieferanten Inautec f\u00fcr die Leimk\u00fcchen entworfene Schrank beinhaltet ein v\u00f6llig automatisches Multiprocessing-System, mit dem Leime der Typen Stein Hall, Minocar und OBM mit einem integrierten Steuerungssystem &#8211; PLC, HMI, PC zubereitet werden k\u00f6nnen, all dies mit einer leichten und intuitiven Nutzerschnittstelle.<br \/>\nDer Schrank integriert Steuerelemente in Echtzeit wie Durchflussmesser, Viskosimeter, etc&#8230;die es erm\u00f6glichen, Leimzubereitungen auf zuverl\u00e4ssige und wiederholbare Weise automatisch, ohne die Formulierungen erneuern zu m\u00fcssen.\n\n<p>&nbsp;<\/p>\n\t\t\t\t\t\t\t\t\t\t<img fetchpriority=\"high\" decoding=\"async\" src=\"https:\/\/www.warak.com\/wp-content\/uploads\/2019\/09\/Cocina-cola-2.jpg\" alt=\"Engineered solutions for corrugated cardboard manufacturing, production and converting machinery, glue kitchen and work in progress vertical storage.\" itemprop=\"image\" height=\"1080\" width=\"1920\" title=\"Cocina-cola-2\" onerror=\"this.style.display='none'\"  sizes=\"(max-width: 768px) 100vw, 100vw\" srcset=\"data:image\/svg+xml;utf8,&lt;svg%20xmlns=&quot;http:\/\/www.w3.org\/2000\/svg&quot;%20viewBox=&quot;0%200%201920%201080&quot;%20height=&quot;1080px&quot;%20width=&quot;1920px&quot;\/&gt;\" data-srcset=\"https:\/\/www.warak.com\/wp-content\/uploads\/2019\/09\/Cocina-cola-2.jpg 1920w, https:\/\/www.warak.com\/wp-content\/uploads\/2019\/09\/Cocina-cola-2-300x169.jpg 300w, https:\/\/www.warak.com\/wp-content\/uploads\/2019\/09\/Cocina-cola-2-768x432.jpg 768w, https:\/\/www.warak.com\/wp-content\/uploads\/2019\/09\/Cocina-cola-2-1024x576.jpg 1024w, https:\/\/www.warak.com\/wp-content\/uploads\/2019\/09\/Cocina-cola-2-1260x709.jpg 1260w, https:\/\/www.warak.com\/wp-content\/uploads\/2019\/09\/Cocina-cola-2-630x354.jpg 630w, https:\/\/www.warak.com\/wp-content\/uploads\/2019\/09\/Cocina-cola-2-420x236.jpg 420w, https:\/\/www.warak.com\/wp-content\/uploads\/2019\/09\/Cocina-cola-2-840x473.jpg 840w, https:\/\/www.warak.com\/wp-content\/uploads\/2019\/09\/Cocina-cola-2-315x177.jpg 315w\" \/>\t\t\t\t\t\t\t\n<h2>\n\t<strong>Ventajas<\/strong>\n\t<\/h2>\n\t\t\tAutomatisches Multiprocessing-System\n\t\tDer PLC erm\u00f6glicht mehrere Komponenten gleichzeitig zu dosieren und dabei die Reaktion in der Zubereitung zu kontrollieren.\n\t\t\tSteuerung in Echtzeit\n\t\tDas Programm PLC lernt von den Abweichungsermittlung von ein- und derselben Formulierung, auf diese Weise sind die nachfolgenden Zubereitungen pr\u00e4ziser.\n\t\t\tVerbrauchsprotokolle\n\t\tDie Datenprotokolle erm\u00f6glichen es uns, die Zeit, die Viskosit\u00e4t, das Gewicht und die Temperatur von jeder Zubereitung in Grafiken zu visualisieren.\n\t\t\tVielseitigkeit\n\t\t<p>M\u00f6glichkeit direkt mit dem Silo von bis zu 90 Tonnen zu arbeiten und mit einer Station von big bags von 1 Tonne unter Verwendung von automatischen F\u00f6rderschnecken.<\/p>\n<h2>\n\tMehr<br \/><strong>Vorteile<\/strong>\n\t<\/h2>\n<h4>\n\t\t\t<a href=\"https:\/\/www.warak.com\/de\/cocinas-de-cola\/prestaciones\/\" title=\"Leistungen\" target=\"_self\" rel=\"noopener noreferrer\">\n\tLeistungen\n\t\t\t<\/a>\n\t<\/h4>\n\t<p>Zubereitungskapazit\u00e4t von bis zu 2.000 Litern in 30 Minuten.<\/p>\n<h4>\n\t\t\t<a href=\"https:\/\/www.warak.com\/de\/cocina-cola-control-remoto-formulacion\/\" title=\"Remote-Steuerung\" target=\"_self\" rel=\"noopener noreferrer\">\n\tRemote-Steuerung\n\t\t\t<\/a>\n\t<\/h4>\n\t<p>M\u00f6glichkeit der Steuerung und \u00c4nderung der Formulierungen per Remote-Schaltung.<\/p>\n<\/div><!-- .vgblk-rw-wrapper -->","protected":false},"excerpt":{"rendered":"<p>Auf Ma\u00df und mit mit Open Source Software Der von unserem Lieferanten Inautec f\u00fcr die Leimk\u00fcchen entworfene Schrank beinhaltet ein v\u00f6llig automatisches Multiprocessing-System, mit dem Leime der Typen Stein Hall,&#8230;<\/p>\n","protected":false},"author":1,"featured_media":0,"parent":0,"menu_order":0,"comment_status":"closed","ping_status":"closed","template":"","meta":{"inline_featured_image":false,"_price":"","_stock":"","_tribe_ticket_header":"","_tribe_default_ticket_provider":"","_ticket_start_date":"","_ticket_end_date":"","_tribe_ticket_show_description":"","_tribe_ticket_show_not_going":false,"_tribe_ticket_use_global_stock":"","_tribe_ticket_global_stock_level":"","_global_stock_mode":"","_global_stock_cap":"","_tribe_rsvp_for_event":"","_tribe_ticket_going_count":"","_tribe_ticket_not_going_count":"","_tribe_tickets_list":"[]","_tribe_ticket_has_attendee_info_fields":false,"footnotes":""},"class_list":["post-20952","page","type-page","status-publish","hentry"],"_links":{"self":[{"href":"https:\/\/www.warak.com\/de\/wp-json\/wp\/v2\/pages\/20952","targetHints":{"allow":["GET"]}}],"collection":[{"href":"https:\/\/www.warak.com\/de\/wp-json\/wp\/v2\/pages"}],"about":[{"href":"https:\/\/www.warak.com\/de\/wp-json\/wp\/v2\/types\/page"}],"author":[{"embeddable":true,"href":"https:\/\/www.warak.com\/de\/wp-json\/wp\/v2\/users\/1"}],"replies":[{"embeddable":true,"href":"https:\/\/www.warak.com\/de\/wp-json\/wp\/v2\/comments?post=20952"}],"version-history":[{"count":0,"href":"https:\/\/www.warak.com\/de\/wp-json\/wp\/v2\/pages\/20952\/revisions"}],"wp:attachment":[{"href":"https:\/\/www.warak.com\/de\/wp-json\/wp\/v2\/media?parent=20952"}],"curies":[{"name":"wp","href":"https:\/\/api.w.org\/{rel}","templated":true}]}}