{"id":20954,"date":"2019-10-26T01:36:43","date_gmt":"2019-10-25T23:36:43","guid":{"rendered":"https:\/\/www.warak.com\/cocina-cola-control-remoto-formulacion\/"},"modified":"2019-12-17T12:52:06","modified_gmt":"2019-12-17T11:52:06","slug":"cocina-cola-control-remoto-formulacion","status":"publish","type":"page","link":"https:\/\/www.warak.com\/de\/cocina-cola-control-remoto-formulacion\/","title":{"rendered":"Control remoto"},"content":{"rendered":"<div class=\"vgblk-rw-wrapper limit-wrapper\"><h2>\n\tLeimk\u00fcchen <br><b>konzipiert f\u00fcr Karton <\/b><\/br>\n\t<\/h2>\n\tDie M\u00f6glichkeit alle Arbeitsabl\u00e4ufe der K\u00fcche per Remote-Steuerung abzuwickeln bedeutet einen Vorteil f\u00fcr den \u00c4nderungsbedarf der Formulierungen bei einer Wellpappenanlage. Das Ablaufprotokoll, das die Werte von jeder Zubereitung in Grafiken anzeigt, erm\u00f6glicht Zwischenf\u00e4lle bei den verschiedenen Formulierungen remote zu analysieren. So wird die wirtschaftliche Auswirkung des technischen Services im Werk reduziert.\n<p>&nbsp;<\/p>\n\t\t\t\t\t\t\t\t\t\t<img fetchpriority=\"high\" decoding=\"async\" src=\"https:\/\/www.warak.com\/wp-content\/uploads\/2019\/09\/Cocina-de-cola-prestaciones.jpg\" alt=\"glue kitchen starch\" itemprop=\"image\" height=\"1080\" width=\"1620\" title=\"Cocina-de-cola-prestaciones\" onerror=\"this.style.display='none'\"  sizes=\"(max-width: 768px) 100vw, 100vw\" srcset=\"data:image\/svg+xml;utf8,&lt;svg%20xmlns=&quot;http:\/\/www.w3.org\/2000\/svg&quot;%20viewBox=&quot;0%200%201620%201080&quot;%20height=&quot;1080px&quot;%20width=&quot;1620px&quot;\/&gt;\" data-srcset=\"https:\/\/www.warak.com\/wp-content\/uploads\/2019\/09\/Cocina-de-cola-prestaciones.jpg 1620w, https:\/\/www.warak.com\/wp-content\/uploads\/2019\/09\/Cocina-de-cola-prestaciones-300x200.jpg 300w, https:\/\/www.warak.com\/wp-content\/uploads\/2019\/09\/Cocina-de-cola-prestaciones-768x512.jpg 768w, https:\/\/www.warak.com\/wp-content\/uploads\/2019\/09\/Cocina-de-cola-prestaciones-1024x683.jpg 1024w, https:\/\/www.warak.com\/wp-content\/uploads\/2019\/09\/Cocina-de-cola-prestaciones-1260x840.jpg 1260w, https:\/\/www.warak.com\/wp-content\/uploads\/2019\/09\/Cocina-de-cola-prestaciones-630x420.jpg 630w, https:\/\/www.warak.com\/wp-content\/uploads\/2019\/09\/Cocina-de-cola-prestaciones-420x280.jpg 420w, https:\/\/www.warak.com\/wp-content\/uploads\/2019\/09\/Cocina-de-cola-prestaciones-840x560.jpg 840w, https:\/\/www.warak.com\/wp-content\/uploads\/2019\/09\/Cocina-de-cola-prestaciones-315x210.jpg 315w\" \/>\t\t\t\t\t\t\t\n<h2>\n\t <b>Leistungen<\/b><\/br>\n\t<\/h2>\n\t\t\tSteuerung\n\t\tDie Anwendung der Remote-Steuerung erm\u00f6glicht uns sowohl das Umformulieren der Zubereitungen als auch die Einsicht in die Ablaufprotokolle.\n\t\t\tProtokolle\n\t\tDie Ablaufprotokolle speichern die Werte von Gewicht, Zeit, Viskosit\u00e4t und Temperatur. All diese sind notwendig, um eine Zubereitungsreaktion des St\u00e4rkeleims zu verstehen.\n\t\t\tGrafiken\n\t\t<p>Das Modul der Grafiken erm\u00f6glicht uns, die Entwicklung der vier Grundparameter zusammen zu vergleichen.<\/p>\n<h2>\n\tMehr<br \/><strong>Vorteile<\/strong>\n\t<\/h2>\n<h4>\n\t\t\t<a href=\"https:\/\/www.warak.com\/de\/cocinas-de-cola\/software-abierto\/\" title=\"Open Source Software\" target=\"_self\" rel=\"noopener noreferrer\">\n\tOpen Source Software\n\t\t\t<\/a>\n\t<\/h4>\n\t<p>Die Programmierung des PLC Siemens und seine HMI-Schnittstelle sind offen.<\/p>\n<h4>\n\t\t\t<a href=\"https:\/\/www.warak.com\/de\/cocinas-de-cola\/prestaciones\/\" title=\"Leistungen\" target=\"_self\" rel=\"noopener noreferrer\">\n\tLeistungen\n\t\t\t<\/a>\n\t<\/h4>\n\t<p>Zubereitungskapazit\u00e4t von bis zu 2.000 Litern in 30 Minuten.<\/p>\n<\/div><!-- .vgblk-rw-wrapper -->","protected":false},"excerpt":{"rendered":"<p>Leimk\u00fcchen konzipiert f\u00fcr Karton Die M\u00f6glichkeit alle Arbeitsabl\u00e4ufe der K\u00fcche per Remote-Steuerung abzuwickeln bedeutet einen Vorteil f\u00fcr den \u00c4nderungsbedarf der Formulierungen bei einer Wellpappenanlage. Das Ablaufprotokoll, das die Werte von&#8230;<\/p>\n","protected":false},"author":1,"featured_media":20955,"parent":0,"menu_order":0,"comment_status":"closed","ping_status":"closed","template":"","meta":{"inline_featured_image":false,"_price":"","_stock":"","_tribe_ticket_header":"","_tribe_default_ticket_provider":"","_ticket_start_date":"","_ticket_end_date":"","_tribe_ticket_show_description":"","_tribe_ticket_show_not_going":false,"_tribe_ticket_use_global_stock":"","_tribe_ticket_global_stock_level":"","_global_stock_mode":"","_global_stock_cap":"","_tribe_rsvp_for_event":"","_tribe_ticket_going_count":"","_tribe_ticket_not_going_count":"","_tribe_tickets_list":"[]","_tribe_ticket_has_attendee_info_fields":false,"footnotes":""},"class_list":["post-20954","page","type-page","status-publish","has-post-thumbnail","hentry"],"_links":{"self":[{"href":"https:\/\/www.warak.com\/de\/wp-json\/wp\/v2\/pages\/20954","targetHints":{"allow":["GET"]}}],"collection":[{"href":"https:\/\/www.warak.com\/de\/wp-json\/wp\/v2\/pages"}],"about":[{"href":"https:\/\/www.warak.com\/de\/wp-json\/wp\/v2\/types\/page"}],"author":[{"embeddable":true,"href":"https:\/\/www.warak.com\/de\/wp-json\/wp\/v2\/users\/1"}],"replies":[{"embeddable":true,"href":"https:\/\/www.warak.com\/de\/wp-json\/wp\/v2\/comments?post=20954"}],"version-history":[{"count":0,"href":"https:\/\/www.warak.com\/de\/wp-json\/wp\/v2\/pages\/20954\/revisions"}],"wp:featuredmedia":[{"embeddable":true,"href":"https:\/\/www.warak.com\/de\/wp-json\/wp\/v2\/media\/20955"}],"wp:attachment":[{"href":"https:\/\/www.warak.com\/de\/wp-json\/wp\/v2\/media?parent=20954"}],"curies":[{"name":"wp","href":"https:\/\/api.w.org\/{rel}","templated":true}]}}