{"id":19885,"date":"2019-10-25T23:32:52","date_gmt":"2019-10-25T21:32:52","guid":{"rendered":"https:\/\/www.warak.com\/ingenieria-para-carton-ondulado\/"},"modified":"2025-09-09T09:34:20","modified_gmt":"2025-09-09T07:34:20","slug":"ingenierie-carton-ondule","status":"publish","type":"page","link":"https:\/\/www.warak.com\/fr\/ingenierie-carton-ondule\/","title":{"rendered":"ing\u00e9nierie du carton ondul\u00e9"},"content":{"rendered":"<div class=\"vgblk-rw-wrapper limit-wrapper\">\n<h3>\n\t\t\t<a href=\"https:\/\/www.warak.com\/fr\/jumeau-numerique\/\" title=\"Jumeau num\u00e9rique de votre site de production\" target=\"_self\" rel=\"noopener noreferrer\">\n\tJumeau num\u00e9rique de votre site de production\n\t\t\t<\/a>\n\t<\/h3>\n\t<p>Simulation de l\u2019usine en 3D avec donn\u00e9es r\u00e9elles de production en vue d\u2019identifier les points \u00e0 am\u00e9liorer et les processus non rentables.<\/p>\n<h3>\n\t\t\t<a href=\"https:\/\/www.warak.com\/fr\/conception-sites-production\/\" title=\"Conception de sites de production\" target=\"_self\" rel=\"noopener noreferrer\">\n\tConception de sites de production\n\t\t\t<\/a>\n\t<\/h3>\n\t<p>Projets de conception cl\u00e9 en main, englobant la partie production, logistique et stockage et exp\u00e9dition du produit fini.<\/p>\n<h3>\n\t\t\t<a href=\"https:\/\/www.warak.com\/amelioration-continue-logistique\" title=\"Am\u00e9lioration continue en logistique\" target=\"_self\" rel=\"noopener noreferrer\">\n\tAm\u00e9lioration continue en logistique\n\t\t\t<\/a>\n\t<\/h3>\n\t<p>Recherche de solutions via l\u2019\u00e9tude des processus de chaque site de production et \u00e9laboration de solutions bas\u00e9es sur leur capacit\u00e9.<\/p>\n<p>&nbsp;<\/p>\n<\/div><!-- .vgblk-rw-wrapper -->","protected":false},"excerpt":{"rendered":"<p>Jumeau num\u00e9rique de votre site de production Simulation de l\u2019usine en 3D avec donn\u00e9es r\u00e9elles de production en vue d\u2019identifier les points \u00e0 am\u00e9liorer et les processus non rentables. Conception&#8230;<\/p>\n","protected":false},"author":1,"featured_media":19881,"parent":0,"menu_order":0,"comment_status":"closed","ping_status":"closed","template":"","meta":{"inline_featured_image":false,"_price":"","_stock":"","_tribe_ticket_header":"","_tribe_default_ticket_provider":"","_ticket_start_date":"","_ticket_end_date":"","_tribe_ticket_show_description":"","_tribe_ticket_show_not_going":false,"_tribe_ticket_use_global_stock":"","_tribe_ticket_global_stock_level":"","_global_stock_mode":"","_global_stock_cap":"","_tribe_rsvp_for_event":"","_tribe_ticket_going_count":"","_tribe_ticket_not_going_count":"","_tribe_tickets_list":"[]","_tribe_ticket_has_attendee_info_fields":false,"footnotes":""},"class_list":["post-19885","page","type-page","status-publish","has-post-thumbnail","hentry"],"_links":{"self":[{"href":"https:\/\/www.warak.com\/fr\/wp-json\/wp\/v2\/pages\/19885","targetHints":{"allow":["GET"]}}],"collection":[{"href":"https:\/\/www.warak.com\/fr\/wp-json\/wp\/v2\/pages"}],"about":[{"href":"https:\/\/www.warak.com\/fr\/wp-json\/wp\/v2\/types\/page"}],"author":[{"embeddable":true,"href":"https:\/\/www.warak.com\/fr\/wp-json\/wp\/v2\/users\/1"}],"replies":[{"embeddable":true,"href":"https:\/\/www.warak.com\/fr\/wp-json\/wp\/v2\/comments?post=19885"}],"version-history":[{"count":3,"href":"https:\/\/www.warak.com\/fr\/wp-json\/wp\/v2\/pages\/19885\/revisions"}],"predecessor-version":[{"id":25815,"href":"https:\/\/www.warak.com\/fr\/wp-json\/wp\/v2\/pages\/19885\/revisions\/25815"}],"wp:featuredmedia":[{"embeddable":true,"href":"https:\/\/www.warak.com\/fr\/wp-json\/wp\/v2\/media\/19881"}],"wp:attachment":[{"href":"https:\/\/www.warak.com\/fr\/wp-json\/wp\/v2\/media?parent=19885"}],"curies":[{"name":"wp","href":"https:\/\/api.w.org\/{rel}","templated":true}]}}