{"id":19893,"date":"2019-10-25T23:38:03","date_gmt":"2019-10-25T21:38:03","guid":{"rendered":"https:\/\/www.warak.com\/cocinas-cola-carton-ondulado\/"},"modified":"2025-10-07T09:51:30","modified_gmt":"2025-10-07T07:51:30","slug":"cuisines-preparation-colle","status":"publish","type":"page","link":"https:\/\/www.warak.com\/fr\/cuisines-preparation-colle\/","title":{"rendered":"Cuisines preparation colle"},"content":{"rendered":"<div class=\"vgblk-rw-wrapper limit-wrapper\">\n<h1>\n\t\t\tCuisines preparation colle\t<\/h1>\n\t<p>L&rsquo;exp\u00e9rience de plus de 20 ans dans l&rsquo;application des amidons dans les onduleuses nous a permis de concevoir, fabriquer et installer des cuisines pour la pr\u00e9paration d&rsquo;amidons dans des onduleuses hautes performances. Cuisines modulaires ou cuisines adapt\u00e9es aux besoins de chaque client, toujours avec le professionnalisme et l&rsquo;exp\u00e9rience de nos sp\u00e9cialistes.<\/p>\n<p>Pour plus d&rsquo;informations, consultez notre site sp\u00e9cialis\u00e9: <a href=\"https:\/\/warakteknic.com\/fr\/\" target=\"_blank\" rel=\"noopener\">Warakteknic<\/a><\/p>\n\n<\/div><!-- .vgblk-rw-wrapper -->","protected":false},"excerpt":{"rendered":"<p>Cuisines preparation colle L&rsquo;exp\u00e9rience de plus de 20 ans dans l&rsquo;application des amidons dans les onduleuses nous a permis de concevoir, fabriquer et installer des cuisines pour la pr\u00e9paration d&rsquo;amidons&#8230;<\/p>\n","protected":false},"author":1,"featured_media":19881,"parent":0,"menu_order":0,"comment_status":"closed","ping_status":"closed","template":"","meta":{"inline_featured_image":false,"_price":"","_stock":"","_tribe_ticket_header":"","_tribe_default_ticket_provider":"","_ticket_start_date":"","_ticket_end_date":"","_tribe_ticket_show_description":"","_tribe_ticket_show_not_going":false,"_tribe_ticket_use_global_stock":"","_tribe_ticket_global_stock_level":"","_global_stock_mode":"","_global_stock_cap":"","_tribe_rsvp_for_event":"","_tribe_ticket_going_count":"","_tribe_ticket_not_going_count":"","_tribe_tickets_list":"[]","_tribe_ticket_has_attendee_info_fields":false,"footnotes":""},"class_list":["post-19893","page","type-page","status-publish","has-post-thumbnail","hentry"],"_links":{"self":[{"href":"https:\/\/www.warak.com\/fr\/wp-json\/wp\/v2\/pages\/19893","targetHints":{"allow":["GET"]}}],"collection":[{"href":"https:\/\/www.warak.com\/fr\/wp-json\/wp\/v2\/pages"}],"about":[{"href":"https:\/\/www.warak.com\/fr\/wp-json\/wp\/v2\/types\/page"}],"author":[{"embeddable":true,"href":"https:\/\/www.warak.com\/fr\/wp-json\/wp\/v2\/users\/1"}],"replies":[{"embeddable":true,"href":"https:\/\/www.warak.com\/fr\/wp-json\/wp\/v2\/comments?post=19893"}],"version-history":[{"count":1,"href":"https:\/\/www.warak.com\/fr\/wp-json\/wp\/v2\/pages\/19893\/revisions"}],"predecessor-version":[{"id":26076,"href":"https:\/\/www.warak.com\/fr\/wp-json\/wp\/v2\/pages\/19893\/revisions\/26076"}],"wp:featuredmedia":[{"embeddable":true,"href":"https:\/\/www.warak.com\/fr\/wp-json\/wp\/v2\/media\/19881"}],"wp:attachment":[{"href":"https:\/\/www.warak.com\/fr\/wp-json\/wp\/v2\/media?parent=19893"}],"curies":[{"name":"wp","href":"https:\/\/api.w.org\/{rel}","templated":true}]}}