{"id":19904,"date":"2019-10-26T00:58:30","date_gmt":"2019-10-25T22:58:30","guid":{"rendered":"https:\/\/www.warak.com\/estudio-viabilidad-vertical\/"},"modified":"2025-10-07T09:50:59","modified_gmt":"2025-10-07T07:50:59","slug":"etude-viabilite","status":"publish","type":"page","link":"https:\/\/www.warak.com\/fr\/etude-viabilite\/","title":{"rendered":"Etud\u00e9 de viabilit\u00e9"},"content":{"rendered":"<div class=\"vgblk-rw-wrapper limit-wrapper\">\n\n\t<h1>Votre soci\u00e9t\u00e9 remplit les conditions pour int\u00e9grer un <strong>stockage vertical\u00a0?<\/strong><\/h1>\n<h3>\n\t\u00c9tude de viabilit\u00e9 en 3 semaines.\n\t<\/h3>\n\tNous effectuons une \u00e9tude de viabilit\u00e9 bas\u00e9e sur vos donn\u00e9es r\u00e9elles de production et vos installations et dans un d\u00e9lai de 3 semaines, nous calculons les frais engendr\u00e9s par le passage d&rsquo;un syst\u00e8me d&rsquo;entreposage horizontal \u00e0 un stockage vertical.\n\u00c0 partir de 50 millions de m2 de surface utilis\u00e9e, nos calculs pr\u00e9voient un rapide retour sur investissement. Pour plus d&rsquo;informations, veuillez <strong>contacter notre service commercial<\/strong> et faites une demande de rapport de viabilit\u00e9 pour votre soci\u00e9t\u00e9.\n\t\t\t\t\t\t\t<img fetchpriority=\"high\" fetchpriority=\"high\" decoding=\"async\" src=\"https:\/\/www.warak.com\/wp-content\/uploads\/2019\/09\/Logistica-4.jpg\" alt=\"estudio viabilidad vertical\" itemprop=\"image\" height=\"1080\" width=\"1920\" title=\"Vertical storage for corrugated\" onerror=\"this.style.display='none'\"  sizes=\"(max-width: 768px) 100vw, 100vw\" srcset=\"https:\/\/www.warak.com\/wp-content\/uploads\/2019\/09\/Logistica-4.jpg 1920w, https:\/\/www.warak.com\/wp-content\/uploads\/2019\/09\/Logistica-4-630x354.jpg 630w, https:\/\/www.warak.com\/wp-content\/uploads\/2019\/09\/Logistica-4-300x169.jpg 300w, https:\/\/www.warak.com\/wp-content\/uploads\/2019\/09\/Logistica-4-768x432.jpg 768w, https:\/\/www.warak.com\/wp-content\/uploads\/2019\/09\/Logistica-4-1024x576.jpg 1024w, https:\/\/www.warak.com\/wp-content\/uploads\/2019\/09\/Logistica-4-1260x709.jpg 1260w, https:\/\/www.warak.com\/wp-content\/uploads\/2019\/09\/Logistica-4-420x236.jpg 420w, https:\/\/www.warak.com\/wp-content\/uploads\/2019\/09\/Logistica-4-840x473.jpg 840w, https:\/\/www.warak.com\/wp-content\/uploads\/2019\/09\/Logistica-4-315x177.jpg 315w\" \/>\t\t\t\t\t\t\t\n\t<h2>Quel est votre<br \/>\n<strong>co\u00fbt d&rsquo;opportunit\u00e9\u00a0?<\/strong><\/h2>\n<h3>\n\tR\u00e9duction des co\u00fbts et pertes.\n\t<\/h3>\n\tNotre \u00e9tude mise sur la r\u00e9duction des co\u00fbts et des pertes en passant d&rsquo;un syst\u00e8me traditionnel \u00e0 un stockage vertical.\nTout processus inefficace engendre des frais de production qui augmentent dans la m\u00eame proportion que les niveaux de production. La maintenance d&rsquo;un syst\u00e8me traditionnel peut \u00eatre synonyme de d\u00e9penses importantes pour une soci\u00e9t\u00e9.\nNotre \u00e9tude vous fournira ces montants d\u00e9taill\u00e9s et indiquera les b\u00e9n\u00e9fices d&rsquo;un passage \u00e0 un syst\u00e8me vertical.<br \/>\n.\n\t\t\t\t\t\t\t<img decoding=\"async\" src=\"https:\/\/www.warak.com\/wp-content\/uploads\/2019\/10\/Coste-de-oportunidad.jpg\" alt=\"viabilidad vertical\" itemprop=\"image\" height=\"1280\" width=\"1920\" title=\"Coste-de-oportunidad\" onerror=\"this.style.display='none'\"  sizes=\"(max-width: 768px) 100vw, 100vw\" srcset=\"https:\/\/www.warak.com\/wp-content\/uploads\/2019\/10\/Coste-de-oportunidad.jpg 1920w, https:\/\/www.warak.com\/wp-content\/uploads\/2019\/10\/Coste-de-oportunidad-630x420.jpg 630w, https:\/\/www.warak.com\/wp-content\/uploads\/2019\/10\/Coste-de-oportunidad-300x200.jpg 300w, https:\/\/www.warak.com\/wp-content\/uploads\/2019\/10\/Coste-de-oportunidad-768x512.jpg 768w, https:\/\/www.warak.com\/wp-content\/uploads\/2019\/10\/Coste-de-oportunidad-1024x683.jpg 1024w, https:\/\/www.warak.com\/wp-content\/uploads\/2019\/10\/Coste-de-oportunidad-1260x840.jpg 1260w, https:\/\/www.warak.com\/wp-content\/uploads\/2019\/10\/Coste-de-oportunidad-420x280.jpg 420w, https:\/\/www.warak.com\/wp-content\/uploads\/2019\/10\/Coste-de-oportunidad-840x560.jpg 840w, https:\/\/www.warak.com\/wp-content\/uploads\/2019\/10\/Coste-de-oportunidad-315x210.jpg 315w\" \/>\t\t\t\t\t\t\t\n\t<h2>Autres <strong>avantages.<\/strong><\/h2>\n<h3>\n\tContr\u00f4le du stock et planification.\n\t<\/h3>\n\tNotre exp\u00e9rience nous a appris que ce syst\u00e8me g\u00e9n\u00e8re non seulement une \u00e9conomie de co\u00fbts et de pertes et un renforcement de la s\u00e9curit\u00e9 mais \u00e9galement des am\u00e9liorations en termes de planification et une baisse des non-conformit\u00e9s de qualit\u00e9 de nos clients, le tout gr\u00e2ce au contr\u00f4le int\u00e9gral du stock en temps r\u00e9el.\n\t\t\t\t\t\t\t<img decoding=\"async\" src=\"https:\/\/www.warak.com\/wp-content\/uploads\/2022\/04\/Ingenieria-Warak-1920x832px-06.jpg\" alt=\"Ingenieria-Warak-1920x832px-06\" itemprop=\"image\" height=\"477\" width=\"846\" title=\"Ingenieria-Warak-1920x832px-06\" onerror=\"this.style.display='none'\"  sizes=\"(max-width: 768px) 100vw, 100vw\" srcset=\"https:\/\/www.warak.com\/wp-content\/uploads\/2022\/04\/Ingenieria-Warak-1920x832px-06.jpg 846w, https:\/\/www.warak.com\/wp-content\/uploads\/2022\/04\/Ingenieria-Warak-1920x832px-06-630x355.jpg 630w, https:\/\/www.warak.com\/wp-content\/uploads\/2022\/04\/Ingenieria-Warak-1920x832px-06-300x169.jpg 300w, https:\/\/www.warak.com\/wp-content\/uploads\/2022\/04\/Ingenieria-Warak-1920x832px-06-420x237.jpg 420w, https:\/\/www.warak.com\/wp-content\/uploads\/2022\/04\/Ingenieria-Warak-1920x832px-06-840x474.jpg 840w, https:\/\/www.warak.com\/wp-content\/uploads\/2022\/04\/Ingenieria-Warak-1920x832px-06-315x178.jpg 315w\" \/>\t\t\t\t\t\t\t\n\n<\/div><!-- .vgblk-rw-wrapper -->","protected":false},"excerpt":{"rendered":"<p>Votre soci\u00e9t\u00e9 remplit les conditions pour int\u00e9grer un stockage vertical\u00a0? \u00c9tude de viabilit\u00e9 en 3 semaines. Nous effectuons une \u00e9tude de viabilit\u00e9 bas\u00e9e sur vos donn\u00e9es r\u00e9elles de production et&#8230;<\/p>\n","protected":false},"author":1,"featured_media":0,"parent":0,"menu_order":0,"comment_status":"closed","ping_status":"closed","template":"","meta":{"inline_featured_image":false,"_price":"","_stock":"","_tribe_ticket_header":"","_tribe_default_ticket_provider":"","_ticket_start_date":"","_ticket_end_date":"","_tribe_ticket_show_description":"","_tribe_ticket_show_not_going":false,"_tribe_ticket_use_global_stock":"","_tribe_ticket_global_stock_level":"","_global_stock_mode":"","_global_stock_cap":"","_tribe_rsvp_for_event":"","_tribe_ticket_going_count":"","_tribe_ticket_not_going_count":"","_tribe_tickets_list":"[]","_tribe_ticket_has_attendee_info_fields":false,"footnotes":""},"class_list":["post-19904","page","type-page","status-publish","hentry"],"_links":{"self":[{"href":"https:\/\/www.warak.com\/fr\/wp-json\/wp\/v2\/pages\/19904","targetHints":{"allow":["GET"]}}],"collection":[{"href":"https:\/\/www.warak.com\/fr\/wp-json\/wp\/v2\/pages"}],"about":[{"href":"https:\/\/www.warak.com\/fr\/wp-json\/wp\/v2\/types\/page"}],"author":[{"embeddable":true,"href":"https:\/\/www.warak.com\/fr\/wp-json\/wp\/v2\/users\/1"}],"replies":[{"embeddable":true,"href":"https:\/\/www.warak.com\/fr\/wp-json\/wp\/v2\/comments?post=19904"}],"version-history":[{"count":3,"href":"https:\/\/www.warak.com\/fr\/wp-json\/wp\/v2\/pages\/19904\/revisions"}],"predecessor-version":[{"id":26075,"href":"https:\/\/www.warak.com\/fr\/wp-json\/wp\/v2\/pages\/19904\/revisions\/26075"}],"wp:attachment":[{"href":"https:\/\/www.warak.com\/fr\/wp-json\/wp\/v2\/media?parent=19904"}],"curies":[{"name":"wp","href":"https:\/\/api.w.org\/{rel}","templated":true}]}}