{"id":20079,"date":"2019-10-26T01:28:10","date_gmt":"2019-10-25T23:28:10","guid":{"rendered":"https:\/\/www.warak.com\/prestaciones\/"},"modified":"2019-12-03T13:41:12","modified_gmt":"2019-12-03T12:41:12","slug":"prestations","status":"publish","type":"page","link":"https:\/\/www.warak.com\/fr\/prestations\/","title":{"rendered":"Cocinas de cola FR"},"content":{"rendered":"<div class=\"vgblk-rw-wrapper limit-wrapper\">\n<h2>\n\tCuisines de pr\u00e9paration de colle destin\u00e9es \u00e0 <br><b>la fabrication de carton<\/b><\/br>\n\t<\/h2>\n\tForts d&rsquo;une solide exp\u00e9rience dans le domaine de la fabrication de carton ondul\u00e9 \u00e0 base de divers amidons, nous avons cr\u00e9\u00e9 une cuisine de pr\u00e9paration de colle s\u00fbre et adapt\u00e9e \u00e0 tout type de formulations. Gr\u00e2ce \u00e0 sa capacit\u00e9 grand volume, elle permet d&rsquo;approvisionner la derni\u00e8re g\u00e9n\u00e9ration d&rsquo;onduleuses hautes performances pour la fabrication de carton \u00e0 double cannelure.\nLes circuits install\u00e9s sont polyvalents et dot\u00e9s d&rsquo;un syst\u00e8me de nettoyage automatique par soufflage d&rsquo;air comprim\u00e9.\nL&rsquo;installation par modules permet d&rsquo;adapter l&rsquo;investissement \u00e0 vos besoins sp\u00e9cifiques et d&rsquo;envisager de possibles agrandissements dans le futur.\n<h2>\n\t <b>Prestations<\/b><\/br>\n\t<\/h2>\n\t\t\tCadre modulaire\n\t\tStructure en acier inoxydable permettant de prolonger la dur\u00e9e de vie utile de l&rsquo;\u00e9quipement. En fonction de l&rsquo;espace disponible, une configuration en miroir peut \u00eatre envisag\u00e9e.\n\t\t\tContr\u00f4le\n\t\tCellules de chargement et viscosim\u00e8tres haute pr\u00e9cision pour assurer la reproductibilit\u00e9 des pr\u00e9parations.\n\t\t\tR\u00e9acteur\n\t\tMoteur triphas\u00e9 de 25\u00a0kW avec disque cowles et turbine sup\u00e9rieure suppl\u00e9mentaire permettant d&rsquo;optimiser le temps d&rsquo;agitation des pr\u00e9parations de 2\u00a0000\u00a0L en 30\u00a0minutes.\n\t\t\tFlux\n\t\tGestion des circuits de charge et d\u00e9charge \u00e0 l&rsquo;aide d&rsquo;\u00e9lectrovannes pneumatiques sous contr\u00f4le automatique.\n\t\t\tDosage\n\t\tPompes de dosage des additifs incluses. Vis sans fin de silo ou big bag \u00e0 d\u00e9chargement rapide pour une r\u00e9duction du temps de charge.\n\t\t\tModularit\u00e9\n\t\tAdapt\u00e9 aux modules des r\u00e9servoirs de stockage. Enti\u00e8rement con\u00e7us sur mesure afin de garantir la solution la mieux adapt\u00e9e.\n<h2>\n\tAutres<br \/><strong>b\u00e9n\u00e9ficies<\/strong>\n\t<\/h2>\n<h4>\n\t\t\t<a href=\"https:\/\/www.warak.com\/fr\/logiciel-architecture-ouverte\/\" title=\"Logiciel \u00e0 architecture ouverte\" target=\"_self\" rel=\"noopener noreferrer\">\n\tLogiciel \u00e0 architecture ouverte\n\t\t\t<\/a>\n\t<\/h4>\n\t<p>Programmation ouverte du PLC Siemens et de son interface HMI.<\/p>\n<h4>\n\t\t\t<a href=\"https:\/\/www.warak.com\/fr\/controle-a-distance\/\" title=\"Contr\u00f4le \u00e0 distance\" target=\"_self\" rel=\"noopener noreferrer\">\n\tContr\u00f4le \u00e0 distance\n\t\t\t<\/a>\n\t<\/h4>\n\t<p>Contr\u00f4le et modification des formulations \u00e0 distance.<\/p>\n<\/div><!-- .vgblk-rw-wrapper -->","protected":false},"excerpt":{"rendered":"<p>Cuisines de pr\u00e9paration de colle destin\u00e9es \u00e0 la fabrication de carton Forts d&rsquo;une solide exp\u00e9rience dans le domaine de la fabrication de carton ondul\u00e9 \u00e0 base de divers amidons, nous&#8230;<\/p>\n","protected":false},"author":1,"featured_media":20080,"parent":0,"menu_order":0,"comment_status":"closed","ping_status":"closed","template":"","meta":{"inline_featured_image":false,"_price":"","_stock":"","_tribe_ticket_header":"","_tribe_default_ticket_provider":"","_ticket_start_date":"","_ticket_end_date":"","_tribe_ticket_show_description":"","_tribe_ticket_show_not_going":false,"_tribe_ticket_use_global_stock":"","_tribe_ticket_global_stock_level":"","_global_stock_mode":"","_global_stock_cap":"","_tribe_rsvp_for_event":"","_tribe_ticket_going_count":"","_tribe_ticket_not_going_count":"","_tribe_tickets_list":"[]","_tribe_ticket_has_attendee_info_fields":false,"footnotes":""},"class_list":["post-20079","page","type-page","status-publish","has-post-thumbnail","hentry"],"_links":{"self":[{"href":"https:\/\/www.warak.com\/fr\/wp-json\/wp\/v2\/pages\/20079","targetHints":{"allow":["GET"]}}],"collection":[{"href":"https:\/\/www.warak.com\/fr\/wp-json\/wp\/v2\/pages"}],"about":[{"href":"https:\/\/www.warak.com\/fr\/wp-json\/wp\/v2\/types\/page"}],"author":[{"embeddable":true,"href":"https:\/\/www.warak.com\/fr\/wp-json\/wp\/v2\/users\/1"}],"replies":[{"embeddable":true,"href":"https:\/\/www.warak.com\/fr\/wp-json\/wp\/v2\/comments?post=20079"}],"version-history":[{"count":0,"href":"https:\/\/www.warak.com\/fr\/wp-json\/wp\/v2\/pages\/20079\/revisions"}],"wp:featuredmedia":[{"embeddable":true,"href":"https:\/\/www.warak.com\/fr\/wp-json\/wp\/v2\/media\/20080"}],"wp:attachment":[{"href":"https:\/\/www.warak.com\/fr\/wp-json\/wp\/v2\/media?parent=20079"}],"curies":[{"name":"wp","href":"https:\/\/api.w.org\/{rel}","templated":true}]}}