{"id":20088,"date":"2019-10-26T01:36:43","date_gmt":"2019-10-25T23:36:43","guid":{"rendered":"https:\/\/www.warak.com\/cocina-cola-control-remoto-formulacion\/"},"modified":"2019-11-27T15:02:55","modified_gmt":"2019-11-27T14:02:55","slug":"controle-a-distance","status":"publish","type":"page","link":"https:\/\/www.warak.com\/fr\/controle-a-distance\/","title":{"rendered":"Contr\u00f4le \u00e0 distance"},"content":{"rendered":"<div class=\"vgblk-rw-wrapper limit-wrapper\"><h2>\n\tCuisines de pr\u00e9paration de colle  <br><b>destin\u00e9es \u00e0 la fabrication de carton <\/b><\/br>\n\t<\/h2>\n\tLe contr\u00f4le \u00e0 distance de l&rsquo;ensemble des op\u00e9rations de la cuisine repr\u00e9sente un avantage consid\u00e9rable en cas de modification des formulations de l&rsquo;onduleuse. Le registre des donn\u00e9es affichant les valeurs de chaque pr\u00e9paration sous forme de graphique permet d&rsquo;analyser \u00e0 distance les probl\u00e8mes survenus dans les diverses formulations. Cela permet ainsi de r\u00e9duire l&rsquo;impact \u00e9conomique que repr\u00e9sente le d\u00e9placement du service technique sur le site.\n<p>&nbsp;<\/p>\n\t\t\t\t\t\t\t\t\t\t<img fetchpriority=\"high\" decoding=\"async\" src=\"https:\/\/www.warak.com\/wp-content\/uploads\/2019\/09\/Cocina-de-cola-prestaciones.jpg\" alt=\"glue kitchen starch\" itemprop=\"image\" height=\"1080\" width=\"1620\" title=\"Cocina-de-cola-prestaciones\" onerror=\"this.style.display='none'\"  sizes=\"(max-width: 768px) 100vw, 100vw\" srcset=\"data:image\/svg+xml;utf8,&lt;svg%20xmlns=&quot;http:\/\/www.w3.org\/2000\/svg&quot;%20viewBox=&quot;0%200%201620%201080&quot;%20height=&quot;1080px&quot;%20width=&quot;1620px&quot;\/&gt;\" data-srcset=\"https:\/\/www.warak.com\/wp-content\/uploads\/2019\/09\/Cocina-de-cola-prestaciones.jpg 1620w, https:\/\/www.warak.com\/wp-content\/uploads\/2019\/09\/Cocina-de-cola-prestaciones-300x200.jpg 300w, https:\/\/www.warak.com\/wp-content\/uploads\/2019\/09\/Cocina-de-cola-prestaciones-768x512.jpg 768w, https:\/\/www.warak.com\/wp-content\/uploads\/2019\/09\/Cocina-de-cola-prestaciones-1024x683.jpg 1024w, https:\/\/www.warak.com\/wp-content\/uploads\/2019\/09\/Cocina-de-cola-prestaciones-1260x840.jpg 1260w, https:\/\/www.warak.com\/wp-content\/uploads\/2019\/09\/Cocina-de-cola-prestaciones-630x420.jpg 630w, https:\/\/www.warak.com\/wp-content\/uploads\/2019\/09\/Cocina-de-cola-prestaciones-420x280.jpg 420w, https:\/\/www.warak.com\/wp-content\/uploads\/2019\/09\/Cocina-de-cola-prestaciones-840x560.jpg 840w, https:\/\/www.warak.com\/wp-content\/uploads\/2019\/09\/Cocina-de-cola-prestaciones-315x210.jpg 315w\" \/>\t\t\t\t\t\t\t\n<h2>\n\t <b>Prestations<\/b><\/br>\n\t<\/h2>\n\t\t\tContr\u00f4le\n\t\tLe contr\u00f4le \u00e0 distance permet non seulement de reformuler les pr\u00e9parations mais \u00e9galement d&rsquo;analyser les registres de donn\u00e9es.\n\t\t\tRegistres\n\t\tLe registre de donn\u00e9es enregistre les valeurs en termes de poids, dur\u00e9e, viscosit\u00e9 et temp\u00e9rature. Celles-ci sont essentielles afin de comprendre toute r\u00e9action d&rsquo;une pr\u00e9paration \u00e0 base d&rsquo;amidon.\n\t\t\tGraphiques\n\t\tLe module de graphiques permet de comparer l&rsquo;\u00e9volution des quatre param\u00e8tres de base dans leur ensemble.\n<h2>\n\tAutres <br \/><strong>b\u00e9n\u00e9fices<\/strong>\n\t<\/h2>\n<h4>\n\t\t\t<a href=\"https:\/\/www.warak.com\/fr\/logiciel-architecture-ouverte\/\" title=\"Logiciel \u00e0 architecture ouverte\" target=\"_self\" rel=\"noopener noreferrer\">\n\tLogiciel \u00e0 architecture ouverte\n\t\t\t<\/a>\n\t<\/h4>\n\t<p>Programmation ouverte du PLC Siemens et de son interface HMI.<\/p>\n<h4>\n\t\t\t<a href=\"https:\/\/www.warak.com\/fr\/prestations\/\" title=\"Prestations\" target=\"_self\" rel=\"noopener noreferrer\">\n\tPrestations\n\t\t\t<\/a>\n\t<\/h4>\n\t<p>Capacit\u00e9 de pr\u00e9paration allant jusqu&rsquo;\u00e0 2\u00a0000\u00a0L en 30\u00a0minutes.<\/p>\n<\/div><!-- .vgblk-rw-wrapper -->","protected":false},"excerpt":{"rendered":"<p>Cuisines de pr\u00e9paration de colle destin\u00e9es \u00e0 la fabrication de carton Le contr\u00f4le \u00e0 distance de l&rsquo;ensemble des op\u00e9rations de la cuisine repr\u00e9sente un avantage consid\u00e9rable en cas de modification&#8230;<\/p>\n","protected":false},"author":1,"featured_media":20089,"parent":0,"menu_order":0,"comment_status":"closed","ping_status":"closed","template":"","meta":{"inline_featured_image":false,"_price":"","_stock":"","_tribe_ticket_header":"","_tribe_default_ticket_provider":"","_ticket_start_date":"","_ticket_end_date":"","_tribe_ticket_show_description":"","_tribe_ticket_show_not_going":false,"_tribe_ticket_use_global_stock":"","_tribe_ticket_global_stock_level":"","_global_stock_mode":"","_global_stock_cap":"","_tribe_rsvp_for_event":"","_tribe_ticket_going_count":"","_tribe_ticket_not_going_count":"","_tribe_tickets_list":"[]","_tribe_ticket_has_attendee_info_fields":false,"footnotes":""},"class_list":["post-20088","page","type-page","status-publish","has-post-thumbnail","hentry"],"_links":{"self":[{"href":"https:\/\/www.warak.com\/fr\/wp-json\/wp\/v2\/pages\/20088","targetHints":{"allow":["GET"]}}],"collection":[{"href":"https:\/\/www.warak.com\/fr\/wp-json\/wp\/v2\/pages"}],"about":[{"href":"https:\/\/www.warak.com\/fr\/wp-json\/wp\/v2\/types\/page"}],"author":[{"embeddable":true,"href":"https:\/\/www.warak.com\/fr\/wp-json\/wp\/v2\/users\/1"}],"replies":[{"embeddable":true,"href":"https:\/\/www.warak.com\/fr\/wp-json\/wp\/v2\/comments?post=20088"}],"version-history":[{"count":0,"href":"https:\/\/www.warak.com\/fr\/wp-json\/wp\/v2\/pages\/20088\/revisions"}],"wp:featuredmedia":[{"embeddable":true,"href":"https:\/\/www.warak.com\/fr\/wp-json\/wp\/v2\/media\/20089"}],"wp:attachment":[{"href":"https:\/\/www.warak.com\/fr\/wp-json\/wp\/v2\/media?parent=20088"}],"curies":[{"name":"wp","href":"https:\/\/api.w.org\/{rel}","templated":true}]}}