{"id":20242,"date":"2019-10-26T00:18:09","date_gmt":"2019-10-25T22:18:09","guid":{"rendered":"https:\/\/www.warak.com\/onduladoras-carton-ondulado-fosber\/"},"modified":"2025-09-09T16:15:21","modified_gmt":"2025-09-09T14:15:21","slug":"onduladoras-carton-ondulado-fosber","status":"publish","type":"page","link":"https:\/\/www.warak.com\/it\/onduladoras-carton-ondulado-fosber\/","title":{"rendered":"Onduladoras cart\u00f3n ondulado Fosber"},"content":{"rendered":"<div class=\"vgblk-rw-wrapper limit-wrapper\">\n<h1>\n\t\t\tFOSBER C\/LINE\t<\/h1>\n\t<p>La linea C di Fosber \u00e8 una linea di corrugazione efficiente e flessibile, fino a 300 mpm di velocit\u00e0 massima per produzioni medie con un costo di investimento pi\u00f9 accessibile.<\/p>\n\t<a href=\"https:\/\/www.fosbergroup.com\/en\/\" target=\"_blank\" role=\"button\">\n\t\t\t\t\tMore\n\t<\/a>\n<h2>\n\tFOSBER S\/LINE\n\t<\/h2>\n\t<p>La linea Fosber S \u00e8 attualmente il miglior ondulatore del mondo fino a 420mpm di velocit\u00e0, solo per le fabbriche con alta produzione e necessit\u00e0 di massime prestazioni. Completamente automatico con tutti i controlli di produzione a ciclo chiuso.<\/p>\n\t<a href=\"https:\/\/www.fosbergroup.com\/en\/products\/the-lines\/s-line-420\/\" target=\"_blank\" role=\"button\">\n\t\t\t\t\tMore\n\t<\/a>\n\n<\/div><!-- .vgblk-rw-wrapper -->","protected":false},"excerpt":{"rendered":"<p>FOSBER C\/LINE La linea C di Fosber \u00e8 una linea di corrugazione efficiente e flessibile, fino a 300 mpm di velocit\u00e0 massima per produzioni medie con un costo di investimento&#8230;<\/p>\n","protected":false},"author":1,"featured_media":0,"parent":0,"menu_order":0,"comment_status":"closed","ping_status":"closed","template":"","meta":{"inline_featured_image":false,"_price":"","_stock":"","_tribe_ticket_header":"","_tribe_default_ticket_provider":"","_ticket_start_date":"","_ticket_end_date":"","_tribe_ticket_show_description":"","_tribe_ticket_show_not_going":false,"_tribe_ticket_use_global_stock":"","_tribe_ticket_global_stock_level":"","_global_stock_mode":"","_global_stock_cap":"","_tribe_rsvp_for_event":"","_tribe_ticket_going_count":"","_tribe_ticket_not_going_count":"","_tribe_tickets_list":"[]","_tribe_ticket_has_attendee_info_fields":false,"footnotes":""},"class_list":["post-20242","page","type-page","status-publish","hentry"],"_links":{"self":[{"href":"https:\/\/www.warak.com\/it\/wp-json\/wp\/v2\/pages\/20242","targetHints":{"allow":["GET"]}}],"collection":[{"href":"https:\/\/www.warak.com\/it\/wp-json\/wp\/v2\/pages"}],"about":[{"href":"https:\/\/www.warak.com\/it\/wp-json\/wp\/v2\/types\/page"}],"author":[{"embeddable":true,"href":"https:\/\/www.warak.com\/it\/wp-json\/wp\/v2\/users\/1"}],"replies":[{"embeddable":true,"href":"https:\/\/www.warak.com\/it\/wp-json\/wp\/v2\/comments?post=20242"}],"version-history":[{"count":3,"href":"https:\/\/www.warak.com\/it\/wp-json\/wp\/v2\/pages\/20242\/revisions"}],"predecessor-version":[{"id":25878,"href":"https:\/\/www.warak.com\/it\/wp-json\/wp\/v2\/pages\/20242\/revisions\/25878"}],"wp:attachment":[{"href":"https:\/\/www.warak.com\/it\/wp-json\/wp\/v2\/media?parent=20242"}],"curies":[{"name":"wp","href":"https:\/\/api.w.org\/{rel}","templated":true}]}}