{"id":20284,"date":"2019-10-26T01:21:41","date_gmt":"2019-10-25T23:21:41","guid":{"rendered":"https:\/\/www.warak.com\/ingenieria-consultoria-mejoras-logistica\/"},"modified":"2025-09-02T11:15:01","modified_gmt":"2025-09-02T09:15:01","slug":"miglioramento-continuo-logistica","status":"publish","type":"page","link":"https:\/\/www.warak.com\/it\/miglioramento-continuo-logistica\/","title":{"rendered":"Miglioramento continuo"},"content":{"rendered":"<div class=\"vgblk-rw-wrapper limit-wrapper\">\n<h2>\n\tMiglioramento <br><b>continuo<\/b><br>\n\t<\/h2>\n\tL&#8217;analisi del flusso di lavoro \u00e8 un processo attraverso il quale si esaminano i processi per migliorarne l&#8217;efficienza. Migliorando i flussi di lavoro, le risorse vengono utilizzate in modo pi\u00f9 efficiente e il personale \u00e8 in grado di lavorare con maggiore capacit\u00e0. Questi studi sono particolarmente rilevanti nei processi centrali per successione, come la produzione di cartone ondulato.<br>\nQuanto pi\u00f9 agili ed efficienti sono i processi, minore \u00e8 il costo di ogni attivit\u00e0, nonch\u00e9 la perdita di tempo e gli errori. Grazie al nostro software di simulazione, siamo in grado di ricreare un gemello digitale di qualsiasi fabbrica nei minimi dettagli, inserendo tutte le variabili possibili e sottoponendo a stress il processo per trovarne i punti di saturazione.<br>\nIn Warak abbiamo progettato una linea di attrezzature ausiliarie di trasporto dei fogli di cartone per soddisfare queste crescenti esigenze e preparare il cartone per i magazzini verticali. Nastri di trasporto con profili laterali aperti per consentire la pulizia sotto dell&#8217;attrezzatura e quindi ridurre il rischio di incendio, presse con sistema di ammortizzazione e carrelli di raccolta fino a 8 pallet. Attrezzature per il trasporto di cartone fino a 60.000 m2\/ora in uscita dall&#8217;ondulatore e corrispondente consegna alla linea di trasformazione.\n\t\t\t\t\t\t\t\t\t\t<img fetchpriority=\"high\" decoding=\"async\" src=\"https:\/\/www.warak.com\/wp-content\/uploads\/2019\/10\/04.jpg\" alt=\"Corrugated cardboard logistic\" itemprop=\"image\" height=\"1006\" width=\"1474\" title=\"Corrugated engineering\" onerror=\"this.style.display='none'\" sizes=\"(max-width: 768px) 100vw, 100vw\" srcset=\"data:image\/svg+xml;utf8,&lt;svg%20xmlns=&quot;http:\/\/www.w3.org\/2000\/svg&quot;%20viewBox=&quot;0%200%201474%201006&quot;%20height=&quot;1006px&quot;%20width=&quot;1474px&quot;\/&gt;\" data-srcset=\"https:\/\/www.warak.com\/wp-content\/uploads\/2019\/10\/04.jpg 1474w, https:\/\/www.warak.com\/wp-content\/uploads\/2019\/10\/04-300x205.jpg 300w, https:\/\/www.warak.com\/wp-content\/uploads\/2019\/10\/04-768x524.jpg 768w, https:\/\/www.warak.com\/wp-content\/uploads\/2019\/10\/04-1024x699.jpg 1024w, https:\/\/www.warak.com\/wp-content\/uploads\/2019\/10\/04-1260x860.jpg 1260w, https:\/\/www.warak.com\/wp-content\/uploads\/2019\/10\/04-630x430.jpg 630w, https:\/\/www.warak.com\/wp-content\/uploads\/2019\/10\/04-420x287.jpg 420w, https:\/\/www.warak.com\/wp-content\/uploads\/2019\/10\/04-840x573.jpg 840w, https:\/\/www.warak.com\/wp-content\/uploads\/2019\/10\/04-315x215.jpg 315w\">\t\t\t\t\t\t\t\n<h2>\n\tAree di <b>Miglioramento<\/b><br>\n\t<\/h2>\n\t\t\tRiduzione di spese e perdite\n\t\t<p>Celle di carico e viscosimetro ad alta precisione per una maggiore ripetibilit\u00e0 dei preparati.<\/p>\n\t\t\tReengineering di processi\n\t\t<p>Gestione dei circuiti di carico e scarico con elettrovalvole pneumatiche a comando automatico.<\/p>\n<h2>\n\tAltri<br> <b>servizi<\/b><br>\n\t<\/h2>\n<h4>\n\t\t\t<a href=\"https:\/\/www.warak.com\/it\/progettazione-di-fabbriche\/\" title=\"Progettazione di impianti di produzione\" target=\"_self\" rel=\"noopener noreferrer\">\n\tProgettazione di impianti di produzione\n\t\t\t<\/a>\n\t<\/h4>\n\t<p>Progetti chiavi in mano della parte di produzione, logistica, stoccaggio e spedizione.<\/p>\n<h4>\n\t\t\t<a href=\"https:\/\/www.warak.com\/it\/ingenieria-consultoria\/gemelo-digital\/\" title=\"Miglioramenti di logistica\" target=\"_self\" rel=\"noopener noreferrer\">\n\tMiglioramenti di logistica\n\t\t\t<\/a>\n\t<\/h4>\n\tUn buon approccio logistico \u00e8 il primo passo verso la riduzione dei costi in una fabbrica di cartone. Lo studio comprende la configurazione dei layout, l&#8217;efficienza dei macchinari installati e la formazione degli operai sulle buone pratiche.\n<\/div><!-- .vgblk-rw-wrapper -->","protected":false},"excerpt":{"rendered":"<p>Miglioramento continuo L&#8217;analisi del flusso di lavoro \u00e8 un processo attraverso il quale si esaminano i processi per migliorarne l&#8217;efficienza. Migliorando i flussi di lavoro, le risorse vengono utilizzate in&#8230;<\/p>\n","protected":false},"author":1,"featured_media":20234,"parent":0,"menu_order":0,"comment_status":"closed","ping_status":"closed","template":"","meta":{"inline_featured_image":false,"_price":"","_stock":"","_tribe_ticket_header":"","_tribe_default_ticket_provider":"","_ticket_start_date":"","_ticket_end_date":"","_tribe_ticket_show_description":"","_tribe_ticket_show_not_going":false,"_tribe_ticket_use_global_stock":"","_tribe_ticket_global_stock_level":"","_global_stock_mode":"","_global_stock_cap":"","_tribe_rsvp_for_event":"","_tribe_ticket_going_count":"","_tribe_ticket_not_going_count":"","_tribe_tickets_list":"[]","_tribe_ticket_has_attendee_info_fields":false,"footnotes":""},"class_list":["post-20284","page","type-page","status-publish","has-post-thumbnail","hentry"],"_links":{"self":[{"href":"https:\/\/www.warak.com\/it\/wp-json\/wp\/v2\/pages\/20284","targetHints":{"allow":["GET"]}}],"collection":[{"href":"https:\/\/www.warak.com\/it\/wp-json\/wp\/v2\/pages"}],"about":[{"href":"https:\/\/www.warak.com\/it\/wp-json\/wp\/v2\/types\/page"}],"author":[{"embeddable":true,"href":"https:\/\/www.warak.com\/it\/wp-json\/wp\/v2\/users\/1"}],"replies":[{"embeddable":true,"href":"https:\/\/www.warak.com\/it\/wp-json\/wp\/v2\/comments?post=20284"}],"version-history":[{"count":2,"href":"https:\/\/www.warak.com\/it\/wp-json\/wp\/v2\/pages\/20284\/revisions"}],"predecessor-version":[{"id":25737,"href":"https:\/\/www.warak.com\/it\/wp-json\/wp\/v2\/pages\/20284\/revisions\/25737"}],"wp:featuredmedia":[{"embeddable":true,"href":"https:\/\/www.warak.com\/it\/wp-json\/wp\/v2\/media\/20234"}],"wp:attachment":[{"href":"https:\/\/www.warak.com\/it\/wp-json\/wp\/v2\/media?parent=20284"}],"curies":[{"name":"wp","href":"https:\/\/api.w.org\/{rel}","templated":true}]}}