{"id":20594,"date":"2019-10-24T11:16:56","date_gmt":"2019-10-24T09:16:56","guid":{"rendered":"https:\/\/www.warak.com\/ingenieria-carton-ondulado\/"},"modified":"2025-09-09T16:05:20","modified_gmt":"2025-09-09T14:05:20","slug":"ingenieria-carton-ondulado","status":"publish","type":"page","link":"https:\/\/www.warak.com\/pt-pt\/","title":{"rendered":"Engenharia de papel\u00e3o ondulado"},"content":{"rendered":"<div class=\"vgblk-rw-wrapper limit-wrapper\">\n<h3>\n\t\t\t<a href=\"https:\/\/www.warak.com\/pt-pt\/maquinaria-de-carton-ondulado\/\" title=\"Maquinaria Cart\u00e3o Canelado\" target=\"_self\">\n\tMaquinaria Cart\u00e3o Canelado\n\t\t\t<\/a>\n\t<\/h3>\n\tSomos representantes de marcas de maquinaria para o fabrico de cart\u00e3o ondulado, onduladoras, transforma\u00e7\u00e3o, perif\u00e9ricos e equipamentos auxiliares.\n<h3>\n\t\t\t<a href=\"https:\/\/www.warak.com\/pt-pt\/almacen-vertical-manutencion\/\" title=\"Armazenamento Vertical e manuten\u00e7\u00e3o\" target=\"_self\">\n\tArmazenamento Vertical e manuten\u00e7\u00e3o\n\t\t\t<\/a>\n\t<\/h3>\n\tConce\u00e7\u00e3o e fabrico de armaz\u00e9ns verticais de produto interm\u00e9dio, software de controlo e handling.\n<h3>\n\t\t\t<a href=\"https:\/\/www.warak.com\/pt-pt\/cocinas-cola-carton-ondulado\/\" title=\"Cozinhas de &lt;br&gt; Cola\" target=\"_self\">\n\tCozinhas de <br \/> Cola\n\t\t\t<\/a>\n\t<\/h3>\n\tCozinhas de prepara\u00e7\u00e3o de amido modulares, \u00e0 medida das necessidades dos nossos clientes, projetos &#8220;chave na m\u00e3o&#8221;.\n<h3>\n\t\t\t<a href=\"https:\/\/www.warak.com\/pt-pt\/ingenieria-para-carton-ondulado\/\" title=\"Engenharia\" target=\"_self\">\n\tEngenharia\n\t\t\t<\/a>\n\t<\/h3>\n\tEstudos de otimiza\u00e7\u00e3o em f\u00e1bricas, conce\u00e7\u00e3o de novas f\u00e1bricas, cumprimento de normas e forma\u00e7\u00e3o de trabalhadores.\n<h5>\n\tWARAK\n\t<\/h5>\n\t<h1>Engenharia aplicada ao <strong>Cart\u00e3o Canelado<\/strong><\/h1>\n\tO setor do cart\u00e3o canelado avan\u00e7a de forma constante, mas cada passo sup\u00f5e um esfor\u00e7o de investimento importante para as empresas.<br \/>\nA Warak p\u00f5e \u00e0 disposi\u00e7\u00e3o dos fabricantes de cart\u00e3o canelado um vasto conjunto de solu\u00e7\u00f5es com base nos seus mais de 25 anos de experi\u00eancia.<br \/>\nAo longo desse tempo desenvolvemos uma vis\u00e3o pr\u00e1tica que nos permite antecipar as mudan\u00e7as e oferecer as melhores solu\u00e7\u00f5es aos nossos clientes.\n<p>&nbsp;<\/p>\n\t\t<iframe width=\"560\" height=\"400\" src=\"https:\/\/www.youtube.com\/embed\/gNTcuL8nzK4\" title=\"YouTube video player\" frameborder=\"0\" allow=\"accelerometer; autoplay; clipboard-write; encrypted-media; gyroscope; picture-in-picture\" allowfullscreen><\/iframe>\t\n\t<h2>Projetos \u00e0 medida<br \/>\n<strong>dos nossos clientes<\/strong><\/h2>\n\t\t\t\t<a href=\"https:\/\/www.grupohinojosa.com\/\" target=\"_blank\" rel=\"noopener\" itemprop=\"url\" title=\"Logos clientes warak\">\n\t\t\t\t\t\t\t<img fetchpriority=\"high\" fetchpriority=\"high\" decoding=\"async\" src=\"https:\/\/www.warak.com\/wp-content\/uploads\/2019\/09\/hinojosa-300x300.png\" alt=\"Logos clientes warak\" itemprop=\"image\" height=\"300\" width=\"300\" data-link-type=\"url\" title=\"Hinojosa packaging logo\" onerror=\"this.style.display='none'\"  sizes=\"(max-width: 768px) 100vw, 100vw\" srcset=\"https:\/\/www.warak.com\/wp-content\/uploads\/2019\/09\/hinojosa-300x300.png 300w, https:\/\/www.warak.com\/wp-content\/uploads\/2019\/09\/hinojosa-315x315.png 315w, https:\/\/www.warak.com\/wp-content\/uploads\/2019\/09\/hinojosa-100x100.png 100w, https:\/\/www.warak.com\/wp-content\/uploads\/2019\/09\/hinojosa-150x150.png 150w, https:\/\/www.warak.com\/wp-content\/uploads\/2019\/09\/hinojosa-420x420.png 420w, https:\/\/www.warak.com\/wp-content\/uploads\/2019\/09\/hinojosa.png 500w\" \/>\t\t\t\t\t\t<\/a>\n\t\t\t\t<a href=\"http:\/\/www.cartonajesbernabeu.com\/\" target=\"_blank\" rel=\"noopener\" itemprop=\"url\" title=\"Logos clientes warak\">\n\t\t\t\t\t\t\t<img decoding=\"async\" src=\"https:\/\/www.warak.com\/wp-content\/uploads\/2019\/09\/Bernabeu-300x300.png\" alt=\"Logos clientes warak\" itemprop=\"image\" height=\"300\" width=\"300\" data-link-type=\"url\" title=\"Bernabeu\" onerror=\"this.style.display='none'\"  sizes=\"(max-width: 768px) 100vw, 100vw\" srcset=\"https:\/\/www.warak.com\/wp-content\/uploads\/2019\/09\/Bernabeu-300x300.png 300w, https:\/\/www.warak.com\/wp-content\/uploads\/2019\/09\/Bernabeu-315x315.png 315w, https:\/\/www.warak.com\/wp-content\/uploads\/2019\/09\/Bernabeu-100x100.png 100w, https:\/\/www.warak.com\/wp-content\/uploads\/2019\/09\/Bernabeu-150x150.png 150w, https:\/\/www.warak.com\/wp-content\/uploads\/2019\/09\/Bernabeu-420x420.png 420w, https:\/\/www.warak.com\/wp-content\/uploads\/2019\/09\/Bernabeu.png 500w\" \/>\t\t\t\t\t\t<\/a>\n\t\t\t\t<a href=\"https:\/\/www.smurfitkappa.com\/es\" target=\"_blank\" rel=\"noopener\" itemprop=\"url\" title=\"Logos clientes warak\">\n\t\t\t\t\t\t\t<img decoding=\"async\" src=\"https:\/\/www.warak.com\/wp-content\/uploads\/2018\/01\/smurfit-logo-web-3985248574-300x300.png\" alt=\"Logos clientes warak\" itemprop=\"image\" height=\"300\" width=\"300\" data-link-type=\"url\" title=\"smurfit-logo-web-3985248574\" onerror=\"this.style.display='none'\"  sizes=\"(max-width: 768px) 100vw, 100vw\" srcset=\"https:\/\/www.warak.com\/wp-content\/uploads\/2018\/01\/smurfit-logo-web-3985248574-300x300.png 300w, https:\/\/www.warak.com\/wp-content\/uploads\/2018\/01\/smurfit-logo-web-3985248574-315x315.png 315w, https:\/\/www.warak.com\/wp-content\/uploads\/2018\/01\/smurfit-logo-web-3985248574-100x100.png 100w, https:\/\/www.warak.com\/wp-content\/uploads\/2018\/01\/smurfit-logo-web-3985248574-150x150.png 150w, https:\/\/www.warak.com\/wp-content\/uploads\/2018\/01\/smurfit-logo-web-3985248574-420x420.png 420w, https:\/\/www.warak.com\/wp-content\/uploads\/2018\/01\/smurfit-logo-web-3985248574.png 500w\" \/>\t\t\t\t\t\t<\/a>\n\t\t\t\t<a href=\"http:\/\/www.rossmann.ro\/\" target=\"_blank\" rel=\"noopener\" itemprop=\"url\" title=\"Engineered solutions for corrugated cardboard manufacturing, production and converting machinery, glue kitchen and work in progress vertical storage.\">\n\t\t\t\t\t\t\t<img loading=\"lazy\" loading=\"lazy\" decoding=\"async\" src=\"https:\/\/www.warak.com\/wp-content\/uploads\/2018\/01\/logo-romcarton-300x300.png\" alt=\"Engineered solutions for corrugated cardboard manufacturing, production and converting machinery, glue kitchen and work in progress vertical storage.\" itemprop=\"image\" height=\"300\" width=\"300\" data-link-type=\"url\" title=\"logo romcarton romania\" onerror=\"this.style.display='none'\"  sizes=\"auto, (max-width: 768px) 100vw, 100vw\" srcset=\"https:\/\/www.warak.com\/wp-content\/uploads\/2018\/01\/logo-romcarton-300x300.png 300w, https:\/\/www.warak.com\/wp-content\/uploads\/2018\/01\/logo-romcarton-315x315.png 315w, https:\/\/www.warak.com\/wp-content\/uploads\/2018\/01\/logo-romcarton-100x100.png 100w, https:\/\/www.warak.com\/wp-content\/uploads\/2018\/01\/logo-romcarton-150x150.png 150w, https:\/\/www.warak.com\/wp-content\/uploads\/2018\/01\/logo-romcarton-420x420.png 420w, https:\/\/www.warak.com\/wp-content\/uploads\/2018\/01\/logo-romcarton.png 500w\" \/>\t\t\t\t\t\t<\/a>\n\t\t\t\t\t\t\t<img loading=\"lazy\" loading=\"lazy\" decoding=\"async\" src=\"https:\/\/www.warak.com\/wp-content\/uploads\/2018\/01\/logo_cartonajes_petit.png\" alt=\"logo_cartonajes_petit\" itemprop=\"image\" height=\"114\" width=\"236\" title=\"logo_cartonajes_petit\" onerror=\"this.style.display='none'\"  sizes=\"auto, (max-width: 768px) 100vw, 100vw\"\/>\t\t\t\t\t\t\t\n\t\t\t\t\t\t\t<img loading=\"lazy\" loading=\"lazy\" decoding=\"async\" src=\"https:\/\/www.warak.com\/wp-content\/uploads\/2018\/01\/ds-smith-logo-300x203.png\" alt=\"ds smith logo\" itemprop=\"image\" height=\"203\" width=\"300\" title=\"ds smith logo\" onerror=\"this.style.display='none'\"  sizes=\"auto, (max-width: 768px) 100vw, 100vw\" srcset=\"https:\/\/www.warak.com\/wp-content\/uploads\/2018\/01\/ds-smith-logo-300x203.png 300w, https:\/\/www.warak.com\/wp-content\/uploads\/2018\/01\/ds-smith-logo-630x426.png 630w, https:\/\/www.warak.com\/wp-content\/uploads\/2018\/01\/ds-smith-logo-1024x692.png 1024w, https:\/\/www.warak.com\/wp-content\/uploads\/2018\/01\/ds-smith-logo-420x284.png 420w, https:\/\/www.warak.com\/wp-content\/uploads\/2018\/01\/ds-smith-logo-840x568.png 840w, https:\/\/www.warak.com\/wp-content\/uploads\/2018\/01\/ds-smith-logo-315x213.png 315w, https:\/\/www.warak.com\/wp-content\/uploads\/2018\/01\/ds-smith-logo.png 1200w\" \/>\t\t\t\t\t\t\t\n\n<\/div><!-- .vgblk-rw-wrapper -->","protected":false},"excerpt":{"rendered":"<p>Maquinaria Cart\u00e3o Canelado Somos representantes de marcas de maquinaria para o fabrico de cart\u00e3o ondulado, onduladoras, transforma\u00e7\u00e3o, perif\u00e9ricos e equipamentos auxiliares. Armazenamento Vertical e manuten\u00e7\u00e3o Conce\u00e7\u00e3o e fabrico de armaz\u00e9ns&#8230;<\/p>\n","protected":false},"author":1,"featured_media":20595,"parent":0,"menu_order":0,"comment_status":"closed","ping_status":"closed","template":"","meta":{"inline_featured_image":false,"_price":"","_stock":"","_tribe_ticket_header":"","_tribe_default_ticket_provider":"","_ticket_start_date":"","_ticket_end_date":"","_tribe_ticket_show_description":"","_tribe_ticket_show_not_going":false,"_tribe_ticket_use_global_stock":"","_tribe_ticket_global_stock_level":"","_global_stock_mode":"","_global_stock_cap":"","_tribe_rsvp_for_event":"","_tribe_ticket_going_count":"","_tribe_ticket_not_going_count":"","_tribe_tickets_list":"[]","_tribe_ticket_has_attendee_info_fields":false,"footnotes":""},"class_list":["post-20594","page","type-page","status-publish","has-post-thumbnail","hentry"],"_links":{"self":[{"href":"https:\/\/www.warak.com\/pt-pt\/wp-json\/wp\/v2\/pages\/20594","targetHints":{"allow":["GET"]}}],"collection":[{"href":"https:\/\/www.warak.com\/pt-pt\/wp-json\/wp\/v2\/pages"}],"about":[{"href":"https:\/\/www.warak.com\/pt-pt\/wp-json\/wp\/v2\/types\/page"}],"author":[{"embeddable":true,"href":"https:\/\/www.warak.com\/pt-pt\/wp-json\/wp\/v2\/users\/1"}],"replies":[{"embeddable":true,"href":"https:\/\/www.warak.com\/pt-pt\/wp-json\/wp\/v2\/comments?post=20594"}],"version-history":[{"count":7,"href":"https:\/\/www.warak.com\/pt-pt\/wp-json\/wp\/v2\/pages\/20594\/revisions"}],"predecessor-version":[{"id":25863,"href":"https:\/\/www.warak.com\/pt-pt\/wp-json\/wp\/v2\/pages\/20594\/revisions\/25863"}],"wp:featuredmedia":[{"embeddable":true,"href":"https:\/\/www.warak.com\/pt-pt\/wp-json\/wp\/v2\/media\/20595"}],"wp:attachment":[{"href":"https:\/\/www.warak.com\/pt-pt\/wp-json\/wp\/v2\/media?parent=20594"}],"curies":[{"name":"wp","href":"https:\/\/api.w.org\/{rel}","templated":true}]}}