{"id":20597,"date":"2019-10-25T18:25:32","date_gmt":"2019-10-25T16:25:32","guid":{"rendered":"https:\/\/www.warak.com\/maquinaria-de-carton-ondulado\/"},"modified":"2025-09-09T15:53:55","modified_gmt":"2025-09-09T13:53:55","slug":"maquinaria-de-carton-ondulado","status":"publish","type":"page","link":"https:\/\/www.warak.com\/pt-pt\/maquinaria-de-carton-ondulado\/","title":{"rendered":"Maquinaria de cart\u00f3n ondulado"},"content":{"rendered":"<div class=\"vgblk-rw-wrapper limit-wrapper\">\n<h3>\n\t\t\t<a href=\"https:\/\/www.warak.com\/pt-pt\/onduladoras-carton-ondulado-fosber\/\" title=\"Onduladora\" target=\"_self\">\n\tOnduladora\n\t\t\t<\/a>\n\t<\/h3>\n\tFosber \u00e9 um fornecedor global l\u00edder na conce\u00e7\u00e3o, fabrico e instala\u00e7\u00e3o de linhas de ondular completas , desde canal simples at\u00e9 tripla onda.\n<h3>\n\t\t\t<a href=\"https:\/\/www.warak.com\/pt-pt\/converting-transformacion-carton-ondulado\/\" title=\"Transforma\u00e7\u00e3o\" target=\"_self\">\n\tTransforma\u00e7\u00e3o\n\t\t\t<\/a>\n\t<\/h3>\n\tMaquinaria de alta qualidade de v\u00e1rias marcas destinada \u00e0 ind\u00fastria de transforma\u00e7\u00e3o de prancha de cart\u00e3o em embalagem impressa, dobrada ou perfurada. Impressoras, m\u00e1quinas de corte e vinco plano, rotativas e Casemaker.\n<h3>\n\t\t\t<a href=\"https:\/\/www.warak.com\/pt-pt\/perifericos-maquinaria-carton-ondulado\/\" title=\"Perif\u00e9ricos\" target=\"_self\">\n\tPerif\u00e9ricos\n\t\t\t<\/a>\n\t<\/h3>\n\tConsiga o maior rendimento para as suas m\u00e1quinas de transforma\u00e7\u00e3o com os nossos perif\u00e9ricos de in\u00edcio e fim de linha. Carregadores, empilhadores, mesas de rota\u00e7\u00e3o, separadores de poses e paletizadores.\n<p>&nbsp;<\/p>\n<p>&nbsp;<\/p>\n\t<h1>O valor da<br \/>\n<strong>experi\u00eancia<\/strong><\/h1>\n\t<strong>Warak Consulting<\/strong> \u00e9 uma empresa de engenharia que oferece solu\u00e7\u00f5es para otimizar <strong>processos de fabrico de cart\u00e3o ondulado.<\/strong><br \/>\nFundada em 1999 pelo engenheiro industrial <strong>Joaquim Vil\u00e0 Capdevila,<\/strong> implementaram-se mais de 200 projetos de melhoria em f\u00e1bricas de cart\u00e3o em todo o mundo, ajudando quer na log\u00edstica de processos internos, quer no design de novas f\u00e1bricas, sempre com o objetivo de reduzir o desperd\u00edcio e as perdas, e aumentar a efici\u00eancia e os lucros.\n<p>&nbsp;<\/p>\n\n\t<h2>Nosso <strong>representado<\/strong><\/h2>\n\t\t\t\t<a href=\"https:\/\/www.fosbergroup.com\/\" target=\"_blank\" rel=\"noopener\" itemprop=\"url\" title=\"Maquinaria cart\u00f3n ondulado\">\n\t\t\t\t\t\t\t<img fetchpriority=\"high\" fetchpriority=\"high\" decoding=\"async\" src=\"https:\/\/www.warak.com\/wp-content\/uploads\/2019\/09\/logo-fosber-600.png\" alt=\"Maquinaria cart\u00f3n ondulado\" itemprop=\"image\" height=\"600\" width=\"600\" data-link-type=\"url\" title=\"logo fosber 600\" onerror=\"this.style.display='none'\"  sizes=\"(max-width: 768px) 100vw, 100vw\" srcset=\"https:\/\/www.warak.com\/wp-content\/uploads\/2019\/09\/logo-fosber-600.png 600w, https:\/\/www.warak.com\/wp-content\/uploads\/2019\/09\/logo-fosber-600-315x315.png 315w, https:\/\/www.warak.com\/wp-content\/uploads\/2019\/09\/logo-fosber-600-100x100.png 100w, https:\/\/www.warak.com\/wp-content\/uploads\/2019\/09\/logo-fosber-600-150x150.png 150w, https:\/\/www.warak.com\/wp-content\/uploads\/2019\/09\/logo-fosber-600-300x300.png 300w, https:\/\/www.warak.com\/wp-content\/uploads\/2019\/09\/logo-fosber-600-420x420.png 420w\" \/>\t\t\t\t\t\t<\/a>\n\t\t\t\t<a href=\"https:\/\/www.edfeurope.com\/en\/\" target=\"_blank\" rel=\"noopener\" itemprop=\"url\" title=\"Maquinaria cart\u00f3n ondulado\">\n\t\t\t\t\t\t\t<img decoding=\"async\" src=\"https:\/\/www.warak.com\/wp-content\/uploads\/2019\/09\/logo-edf-600.png\" alt=\"Maquinaria cart\u00f3n ondulado\" itemprop=\"image\" height=\"600\" width=\"600\" data-link-type=\"url\" title=\"logo edf 600\" onerror=\"this.style.display='none'\"  sizes=\"(max-width: 768px) 100vw, 100vw\" srcset=\"https:\/\/www.warak.com\/wp-content\/uploads\/2019\/09\/logo-edf-600.png 600w, https:\/\/www.warak.com\/wp-content\/uploads\/2019\/09\/logo-edf-600-315x315.png 315w, https:\/\/www.warak.com\/wp-content\/uploads\/2019\/09\/logo-edf-600-100x100.png 100w, https:\/\/www.warak.com\/wp-content\/uploads\/2019\/09\/logo-edf-600-150x150.png 150w, https:\/\/www.warak.com\/wp-content\/uploads\/2019\/09\/logo-edf-600-300x300.png 300w, https:\/\/www.warak.com\/wp-content\/uploads\/2019\/09\/logo-edf-600-420x420.png 420w\" \/>\t\t\t\t\t\t<\/a>\n\t\t\t\t<a href=\"https:\/\/df-global.cn\/Ecnindex.html\" target=\"_blank\" rel=\"noopener\" itemprop=\"url\" title=\"Maquinaria cart\u00f3n ondulado\">\n\t\t\t\t\t\t\t<img decoding=\"async\" src=\"https:\/\/www.warak.com\/wp-content\/uploads\/2019\/09\/logo-dongfang-600.png\" alt=\"Maquinaria cart\u00f3n ondulado\" itemprop=\"image\" height=\"600\" width=\"600\" data-link-type=\"url\" title=\"logo dongfang 600\" onerror=\"this.style.display='none'\"  sizes=\"(max-width: 768px) 100vw, 100vw\" srcset=\"https:\/\/www.warak.com\/wp-content\/uploads\/2019\/09\/logo-dongfang-600.png 600w, https:\/\/www.warak.com\/wp-content\/uploads\/2019\/09\/logo-dongfang-600-315x315.png 315w, https:\/\/www.warak.com\/wp-content\/uploads\/2019\/09\/logo-dongfang-600-100x100.png 100w, https:\/\/www.warak.com\/wp-content\/uploads\/2019\/09\/logo-dongfang-600-150x150.png 150w, https:\/\/www.warak.com\/wp-content\/uploads\/2019\/09\/logo-dongfang-600-300x300.png 300w, https:\/\/www.warak.com\/wp-content\/uploads\/2019\/09\/logo-dongfang-600-420x420.png 420w\" \/>\t\t\t\t\t\t<\/a>\n\t\t\t\t<a href=\"https:\/\/crespeldeitersgroup.com\/es\/\" target=\"_blank\" rel=\"noopener\" itemprop=\"url\" title=\"Maquinaria cart\u00f3n ondulado\">\n\t\t\t\t\t\t\t<img loading=\"lazy\" loading=\"lazy\" decoding=\"async\" src=\"https:\/\/www.warak.com\/wp-content\/uploads\/2019\/09\/logo-crespel.png\" alt=\"Maquinaria cart\u00f3n ondulado\" itemprop=\"image\" height=\"600\" width=\"600\" data-link-type=\"url\" title=\"logo crespel png\" onerror=\"this.style.display='none'\"  sizes=\"auto, (max-width: 768px) 100vw, 100vw\" srcset=\"https:\/\/www.warak.com\/wp-content\/uploads\/2019\/09\/logo-crespel.png 600w, https:\/\/www.warak.com\/wp-content\/uploads\/2019\/09\/logo-crespel-315x315.png 315w, https:\/\/www.warak.com\/wp-content\/uploads\/2019\/09\/logo-crespel-100x100.png 100w, https:\/\/www.warak.com\/wp-content\/uploads\/2019\/09\/logo-crespel-150x150.png 150w, https:\/\/www.warak.com\/wp-content\/uploads\/2019\/09\/logo-crespel-300x300.png 300w, https:\/\/www.warak.com\/wp-content\/uploads\/2019\/09\/logo-crespel-420x420.png 420w\" \/>\t\t\t\t\t\t<\/a>\n\n<\/div><!-- .vgblk-rw-wrapper -->","protected":false},"excerpt":{"rendered":"<p>Onduladora Fosber \u00e9 um fornecedor global l\u00edder na conce\u00e7\u00e3o, fabrico e instala\u00e7\u00e3o de linhas de ondular completas , desde canal simples at\u00e9 tripla onda. Transforma\u00e7\u00e3o Maquinaria de alta qualidade de&#8230;<\/p>\n","protected":false},"author":1,"featured_media":20598,"parent":0,"menu_order":0,"comment_status":"closed","ping_status":"closed","template":"","meta":{"inline_featured_image":false,"_price":"","_stock":"","_tribe_ticket_header":"","_tribe_default_ticket_provider":"","_ticket_start_date":"","_ticket_end_date":"","_tribe_ticket_show_description":"","_tribe_ticket_show_not_going":false,"_tribe_ticket_use_global_stock":"","_tribe_ticket_global_stock_level":"","_global_stock_mode":"","_global_stock_cap":"","_tribe_rsvp_for_event":"","_tribe_ticket_going_count":"","_tribe_ticket_not_going_count":"","_tribe_tickets_list":"[]","_tribe_ticket_has_attendee_info_fields":false,"footnotes":""},"class_list":["post-20597","page","type-page","status-publish","has-post-thumbnail","hentry"],"_links":{"self":[{"href":"https:\/\/www.warak.com\/pt-pt\/wp-json\/wp\/v2\/pages\/20597","targetHints":{"allow":["GET"]}}],"collection":[{"href":"https:\/\/www.warak.com\/pt-pt\/wp-json\/wp\/v2\/pages"}],"about":[{"href":"https:\/\/www.warak.com\/pt-pt\/wp-json\/wp\/v2\/types\/page"}],"author":[{"embeddable":true,"href":"https:\/\/www.warak.com\/pt-pt\/wp-json\/wp\/v2\/users\/1"}],"replies":[{"embeddable":true,"href":"https:\/\/www.warak.com\/pt-pt\/wp-json\/wp\/v2\/comments?post=20597"}],"version-history":[{"count":3,"href":"https:\/\/www.warak.com\/pt-pt\/wp-json\/wp\/v2\/pages\/20597\/revisions"}],"predecessor-version":[{"id":25851,"href":"https:\/\/www.warak.com\/pt-pt\/wp-json\/wp\/v2\/pages\/20597\/revisions\/25851"}],"wp:featuredmedia":[{"embeddable":true,"href":"https:\/\/www.warak.com\/pt-pt\/wp-json\/wp\/v2\/media\/20598"}],"wp:attachment":[{"href":"https:\/\/www.warak.com\/pt-pt\/wp-json\/wp\/v2\/media?parent=20597"}],"curies":[{"name":"wp","href":"https:\/\/api.w.org\/{rel}","templated":true}]}}