{"id":20600,"date":"2019-10-25T18:53:26","date_gmt":"2019-10-25T16:53:26","guid":{"rendered":"https:\/\/www.warak.com\/almacen-vertical-manutencion\/"},"modified":"2025-09-09T16:00:02","modified_gmt":"2025-09-09T14:00:02","slug":"armazenamento-vertical-logistica","status":"publish","type":"page","link":"https:\/\/www.warak.com\/pt-pt\/armazenamento-vertical-logistica\/","title":{"rendered":"Almacen vertical Manutenci\u00f3n"},"content":{"rendered":"<div class=\"vgblk-rw-wrapper limit-wrapper\">\n<h3>\n\t\t\t<a href=\"https:\/\/www.warak.com\/pt-pt\/armazem-vertical-carton-ondulado\/\" title=\"Armaz\u00e9m WIP\" target=\"_self\">\n\tArmaz\u00e9m WIP\n\t\t\t<\/a>\n\t<\/h3>\n\tSomos especialistas na conce\u00e7\u00e3o e montagem de armaz\u00e9ns verticais de produto interm\u00e9dio para f\u00e1bricas de cart\u00e3o ondulado.\n<h3>\n\t\t\t<a href=\"https:\/\/www.warak.com\/pt-pt\/manutencion\/\" title=\"Manuten\u00e7\u00e3o\" target=\"_self\">\n\tManuten\u00e7\u00e3o\n\t\t\t<\/a>\n\t<\/h3>\n\tUma boa planifica\u00e7\u00e3o e um esquema de manuten\u00e7\u00e3o adequado melhoram substancialmente a produtividade do parque de maquinaria instalado.\n<h3>\n\t\t\t<a href=\"https:\/\/www.warak.com\/pt-pt\/software\/\" title=\"Software\" target=\"_self\">\n\tSoftware\n\t\t\t<\/a>\n\t<\/h3>\n\tO nosso software permite uma rastreabilidade total sem etiquetas durante todo o processo produtivo..\n<p>&nbsp;<\/p>\n<h3>\n\t\t\t<a href=\"https:\/\/www.warak.com\/pt-pt\/home-almacen-vertical-manutencion\/estudio-viabilidad-vertical\/\" title=\"Estudo de viabilidade\" target=\"_self\">\n\tEstudo de viabilidade\n\t\t\t<\/a>\n\t<\/h3>\n\tTomando por base os dados reais de cada f\u00e1brica, realizamos um c\u00e1lculo dos benef\u00edcios de uma estrutura vertical.\n\t<h1>\u00daltimo <strong>Projeto<\/strong><\/h1>\n<h5>\n\tArmaz\u00e9m vertical &#8211; WIP\n\t<\/h5>\n\tO nosso \u00faltimo projeto foi com o Grupo Rossmann em Bucareste. Colabor\u00e1mos na constru\u00e7\u00e3o de uma nova f\u00e1brica com armaz\u00e9m vertical autoportante de 18 metros de altura, bem como em toda a instala\u00e7\u00e3o e controlo da log\u00edstica interna da f\u00e1brica, desde a onduladora at\u00e9 aos envios.\n<h2>\n\tRomcarton &#8211; Ruman\u00eda\n\t<\/h2>\n\t<p>Rossman Group<\/p>\n\t<a href=\"https:\/\/youtu.be\/ToXPj2OsAhc\" target=\"_blank\" role=\"button\"  data-vamtam-lightbox=\"&lt;div class=&quot;vamtam-video-frame&quot;&gt;&lt;iframe title=&quot;Warak Consulting - Logistics&quot; width=&quot;1260&quot; height=&quot;709&quot; src=&quot;https:\/\/www.youtube.com\/embed\/ToXPj2OsAhc?feature=oembed&quot; frameborder=&quot;0&quot; allow=&quot;accelerometer; autoplay; encrypted-media; gyroscope; picture-in-picture&quot; allowfullscreen&gt;&lt;\/iframe&gt;&lt;\/div&gt;\"style=\"font-size:14px;line-height:16px;padding:16px 32px;\">\n\t\t\t\t\tVer V\u00eddeo\n\t<\/a>\n\n<\/div><!-- .vgblk-rw-wrapper -->","protected":false},"excerpt":{"rendered":"<p>Armaz\u00e9m WIP Somos especialistas na conce\u00e7\u00e3o e montagem de armaz\u00e9ns verticais de produto interm\u00e9dio para f\u00e1bricas de cart\u00e3o ondulado. Manuten\u00e7\u00e3o Uma boa planifica\u00e7\u00e3o e um esquema de manuten\u00e7\u00e3o adequado melhoram&#8230;<\/p>\n","protected":false},"author":1,"featured_media":20598,"parent":0,"menu_order":0,"comment_status":"closed","ping_status":"closed","template":"","meta":{"inline_featured_image":false,"_price":"","_stock":"","_tribe_ticket_header":"","_tribe_default_ticket_provider":"","_ticket_start_date":"","_ticket_end_date":"","_tribe_ticket_show_description":"","_tribe_ticket_show_not_going":false,"_tribe_ticket_use_global_stock":"","_tribe_ticket_global_stock_level":"","_global_stock_mode":"","_global_stock_cap":"","_tribe_rsvp_for_event":"","_tribe_ticket_going_count":"","_tribe_ticket_not_going_count":"","_tribe_tickets_list":"[]","_tribe_ticket_has_attendee_info_fields":false,"footnotes":""},"class_list":["post-20600","page","type-page","status-publish","has-post-thumbnail","hentry"],"_links":{"self":[{"href":"https:\/\/www.warak.com\/pt-pt\/wp-json\/wp\/v2\/pages\/20600","targetHints":{"allow":["GET"]}}],"collection":[{"href":"https:\/\/www.warak.com\/pt-pt\/wp-json\/wp\/v2\/pages"}],"about":[{"href":"https:\/\/www.warak.com\/pt-pt\/wp-json\/wp\/v2\/types\/page"}],"author":[{"embeddable":true,"href":"https:\/\/www.warak.com\/pt-pt\/wp-json\/wp\/v2\/users\/1"}],"replies":[{"embeddable":true,"href":"https:\/\/www.warak.com\/pt-pt\/wp-json\/wp\/v2\/comments?post=20600"}],"version-history":[{"count":3,"href":"https:\/\/www.warak.com\/pt-pt\/wp-json\/wp\/v2\/pages\/20600\/revisions"}],"predecessor-version":[{"id":25859,"href":"https:\/\/www.warak.com\/pt-pt\/wp-json\/wp\/v2\/pages\/20600\/revisions\/25859"}],"wp:featuredmedia":[{"embeddable":true,"href":"https:\/\/www.warak.com\/pt-pt\/wp-json\/wp\/v2\/media\/20598"}],"wp:attachment":[{"href":"https:\/\/www.warak.com\/pt-pt\/wp-json\/wp\/v2\/media?parent=20600"}],"curies":[{"name":"wp","href":"https:\/\/api.w.org\/{rel}","templated":true}]}}