{"id":20602,"date":"2019-10-25T23:32:52","date_gmt":"2019-10-25T21:32:52","guid":{"rendered":"https:\/\/www.warak.com\/ingenieria-para-carton-ondulado\/"},"modified":"2025-07-29T11:29:16","modified_gmt":"2025-07-29T09:29:16","slug":"ingenieria-para-carton-ondulado","status":"publish","type":"page","link":"https:\/\/www.warak.com\/pt-pt\/ingenieria-para-carton-ondulado\/","title":{"rendered":"Ingenier\u00eda para cart\u00f3n ondulado"},"content":{"rendered":"<div class=\"vgblk-rw-wrapper limit-wrapper\">\n<h3>\n\t\t\t<a href=\"https:\/\/www.warak.com\/pt-pt\/ingenieria-consultoria\/gemelo-digital\/\" title=\"G\u00e9meo digital da sua f\u00e1brica\" target=\"_self\" rel=\"noopener noreferrer\">\n\tG\u00e9meo digital da sua f\u00e1brica\n\t\t\t<\/a>\n\t<\/h3>\n\tSimula\u00e7\u00e3o da f\u00e1brica em 3D com dados reais de produ\u00e7\u00e3o com o objetivo de identificar melhorias e processos pouco eficazes.\n<h3>\n\t\t\t<a href=\"https:\/\/www.warak.com\/pt-pt\/ingenieria-consultoria-diseno-de-fabricas\/\" title=\"Design de instala\u00e7\u00f5es de produ\u00e7\u00e3o\" target=\"_self\" rel=\"noopener noreferrer\">\n\tDesign de instala\u00e7\u00f5es de produ\u00e7\u00e3o\n\t\t\t<\/a>\n\t<\/h3>\n\tProjeto de design &#8220;chave na m\u00e3o&#8221;, que inclui parte produtiva, log\u00edstica e armazenamento, assim como envio do produto final.\n<h3>\n\t\t\t<a href=\"https:\/\/www.warak.com\/pt-pt\/ingenieria-consultoria-mejoras-logistica\/\" title=\"Melhoria cont\u00ednua em log\u00edstica\" target=\"_self\" rel=\"noopener noreferrer\">\n\tMelhoria cont\u00ednua em log\u00edstica\n\t\t\t<\/a>\n\t<\/h3>\n\tProcura de solu\u00e7\u00f5es atrav\u00e9s do estudo dos processos de cada f\u00e1brica e conce\u00e7\u00e3o de solu\u00e7\u00f5es em fun\u00e7\u00e3o da sua capacidade.\n<p>&nbsp;<\/p>\n<\/div><!-- .vgblk-rw-wrapper -->","protected":false},"excerpt":{"rendered":"<p>G\u00e9meo digital da sua f\u00e1brica Simula\u00e7\u00e3o da f\u00e1brica em 3D com dados reais de produ\u00e7\u00e3o com o objetivo de identificar melhorias e processos pouco eficazes. Design de instala\u00e7\u00f5es de produ\u00e7\u00e3o&#8230;<\/p>\n","protected":false},"author":1,"featured_media":20598,"parent":0,"menu_order":0,"comment_status":"closed","ping_status":"closed","template":"","meta":{"inline_featured_image":false,"_price":"","_stock":"","_tribe_ticket_header":"","_tribe_default_ticket_provider":"","_ticket_start_date":"","_ticket_end_date":"","_tribe_ticket_show_description":"","_tribe_ticket_show_not_going":false,"_tribe_ticket_use_global_stock":"","_tribe_ticket_global_stock_level":"","_global_stock_mode":"","_global_stock_cap":"","_tribe_rsvp_for_event":"","_tribe_ticket_going_count":"","_tribe_ticket_not_going_count":"","_tribe_tickets_list":"[]","_tribe_ticket_has_attendee_info_fields":false,"footnotes":""},"class_list":["post-20602","page","type-page","status-publish","has-post-thumbnail","hentry"],"_links":{"self":[{"href":"https:\/\/www.warak.com\/pt-pt\/wp-json\/wp\/v2\/pages\/20602","targetHints":{"allow":["GET"]}}],"collection":[{"href":"https:\/\/www.warak.com\/pt-pt\/wp-json\/wp\/v2\/pages"}],"about":[{"href":"https:\/\/www.warak.com\/pt-pt\/wp-json\/wp\/v2\/types\/page"}],"author":[{"embeddable":true,"href":"https:\/\/www.warak.com\/pt-pt\/wp-json\/wp\/v2\/users\/1"}],"replies":[{"embeddable":true,"href":"https:\/\/www.warak.com\/pt-pt\/wp-json\/wp\/v2\/comments?post=20602"}],"version-history":[{"count":2,"href":"https:\/\/www.warak.com\/pt-pt\/wp-json\/wp\/v2\/pages\/20602\/revisions"}],"predecessor-version":[{"id":25494,"href":"https:\/\/www.warak.com\/pt-pt\/wp-json\/wp\/v2\/pages\/20602\/revisions\/25494"}],"wp:featuredmedia":[{"embeddable":true,"href":"https:\/\/www.warak.com\/pt-pt\/wp-json\/wp\/v2\/media\/20598"}],"wp:attachment":[{"href":"https:\/\/www.warak.com\/pt-pt\/wp-json\/wp\/v2\/media?parent=20602"}],"curies":[{"name":"wp","href":"https:\/\/api.w.org\/{rel}","templated":true}]}}