{"id":20611,"date":"2019-10-26T00:18:09","date_gmt":"2019-10-25T22:18:09","guid":{"rendered":"https:\/\/www.warak.com\/onduladoras-carton-ondulado-fosber\/"},"modified":"2025-09-09T15:52:31","modified_gmt":"2025-09-09T13:52:31","slug":"onduladoras-carton-ondulado-fosber","status":"publish","type":"page","link":"https:\/\/www.warak.com\/pt-pt\/onduladoras-carton-ondulado-fosber\/","title":{"rendered":"Onduladoras cart\u00f3n ondulado Fosber"},"content":{"rendered":"<div class=\"vgblk-rw-wrapper limit-wrapper\">\n<h1>\n\t\t\tOnduladoras de cart\u00e3o canelado fosber\t<\/h1>\n<h2>\n\tFOSBER C\/LINE\n\t<\/h2>\n\t<p>A linha Fosber C \u00e9 uma linha de ondula\u00e7\u00e3o eficiente e flex\u00edvel, com velocidade m\u00e1xima de at\u00e9 300mpm para produ\u00e7\u00f5es m\u00e9dias com um custo de investimento mais acess\u00edvel.<\/p>\n\t<a href=\"https:\/\/www.fosbergroup.com\/en\/\" target=\"_blank\" role=\"button\">\n\t\t\t\t\tMore\n\t<\/a>\n<h2>\n\tFOSBER S\/LINE\n\t<\/h2>\n\t<p>Atualmente, a linha S da Fosber \u00e9 o melhor corrugador existente no mundo, com velocidade de at\u00e9 420mpm, apenas para f\u00e1bricas de alta produ\u00e7\u00e3o e necessidade de desempenho m\u00e1ximo. Totalmente autom\u00e1tico com todos os controles de fabrica\u00e7\u00e3o em ciclo fechado.<\/p>\n\t<a href=\"https:\/\/www.fosbergroup.com\/en\/products\/the-lines\/s-line-420\/\" target=\"_blank\" role=\"button\">\n\t\t\t\t\tMore\n\t<\/a>\n\n<\/div><!-- .vgblk-rw-wrapper -->","protected":false},"excerpt":{"rendered":"<p>Onduladoras de cart\u00e3o canelado fosber FOSBER C\/LINE A linha Fosber C \u00e9 uma linha de ondula\u00e7\u00e3o eficiente e flex\u00edvel, com velocidade m\u00e1xima de at\u00e9 300mpm para produ\u00e7\u00f5es m\u00e9dias com um&#8230;<\/p>\n","protected":false},"author":1,"featured_media":0,"parent":0,"menu_order":0,"comment_status":"closed","ping_status":"closed","template":"","meta":{"inline_featured_image":false,"_price":"","_stock":"","_tribe_ticket_header":"","_tribe_default_ticket_provider":"","_ticket_start_date":"","_ticket_end_date":"","_tribe_ticket_show_description":"","_tribe_ticket_show_not_going":false,"_tribe_ticket_use_global_stock":"","_tribe_ticket_global_stock_level":"","_global_stock_mode":"","_global_stock_cap":"","_tribe_rsvp_for_event":"","_tribe_ticket_going_count":"","_tribe_ticket_not_going_count":"","_tribe_tickets_list":"[]","_tribe_ticket_has_attendee_info_fields":false,"footnotes":""},"class_list":["post-20611","page","type-page","status-publish","hentry"],"_links":{"self":[{"href":"https:\/\/www.warak.com\/pt-pt\/wp-json\/wp\/v2\/pages\/20611","targetHints":{"allow":["GET"]}}],"collection":[{"href":"https:\/\/www.warak.com\/pt-pt\/wp-json\/wp\/v2\/pages"}],"about":[{"href":"https:\/\/www.warak.com\/pt-pt\/wp-json\/wp\/v2\/types\/page"}],"author":[{"embeddable":true,"href":"https:\/\/www.warak.com\/pt-pt\/wp-json\/wp\/v2\/users\/1"}],"replies":[{"embeddable":true,"href":"https:\/\/www.warak.com\/pt-pt\/wp-json\/wp\/v2\/comments?post=20611"}],"version-history":[{"count":3,"href":"https:\/\/www.warak.com\/pt-pt\/wp-json\/wp\/v2\/pages\/20611\/revisions"}],"predecessor-version":[{"id":25846,"href":"https:\/\/www.warak.com\/pt-pt\/wp-json\/wp\/v2\/pages\/20611\/revisions\/25846"}],"wp:attachment":[{"href":"https:\/\/www.warak.com\/pt-pt\/wp-json\/wp\/v2\/media?parent=20611"}],"curies":[{"name":"wp","href":"https:\/\/api.w.org\/{rel}","templated":true}]}}