{"id":20617,"date":"2019-10-25T23:38:03","date_gmt":"2019-10-25T21:38:03","guid":{"rendered":"https:\/\/www.warak.com\/cocinas-cola-carton-ondulado\/"},"modified":"2025-09-09T15:56:20","modified_gmt":"2025-09-09T13:56:20","slug":"cozinhas-papelao-ondulado","status":"publish","type":"page","link":"https:\/\/www.warak.com\/pt-pt\/cozinhas-papelao-ondulado\/","title":{"rendered":"Cozinhas de papel\u00e3o ondulado"},"content":{"rendered":"<div class=\"vgblk-rw-wrapper limit-wrapper\">\n<h1>\n\t\t\tCozinhas papelao ondulado\t<\/h1>\n\t<p>A experi\u00eancia de mais de 20 anos na aplica\u00e7\u00e3o de amidos em onduladeiras nos permitiu projetar, fabricar e instalar cozinhas para a prepara\u00e7\u00e3o de amidos em onduladeiras de alto desempenho. Cozinhas modulares ou cozinhas \u00e0 medida das necessidades de cada cliente, sempre com o profissionalismo e experi\u00eancia dos nossos especialistas.<\/p>\n<p>Para mais informa\u00e7\u00f5es, consulte nosso site especializado: <a href=\"https:\/\/warakteknic.com\/pt-pt\/\" target=\"_blank\" rel=\"noopener\">Warakteknic<\/a><\/p>\n\n<\/div><!-- .vgblk-rw-wrapper -->","protected":false},"excerpt":{"rendered":"<p>Cozinhas papelao ondulado A experi\u00eancia de mais de 20 anos na aplica\u00e7\u00e3o de amidos em onduladeiras nos permitiu projetar, fabricar e instalar cozinhas para a prepara\u00e7\u00e3o de amidos em onduladeiras&#8230;<\/p>\n","protected":false},"author":1,"featured_media":20598,"parent":0,"menu_order":0,"comment_status":"closed","ping_status":"closed","template":"","meta":{"inline_featured_image":false,"_price":"","_stock":"","_tribe_ticket_header":"","_tribe_default_ticket_provider":"","_ticket_start_date":"","_ticket_end_date":"","_tribe_ticket_show_description":"","_tribe_ticket_show_not_going":false,"_tribe_ticket_use_global_stock":"","_tribe_ticket_global_stock_level":"","_global_stock_mode":"","_global_stock_cap":"","_tribe_rsvp_for_event":"","_tribe_ticket_going_count":"","_tribe_ticket_not_going_count":"","_tribe_tickets_list":"[]","_tribe_ticket_has_attendee_info_fields":false,"footnotes":""},"class_list":["post-20617","page","type-page","status-publish","has-post-thumbnail","hentry"],"_links":{"self":[{"href":"https:\/\/www.warak.com\/pt-pt\/wp-json\/wp\/v2\/pages\/20617","targetHints":{"allow":["GET"]}}],"collection":[{"href":"https:\/\/www.warak.com\/pt-pt\/wp-json\/wp\/v2\/pages"}],"about":[{"href":"https:\/\/www.warak.com\/pt-pt\/wp-json\/wp\/v2\/types\/page"}],"author":[{"embeddable":true,"href":"https:\/\/www.warak.com\/pt-pt\/wp-json\/wp\/v2\/users\/1"}],"replies":[{"embeddable":true,"href":"https:\/\/www.warak.com\/pt-pt\/wp-json\/wp\/v2\/comments?post=20617"}],"version-history":[{"count":2,"href":"https:\/\/www.warak.com\/pt-pt\/wp-json\/wp\/v2\/pages\/20617\/revisions"}],"predecessor-version":[{"id":25855,"href":"https:\/\/www.warak.com\/pt-pt\/wp-json\/wp\/v2\/pages\/20617\/revisions\/25855"}],"wp:featuredmedia":[{"embeddable":true,"href":"https:\/\/www.warak.com\/pt-pt\/wp-json\/wp\/v2\/media\/20598"}],"wp:attachment":[{"href":"https:\/\/www.warak.com\/pt-pt\/wp-json\/wp\/v2\/media?parent=20617"}],"curies":[{"name":"wp","href":"https:\/\/api.w.org\/{rel}","templated":true}]}}