{"id":20620,"date":"2019-10-26T00:43:53","date_gmt":"2019-10-25T22:43:53","guid":{"rendered":"https:\/\/www.warak.com\/almacen-vertical-carton-ondulado\/"},"modified":"2025-09-09T16:05:10","modified_gmt":"2025-09-09T14:05:10","slug":"armazem-vertical-carton-ondulado","status":"publish","type":"page","link":"https:\/\/www.warak.com\/pt-pt\/armazem-vertical-carton-ondulado\/","title":{"rendered":"Armaz\u00e9m vertical cart\u00e3o ondulado"},"content":{"rendered":"<div class=\"vgblk-rw-wrapper limit-wrapper\">\n\n\t\t<iframe width=\"560\" height=\"220\" src=\"https:\/\/www.youtube.com\/embed\/gWDbfXqWKU0\" frameborder=\"0\" allow=\"accelerometer; autoplay; clipboard-write; encrypted-media; gyroscope; picture-in-picture\" allowfullscreen><\/iframe>\t\n<h5>\n\tA solu\u00e7\u00e3o para hoje e para amanh\u00e3\n\t<\/h5>\n<h1>\n\t\t\tArmaz\u00e9m vertical <br \/><b>cart\u00e3o ondulado<\/b>\t<\/h1>\n\tAs raz\u00f5es para passar para o armazenamento vertical s\u00e3o irrefut\u00e1veis do ponto de vista t\u00e9cnico, de efici\u00eancia energ\u00e9tica e de gest\u00e3o.\nO sistema com transelevadores permite aumentar o espa\u00e7o interm\u00e9dio da prancha, aumentando a efici\u00eancia da onduladora, reduzindo o desperd\u00edcio na sec\u00e7\u00e3o de transforma\u00e7\u00e3o e permitindo um controlo total do stock interno.\n\t\t\t\t\t\t\t<img fetchpriority=\"high\" fetchpriority=\"high\" decoding=\"async\" src=\"https:\/\/www.warak.com\/wp-content\/uploads\/2019\/10\/selfstandrackbuilding.jpg\" alt=\"Almac\u00e9n vertical cart\u00f3n ondulado\" itemprop=\"image\" height=\"1266\" width=\"1920\" title=\"self stand rack building\" onerror=\"this.style.display='none'\"  sizes=\"(max-width: 768px) 100vw, 100vw\" srcset=\"https:\/\/www.warak.com\/wp-content\/uploads\/2019\/10\/selfstandrackbuilding.jpg 1920w, https:\/\/www.warak.com\/wp-content\/uploads\/2019\/10\/selfstandrackbuilding-630x415.jpg 630w, https:\/\/www.warak.com\/wp-content\/uploads\/2019\/10\/selfstandrackbuilding-300x198.jpg 300w, https:\/\/www.warak.com\/wp-content\/uploads\/2019\/10\/selfstandrackbuilding-768x506.jpg 768w, https:\/\/www.warak.com\/wp-content\/uploads\/2019\/10\/selfstandrackbuilding-1024x675.jpg 1024w, https:\/\/www.warak.com\/wp-content\/uploads\/2019\/10\/selfstandrackbuilding-1260x831.jpg 1260w, https:\/\/www.warak.com\/wp-content\/uploads\/2019\/10\/selfstandrackbuilding-420x277.jpg 420w, https:\/\/www.warak.com\/wp-content\/uploads\/2019\/10\/selfstandrackbuilding-840x554.jpg 840w, https:\/\/www.warak.com\/wp-content\/uploads\/2019\/10\/selfstandrackbuilding-315x208.jpg 315w\" \/>\t\t\t\t\t\t\t\n<h4>\n\tVantagens comparativas:\n\t<\/h4>\n\t\t\t\t\t\t\t<img decoding=\"async\" src=\"https:\/\/www.warak.com\/wp-content\/uploads\/2019\/10\/png-horizontal-1.png\" alt=\"Flat conveyors\" itemprop=\"image\" height=\"500\" width=\"500\" title=\"flat conveyors\" onerror=\"this.style.display='none'\"  sizes=\"(max-width: 768px) 100vw, 100vw\" srcset=\"https:\/\/www.warak.com\/wp-content\/uploads\/2019\/10\/png-horizontal-1.png 500w, https:\/\/www.warak.com\/wp-content\/uploads\/2019\/10\/png-horizontal-1-315x315.png 315w, https:\/\/www.warak.com\/wp-content\/uploads\/2019\/10\/png-horizontal-1-100x100.png 100w, https:\/\/www.warak.com\/wp-content\/uploads\/2019\/10\/png-horizontal-1-150x150.png 150w, https:\/\/www.warak.com\/wp-content\/uploads\/2019\/10\/png-horizontal-1-300x300.png 300w, https:\/\/www.warak.com\/wp-content\/uploads\/2019\/10\/png-horizontal-1-420x420.png 420w\" \/>\t\t\t\t\t\t\t\n<h3>\n\tArmazenamento horizontal\n\t<\/h3>\n\t<ul>\n<li>Limitado ao sistema<\/li>\n<li>Perda de superf\u00edcie operacional de 40%.<\/li>\n<li>Pouco controlo do stock.<\/li>\n<li>Maior consumo por movimento.<\/li>\n<li>Custos elevados de funcionamento e manuten\u00e7\u00e3o.<\/li>\n<li>Perdas devido \u00e0 interven\u00e7\u00e3o manual.<\/li>\n<li>Dificuldade de cumprimento das normas de sa\u00fade alimentar de RBC.<\/li>\n<li>Perdas por falta de rastreabilidade.<\/li>\n<\/ul>\n<p>&nbsp;<\/p>\n\t\t\t\t\t\t\t<img decoding=\"async\" src=\"https:\/\/www.warak.com\/wp-content\/uploads\/2019\/10\/png-vertical-1.png\" alt=\"Warak vertical storage\" itemprop=\"image\" height=\"500\" width=\"500\" title=\"vertical storage\" onerror=\"this.style.display='none'\"  sizes=\"(max-width: 768px) 100vw, 100vw\" srcset=\"https:\/\/www.warak.com\/wp-content\/uploads\/2019\/10\/png-vertical-1.png 500w, https:\/\/www.warak.com\/wp-content\/uploads\/2019\/10\/png-vertical-1-315x315.png 315w, https:\/\/www.warak.com\/wp-content\/uploads\/2019\/10\/png-vertical-1-100x100.png 100w, https:\/\/www.warak.com\/wp-content\/uploads\/2019\/10\/png-vertical-1-150x150.png 150w, https:\/\/www.warak.com\/wp-content\/uploads\/2019\/10\/png-vertical-1-300x300.png 300w, https:\/\/www.warak.com\/wp-content\/uploads\/2019\/10\/png-vertical-1-420x420.png 420w\" \/>\t\t\t\t\t\t\t\n<h3>\n\tArmazenamento Vertical\n\t<\/h3>\n\t<ul>\n<li>Movimento independente de pilhas eliminando o sistema<\/li>\n<li>Capacidade de armazenamento at\u00e9 3 ou 4 vezes superior na mesma superf\u00edcie.<\/li>\n<li>Controlo integral do stock em tempo real.<\/li>\n<li>Redu\u00e7\u00e3o de 80% em componentes.<\/li>\n<li>Redu\u00e7\u00e3o de 80% em pot\u00eancia instalada.<\/li>\n<li>Melhor conserva\u00e7\u00e3o e secagem de pilhas.<\/li>\n<li>Recinto sem oper\u00e1rios, seguran\u00e7a a 100%.<\/li>\n<li>Rastreabilidade total sem etiquetas.<\/li>\n<\/ul>\n\t\t\t\t\t\t\t<img loading=\"lazy\" loading=\"lazy\" decoding=\"async\" src=\"https:\/\/www.warak.com\/wp-content\/uploads\/2019\/10\/png-traslo.png\" alt=\"Warak stacker crane\" itemprop=\"image\" height=\"500\" width=\"500\" title=\"Transelevador warak\" onerror=\"this.style.display='none'\"  sizes=\"auto, (max-width: 768px) 100vw, 100vw\" srcset=\"https:\/\/www.warak.com\/wp-content\/uploads\/2019\/10\/png-traslo.png 500w, https:\/\/www.warak.com\/wp-content\/uploads\/2019\/10\/png-traslo-315x315.png 315w, https:\/\/www.warak.com\/wp-content\/uploads\/2019\/10\/png-traslo-100x100.png 100w, https:\/\/www.warak.com\/wp-content\/uploads\/2019\/10\/png-traslo-150x150.png 150w, https:\/\/www.warak.com\/wp-content\/uploads\/2019\/10\/png-traslo-300x300.png 300w, https:\/\/www.warak.com\/wp-content\/uploads\/2019\/10\/png-traslo-420x420.png 420w\" \/>\t\t\t\t\t\t\t\n<h3>\n\tVantagens Warak\n\t<\/h3>\n\t<ul>\n<li>Transelevador de pranchas de 5,5 metros.<\/li>\n<li>C\u00e9lulas de grande tamanho com distribui\u00e7\u00e3o vari\u00e1vel de pilhas.<\/li>\n<li>Forquilhas de acionamento inteligente, v\u00e1rios pedidos ao mesmo tempo.<\/li>\n<li>Planifica\u00e7\u00e3o sobre\u00a0<a href=\"https:\/\/www.warak.com\/ingenieria-consultoria\/analisis-de-flujos-de-trabajo\/\"><strong>g\u00e9meo digital<\/strong><\/a>3D baseado em dados reais de produ\u00e7\u00e3o.<\/li>\n<li>Controlo de stock e maquinaria em tempo real e de forma remota.<\/li>\n<li>Auditoria integral em qualquer momento.<\/li>\n<\/ul>\n<h2>\n\tPlanifica\u00e7\u00e3o e controlo <b>4.0<\/b>\n\t<\/h2>\n\t<p>O software IMOVE oferece vantagens-chave aos processos da f\u00e1brica.<\/p>\n\t\t\tProtocolos de comunica\u00e7\u00e3o\n\t\tO m\u00f3dulo de comunica\u00e7\u00f5es integra o software ERP da f\u00e1brica, o protocolo de sa\u00eddas de onduladoras e m\u00e1quinas de transforma\u00e7\u00e3o, o SGA do armaz\u00e9m vertical e a rede Profinet com os PLC.\n\t\t\tForma\u00e7\u00e3o de blocos\n\t\tO c\u00e1lculo para a forma\u00e7\u00e3o de blocos \u00e9 essencial para o bom funcionamento de um armaz\u00e9m vertical. O sistema otimiza de maneira constante as pilhas de cart\u00e3o de sa\u00edda para a onduladora, formando blocos de cart\u00e3o da maior dimens\u00e3o poss\u00edvel, e reduzindo assim o n\u00famero de ciclos de transporte.\n\t\t\tControlo dimensional\n\t\tPreviamente \u00e0 chegada dos blocos \u00e0 cabeceira do armaz\u00e9m vertical, realiza-se um controlo dimensional para eliminar incidentes nas cargas dos transelevadores.\n\t\t\tDistribui\u00e7\u00e3o para m\u00e1quinas de transforma\u00e7\u00e3o.\n\t\tDependendo da programa\u00e7\u00e3o de pedidos do ERP, IMOVE escolhe os blocos para serem entregues na sec\u00e7\u00e3o de transforma\u00e7\u00e3o, assegurando de maneira constante o abastecimento de todas as m\u00e1quinas.\n\t\t\tVisualiza\u00e7\u00e3o e intera\u00e7\u00e3o com as pilhas de cart\u00e3o\n\t\tO software permite visualizar qualquer pilha de cart\u00e3o que estiver dentro do sistema de manuten\u00e7\u00e3o, e modificar os respetivos dados de pedido ou destino.\n\t\t\tRastreabilidade total\n\t\tImove guarda um ficheiro de hist\u00f3rico de cada pilha desde a sa\u00edda da onduladora at\u00e9 ao seu envio.\n\t\t\tRelat\u00f3rios\n\t\t\nDependendo dos dados do ERP, podemos preparar um relat\u00f3rio preditivo sobre o estado do armaz\u00e9m vertical em qualquer momento.\n\n\t\t\t\t\t\t\t<img loading=\"lazy\" loading=\"lazy\" decoding=\"async\" src=\"https:\/\/www.warak.com\/wp-content\/uploads\/2019\/10\/Control-imove.png\" alt=\"El software IMOVE ofrece ventajas clave al proceso de f\u00e1brica.\" itemprop=\"image\" height=\"1080\" width=\"1920\" title=\"Corrugated engineering\" onerror=\"this.style.display='none'\"  sizes=\"auto, (max-width: 768px) 100vw, 100vw\" srcset=\"https:\/\/www.warak.com\/wp-content\/uploads\/2019\/10\/Control-imove.png 1920w, https:\/\/www.warak.com\/wp-content\/uploads\/2019\/10\/Control-imove-630x354.png 630w, https:\/\/www.warak.com\/wp-content\/uploads\/2019\/10\/Control-imove-300x169.png 300w, https:\/\/www.warak.com\/wp-content\/uploads\/2019\/10\/Control-imove-768x432.png 768w, https:\/\/www.warak.com\/wp-content\/uploads\/2019\/10\/Control-imove-1024x576.png 1024w, https:\/\/www.warak.com\/wp-content\/uploads\/2019\/10\/Control-imove-1260x709.png 1260w, https:\/\/www.warak.com\/wp-content\/uploads\/2019\/10\/Control-imove-420x236.png 420w, https:\/\/www.warak.com\/wp-content\/uploads\/2019\/10\/Control-imove-840x473.png 840w, https:\/\/www.warak.com\/wp-content\/uploads\/2019\/10\/Control-imove-315x177.png 315w\" \/>\t\t\t\t\t\t\t\n\t<h2>A opini\u00e3o dos <br \/><strong>nossos clientes<\/strong><\/h2>\n<h5>\n\tDiretor t\u00e9cnico Romcarton  &#8211; Rossmann Group\n\t<\/h5>\n\tGuillaume Grandviennot fala-nos um ano depois de ter mudado de uma estrutura plana de armazenamento para um sistema vertical.\n\t<a href=\"https:\/\/youtu.be\/fjTLkUHiYRU\" target=\"_blank\" role=\"button\"  data-vamtam-lightbox=\"&lt;div class=&quot;vamtam-video-frame&quot;&gt;&lt;iframe title=&quot;Entrevista Romcarton&quot; width=&quot;1260&quot; height=&quot;709&quot; src=&quot;https:\/\/www.youtube.com\/embed\/fjTLkUHiYRU?feature=oembed&quot; frameborder=&quot;0&quot; allow=&quot;accelerometer; autoplay; encrypted-media; gyroscope; picture-in-picture&quot; allowfullscreen&gt;&lt;\/iframe&gt;&lt;\/div&gt;\"style=\"font-size:14px;line-height:16px;padding:16px 32px;\">\n\t\t\t\t\tVer Video\n\t<\/a>\n<h2>\n\tGuillaume Grandviennot\n\t<\/h2>\n\t<p>Rossmann Group<\/p>\n\t<p>Se desejar conhecer todas as vantagens que uma instala\u00e7\u00e3o vertical lhe pode oferecer, informe-se sobre o nosso <strong>estudo de viabilidade.<\/strong><\/p>\n\t<a href=\"https:\/\/www.warak.com\/pt-pt\/home-almacen-vertical-manutencion\/estudio-viabilidad-vertical\/\" target=\"_self\" role=\"button\">\n\t\t\t\t\tACEDER AO ESTUDO DE VIABILIDADE\n\t<\/a>\n\n<\/div><!-- .vgblk-rw-wrapper -->","protected":false},"excerpt":{"rendered":"<p>A solu\u00e7\u00e3o para hoje e para amanh\u00e3 Armaz\u00e9m vertical cart\u00e3o ondulado As raz\u00f5es para passar para o armazenamento vertical s\u00e3o irrefut\u00e1veis do ponto de vista t\u00e9cnico, de efici\u00eancia energ\u00e9tica e&#8230;<\/p>\n","protected":false},"author":1,"featured_media":0,"parent":0,"menu_order":0,"comment_status":"closed","ping_status":"closed","template":"","meta":{"inline_featured_image":false,"_price":"","_stock":"","_tribe_ticket_header":"","_tribe_default_ticket_provider":"","_ticket_start_date":"","_ticket_end_date":"","_tribe_ticket_show_description":"","_tribe_ticket_show_not_going":false,"_tribe_ticket_use_global_stock":"","_tribe_ticket_global_stock_level":"","_global_stock_mode":"","_global_stock_cap":"","_tribe_rsvp_for_event":"","_tribe_ticket_going_count":"","_tribe_ticket_not_going_count":"","_tribe_tickets_list":"[]","_tribe_ticket_has_attendee_info_fields":false,"footnotes":""},"class_list":["post-20620","page","type-page","status-publish","hentry"],"_links":{"self":[{"href":"https:\/\/www.warak.com\/pt-pt\/wp-json\/wp\/v2\/pages\/20620","targetHints":{"allow":["GET"]}}],"collection":[{"href":"https:\/\/www.warak.com\/pt-pt\/wp-json\/wp\/v2\/pages"}],"about":[{"href":"https:\/\/www.warak.com\/pt-pt\/wp-json\/wp\/v2\/types\/page"}],"author":[{"embeddable":true,"href":"https:\/\/www.warak.com\/pt-pt\/wp-json\/wp\/v2\/users\/1"}],"replies":[{"embeddable":true,"href":"https:\/\/www.warak.com\/pt-pt\/wp-json\/wp\/v2\/comments?post=20620"}],"version-history":[{"count":1,"href":"https:\/\/www.warak.com\/pt-pt\/wp-json\/wp\/v2\/pages\/20620\/revisions"}],"predecessor-version":[{"id":25862,"href":"https:\/\/www.warak.com\/pt-pt\/wp-json\/wp\/v2\/pages\/20620\/revisions\/25862"}],"wp:attachment":[{"href":"https:\/\/www.warak.com\/pt-pt\/wp-json\/wp\/v2\/media?parent=20620"}],"curies":[{"name":"wp","href":"https:\/\/api.w.org\/{rel}","templated":true}]}}