{"id":20625,"date":"2019-10-26T00:55:47","date_gmt":"2019-10-25T22:55:47","guid":{"rendered":"https:\/\/www.warak.com\/software\/"},"modified":"2025-09-09T15:50:36","modified_gmt":"2025-09-09T13:50:36","slug":"plataforma-software","status":"publish","type":"page","link":"https:\/\/www.warak.com\/pt-pt\/plataforma-software\/","title":{"rendered":"Software"},"content":{"rendered":"<div class=\"vgblk-rw-wrapper limit-wrapper\">\n\n\t<strong>Imove \u00e9 o software WMS<\/strong> (Warehouse Management System) que coordena a planifica\u00e7\u00e3o do <strong>ERP<\/strong> com a sa\u00edda da onduladora, controla o stock e envia os pedidos para a transforma\u00e7\u00e3o, otimizando o processo em fun\u00e7\u00e3o de cada peso.\n<p>&nbsp;<\/p>\n\t\t\t\t\t\t\t<img fetchpriority=\"high\" fetchpriority=\"high\" decoding=\"async\" src=\"https:\/\/www.warak.com\/wp-content\/uploads\/2019\/10\/Fondo1.png\" alt=\"software warehouse management\" itemprop=\"image\" height=\"1109\" width=\"1920\" title=\"Software imove\" onerror=\"this.style.display='none'\"  sizes=\"(max-width: 768px) 100vw, 100vw\" srcset=\"https:\/\/www.warak.com\/wp-content\/uploads\/2019\/10\/Fondo1.png 1920w, https:\/\/www.warak.com\/wp-content\/uploads\/2019\/10\/Fondo1-630x364.png 630w, https:\/\/www.warak.com\/wp-content\/uploads\/2019\/10\/Fondo1-300x173.png 300w, https:\/\/www.warak.com\/wp-content\/uploads\/2019\/10\/Fondo1-768x444.png 768w, https:\/\/www.warak.com\/wp-content\/uploads\/2019\/10\/Fondo1-1024x591.png 1024w, https:\/\/www.warak.com\/wp-content\/uploads\/2019\/10\/Fondo1-1260x728.png 1260w, https:\/\/www.warak.com\/wp-content\/uploads\/2019\/10\/Fondo1-420x243.png 420w, https:\/\/www.warak.com\/wp-content\/uploads\/2019\/10\/Fondo1-840x485.png 840w, https:\/\/www.warak.com\/wp-content\/uploads\/2019\/10\/Fondo1-315x182.png 315w\" \/>\t\t\t\t\t\t\t\n<h1>\n\t\t\tRastreabilidade na f\u00e1brica sem etiquetas\t<\/h1>\n\tA plataforma de software Imove garante a rastreabilidade completa sem etiquetas das pilhas de cart\u00e3o em toda a f\u00e1brica. Desde a sa\u00edda da onduladora at\u00e9 \u00e0s m\u00e1quinas de transforma\u00e7\u00e3o, incluindo o armaz\u00e9m interm\u00e9dio. A coordena\u00e7\u00e3o entre estas \u00e1reas permite ao programa realizar melhorias na programa\u00e7\u00e3o do fluxo de cart\u00e3o, aproveitando ao m\u00e1ximo os recursos dispon\u00edveis em cada momento.\n\t\t\t\t\t\t\t<img decoding=\"async\" src=\"https:\/\/www.warak.com\/wp-content\/plugins\/beaver-builder-lite-version\/img\/pixel.png\" alt=\"\" itemprop=\"image\" onerror=\"this.style.display='none'\"  \/>\n<h3>\n\tProtocolos com software ERP e onduladoras\n\t<\/h3>\n\tA nossa plataforma de software tem integrados os protocolos de comunica\u00e7\u00e3o com escrit\u00f3rios e onduladoras mais comuns do setor do cart\u00e3o ondulado. <strong>OPM, PCtop, KIWI, RTS, BHS, <a href=\"https:\/\/www.warak.com\/onduladoras-carton-ondulado-fosber\/\">FOSBER<\/a>, MARQUIP; AGNATI.<\/strong>\n\t\t\t\t\t\t\t<img decoding=\"async\" src=\"https:\/\/www.warak.com\/wp-content\/plugins\/beaver-builder-lite-version\/img\/pixel.png\" alt=\"\" itemprop=\"image\" onerror=\"this.style.display='none'\"  \/>\n<h3>\n\tControlo total em modo SaaS\n\t<\/h3>\n\t<strong>Imove<\/strong> funciona em modo<strong> Saas<\/strong> (Software as a Service), permitindo o acesso a partir de qualquer dispositivo web, com uma interface f\u00e1cil e intuitiva. Esta modalidade permite realizar auditorias em tempo real em qualquer momento e em qualquer lugar.\n\t\t\t\t\t\t\t<img decoding=\"async\" src=\"https:\/\/www.warak.com\/wp-content\/plugins\/beaver-builder-lite-version\/img\/pixel.png\" alt=\"\" itemprop=\"image\" onerror=\"this.style.display='none'\"  \/>\n<h4>\n\t Warehouse Management Software <b> <strong> IMOVE\n\t<\/strong><\/b><\/h4>\n\t<h4>Melhorias na<\/h4>\n<h4><strong>planejamento de pedidos<\/strong><\/h4>\n\t<h4>Redu\u00e7\u00e3o de<\/h4>\n<h4><strong>recircula\u00e7\u00e3o da bateria<\/strong><\/h4>\n\t<h4>Rastreabilidade total<\/h4>\n<h4><strong>de cada pedido<\/strong><\/h4>\n\n<\/div><!-- .vgblk-rw-wrapper -->","protected":false},"excerpt":{"rendered":"<p>Imove \u00e9 o software WMS (Warehouse Management System) que coordena a planifica\u00e7\u00e3o do ERP com a sa\u00edda da onduladora, controla o stock e envia os pedidos para a transforma\u00e7\u00e3o, otimizando&#8230;<\/p>\n","protected":false},"author":1,"featured_media":0,"parent":0,"menu_order":0,"comment_status":"closed","ping_status":"closed","template":"","meta":{"inline_featured_image":false,"_price":"","_stock":"","_tribe_ticket_header":"","_tribe_default_ticket_provider":"","_ticket_start_date":"","_ticket_end_date":"","_tribe_ticket_show_description":"","_tribe_ticket_show_not_going":false,"_tribe_ticket_use_global_stock":"","_tribe_ticket_global_stock_level":"","_global_stock_mode":"","_global_stock_cap":"","_tribe_rsvp_for_event":"","_tribe_ticket_going_count":"","_tribe_ticket_not_going_count":"","_tribe_tickets_list":"[]","_tribe_ticket_has_attendee_info_fields":false,"footnotes":""},"class_list":["post-20625","page","type-page","status-publish","hentry"],"_links":{"self":[{"href":"https:\/\/www.warak.com\/pt-pt\/wp-json\/wp\/v2\/pages\/20625","targetHints":{"allow":["GET"]}}],"collection":[{"href":"https:\/\/www.warak.com\/pt-pt\/wp-json\/wp\/v2\/pages"}],"about":[{"href":"https:\/\/www.warak.com\/pt-pt\/wp-json\/wp\/v2\/types\/page"}],"author":[{"embeddable":true,"href":"https:\/\/www.warak.com\/pt-pt\/wp-json\/wp\/v2\/users\/1"}],"replies":[{"embeddable":true,"href":"https:\/\/www.warak.com\/pt-pt\/wp-json\/wp\/v2\/comments?post=20625"}],"version-history":[{"count":1,"href":"https:\/\/www.warak.com\/pt-pt\/wp-json\/wp\/v2\/pages\/20625\/revisions"}],"predecessor-version":[{"id":25844,"href":"https:\/\/www.warak.com\/pt-pt\/wp-json\/wp\/v2\/pages\/20625\/revisions\/25844"}],"wp:attachment":[{"href":"https:\/\/www.warak.com\/pt-pt\/wp-json\/wp\/v2\/media?parent=20625"}],"curies":[{"name":"wp","href":"https:\/\/api.w.org\/{rel}","templated":true}]}}