{"id":20627,"date":"2019-10-26T00:58:30","date_gmt":"2019-10-25T22:58:30","guid":{"rendered":"https:\/\/www.warak.com\/estudio-viabilidad-vertical\/"},"modified":"2025-09-09T15:54:54","modified_gmt":"2025-09-09T13:54:54","slug":"estudio-viabilidad-vertical","status":"publish","type":"page","link":"https:\/\/www.warak.com\/pt-pt\/estudio-viabilidad-vertical\/","title":{"rendered":"Estudo de viabilidade vertical"},"content":{"rendered":"<div class=\"vgblk-rw-wrapper limit-wrapper\">\n\n\t<h1>A sua empresa cumpre os requisitos para ter um<br \/>\n<strong>armaz\u00e9m vertical?<\/strong><\/h1>\n<h3>\n\tEstudo de viabilidade em 3 semanas.\n\t<\/h3>\n\tRealizamos um estudo de viabilidade com base em dados reais de produ\u00e7\u00e3o e da sua f\u00e1brica, e num prazo de 3 semanas calculamos o custo que teria para si mudar do sistema horizontal para o armazenamento vertical.<br \/>\nA partir de 50 milh\u00f5es de m2 produzidos, os nossos c\u00e1lculos preveem um retorno sobre o investimento. Para mais informa\u00e7\u00f5es, contacte com o nosso departamento comercial e solicite o relat\u00f3rio de viabilidade da sua empresa.\n\t\t\t\t\t\t\t<img fetchpriority=\"high\" fetchpriority=\"high\" decoding=\"async\" src=\"https:\/\/www.warak.com\/wp-content\/uploads\/2019\/09\/Logistica-4.jpg\" alt=\"estudio viabilidad vertical\" itemprop=\"image\" height=\"1080\" width=\"1920\" title=\"Vertical storage for corrugated\" onerror=\"this.style.display='none'\"  sizes=\"(max-width: 768px) 100vw, 100vw\" srcset=\"https:\/\/www.warak.com\/wp-content\/uploads\/2019\/09\/Logistica-4.jpg 1920w, https:\/\/www.warak.com\/wp-content\/uploads\/2019\/09\/Logistica-4-630x354.jpg 630w, https:\/\/www.warak.com\/wp-content\/uploads\/2019\/09\/Logistica-4-300x169.jpg 300w, https:\/\/www.warak.com\/wp-content\/uploads\/2019\/09\/Logistica-4-768x432.jpg 768w, https:\/\/www.warak.com\/wp-content\/uploads\/2019\/09\/Logistica-4-1024x576.jpg 1024w, https:\/\/www.warak.com\/wp-content\/uploads\/2019\/09\/Logistica-4-1260x709.jpg 1260w, https:\/\/www.warak.com\/wp-content\/uploads\/2019\/09\/Logistica-4-420x236.jpg 420w, https:\/\/www.warak.com\/wp-content\/uploads\/2019\/09\/Logistica-4-840x473.jpg 840w, https:\/\/www.warak.com\/wp-content\/uploads\/2019\/09\/Logistica-4-315x177.jpg 315w\" \/>\t\t\t\t\t\t\t\n\t<h2>Qual \u00e9 o seu<br \/>\n<strong>custo de oportunidade?<\/strong><\/h2>\n<h3>\n\tRedu\u00e7\u00e3o de custos e perdas.\n\t<\/h3>\n\tO nosso c\u00e1lculo assenta na redu\u00e7\u00e3o de custos e perdas ao passar do <strong>sistema tradicional para o vertical.<\/strong>\n<p>Os processos ineficazes geram custos de produ\u00e7\u00e3o, que aumentam na mesma medida em que aumentam os n\u00edveis de produ\u00e7\u00e3o. Manter um sistema tradicional pode estar a custar muito dinheiro \u00e0 sua empresa.<\/p>\n<p>O nosso estudo dir-lhe-\u00e1 quais s\u00e3o essas quantias de forma pormenorizada, assim como o que poder\u00e1 melhorar ao adotar um sistema vertical.<\/p>\n\t\t\t\t\t\t\t<img decoding=\"async\" src=\"https:\/\/www.warak.com\/wp-content\/uploads\/2019\/10\/Coste-de-oportunidad.jpg\" alt=\"viabilidad vertical\" itemprop=\"image\" height=\"1280\" width=\"1920\" title=\"Coste-de-oportunidad\" onerror=\"this.style.display='none'\"  sizes=\"(max-width: 768px) 100vw, 100vw\" srcset=\"https:\/\/www.warak.com\/wp-content\/uploads\/2019\/10\/Coste-de-oportunidad.jpg 1920w, https:\/\/www.warak.com\/wp-content\/uploads\/2019\/10\/Coste-de-oportunidad-630x420.jpg 630w, https:\/\/www.warak.com\/wp-content\/uploads\/2019\/10\/Coste-de-oportunidad-300x200.jpg 300w, https:\/\/www.warak.com\/wp-content\/uploads\/2019\/10\/Coste-de-oportunidad-768x512.jpg 768w, https:\/\/www.warak.com\/wp-content\/uploads\/2019\/10\/Coste-de-oportunidad-1024x683.jpg 1024w, https:\/\/www.warak.com\/wp-content\/uploads\/2019\/10\/Coste-de-oportunidad-1260x840.jpg 1260w, https:\/\/www.warak.com\/wp-content\/uploads\/2019\/10\/Coste-de-oportunidad-420x280.jpg 420w, https:\/\/www.warak.com\/wp-content\/uploads\/2019\/10\/Coste-de-oportunidad-840x560.jpg 840w, https:\/\/www.warak.com\/wp-content\/uploads\/2019\/10\/Coste-de-oportunidad-315x210.jpg 315w\" \/>\t\t\t\t\t\t\t\n\t<h2>Outras <strong>vantagens.<\/strong><\/h2>\n<h3>\n\tControlo de stock e planifica\u00e7\u00e3o.\n\t<\/h3>\n\tA nossa experi\u00eancia ensinou-nos que al\u00e9m da redu\u00e7\u00e3o de custos e perdas e do aumento da seguran\u00e7a na f\u00e1brica, os nossos clientes experimentaram melhorias na planifica\u00e7\u00e3o, bem como uma redu\u00e7\u00e3o de n\u00e3o conformidades de qualidade, gra\u00e7as ao <strong>controlo total do stock em tempo real.<\/strong>\n\t\t\t\t\t\t\t<img decoding=\"async\" src=\"https:\/\/www.warak.com\/wp-content\/uploads\/2022\/04\/Ingenieria-Warak-1920x832px-06.jpg\" alt=\"Ingenieria-Warak-1920x832px-06\" itemprop=\"image\" height=\"477\" width=\"846\" title=\"Ingenieria-Warak-1920x832px-06\" onerror=\"this.style.display='none'\"  sizes=\"(max-width: 768px) 100vw, 100vw\" srcset=\"https:\/\/www.warak.com\/wp-content\/uploads\/2022\/04\/Ingenieria-Warak-1920x832px-06.jpg 846w, https:\/\/www.warak.com\/wp-content\/uploads\/2022\/04\/Ingenieria-Warak-1920x832px-06-630x355.jpg 630w, https:\/\/www.warak.com\/wp-content\/uploads\/2022\/04\/Ingenieria-Warak-1920x832px-06-300x169.jpg 300w, https:\/\/www.warak.com\/wp-content\/uploads\/2022\/04\/Ingenieria-Warak-1920x832px-06-420x237.jpg 420w, https:\/\/www.warak.com\/wp-content\/uploads\/2022\/04\/Ingenieria-Warak-1920x832px-06-840x474.jpg 840w, https:\/\/www.warak.com\/wp-content\/uploads\/2022\/04\/Ingenieria-Warak-1920x832px-06-315x178.jpg 315w\" \/>\t\t\t\t\t\t\t\n\n<\/div><!-- .vgblk-rw-wrapper -->","protected":false},"excerpt":{"rendered":"<p>A sua empresa cumpre os requisitos para ter um armaz\u00e9m vertical? Estudo de viabilidade em 3 semanas. Realizamos um estudo de viabilidade com base em dados reais de produ\u00e7\u00e3o e&#8230;<\/p>\n","protected":false},"author":1,"featured_media":0,"parent":0,"menu_order":0,"comment_status":"closed","ping_status":"closed","template":"","meta":{"inline_featured_image":false,"_price":"","_stock":"","_tribe_ticket_header":"","_tribe_default_ticket_provider":"","_ticket_start_date":"","_ticket_end_date":"","_tribe_ticket_show_description":"","_tribe_ticket_show_not_going":false,"_tribe_ticket_use_global_stock":"","_tribe_ticket_global_stock_level":"","_global_stock_mode":"","_global_stock_cap":"","_tribe_rsvp_for_event":"","_tribe_ticket_going_count":"","_tribe_ticket_not_going_count":"","_tribe_tickets_list":"[]","_tribe_ticket_has_attendee_info_fields":false,"footnotes":""},"class_list":["post-20627","page","type-page","status-publish","hentry"],"_links":{"self":[{"href":"https:\/\/www.warak.com\/pt-pt\/wp-json\/wp\/v2\/pages\/20627","targetHints":{"allow":["GET"]}}],"collection":[{"href":"https:\/\/www.warak.com\/pt-pt\/wp-json\/wp\/v2\/pages"}],"about":[{"href":"https:\/\/www.warak.com\/pt-pt\/wp-json\/wp\/v2\/types\/page"}],"author":[{"embeddable":true,"href":"https:\/\/www.warak.com\/pt-pt\/wp-json\/wp\/v2\/users\/1"}],"replies":[{"embeddable":true,"href":"https:\/\/www.warak.com\/pt-pt\/wp-json\/wp\/v2\/comments?post=20627"}],"version-history":[{"count":2,"href":"https:\/\/www.warak.com\/pt-pt\/wp-json\/wp\/v2\/pages\/20627\/revisions"}],"predecessor-version":[{"id":25854,"href":"https:\/\/www.warak.com\/pt-pt\/wp-json\/wp\/v2\/pages\/20627\/revisions\/25854"}],"wp:attachment":[{"href":"https:\/\/www.warak.com\/pt-pt\/wp-json\/wp\/v2\/media?parent=20627"}],"curies":[{"name":"wp","href":"https:\/\/api.w.org\/{rel}","templated":true}]}}