{"id":20630,"date":"2019-10-26T01:03:08","date_gmt":"2019-10-25T23:03:08","guid":{"rendered":"https:\/\/www.warak.com\/gemelo-digital\/"},"modified":"2025-09-09T15:54:40","modified_gmt":"2025-09-09T13:54:40","slug":"gemelo-digital","status":"publish","type":"page","link":"https:\/\/www.warak.com\/pt-pt\/gemelo-digital\/","title":{"rendered":"g\u00e9meo digital"},"content":{"rendered":"<div class=\"vgblk-rw-wrapper limit-wrapper\">\n<h1>\n\t\t\tSoftware preditivo de <br \/><strong>fluxo intralog\u00edstico <\/strong>\t<\/h1>\n<h5>\n\tAmbiente virtual para tomada de decis\u00f5es\n\t<\/h5>\n\tRealizamos estudos de efici\u00eancia da log\u00edstica interna da f\u00e1brica atrav\u00e9s do nosso software de simula\u00e7\u00e3o 3D. Gra\u00e7as ao nosso conhecimento do setor e do funcionamento das instala\u00e7\u00f5es de produ\u00e7\u00e3o de cart\u00e3o, somos capazes de criar um g\u00e9meo digital da sua f\u00e1brica, baseando-nos em dados reais, obtendo assim uma r\u00e9plica quase exata de todos os processos. Desta forma, podemos realizar testes de stress, simula\u00e7\u00f5es, mudan\u00e7as de maquinaria, de rota\u00e7\u00e3o de pessoal, etc. num ambiente virtual para mais tarde implementarmos essas altera\u00e7\u00f5es na f\u00e1brica real.\n<p>Com a informa\u00e7\u00e3o precisa, podemos recriar mudan\u00e7as nas suas instala\u00e7\u00f5es, por exemplo, adicionar ou mudar maquinaria, substituir um armaz\u00e9m plano por um vertical ou redesenhar o layout atual. Uma vez projetados estes cen\u00e1rios, calculamos as melhorias que v\u00e3o supor no rendimento anual da sua f\u00e1brica, o que proporciona dados fi\u00e1veis sobre poss\u00edveis investimentos no futuro.<\/p>\n<p>Durante o processo de simula\u00e7\u00e3o \u00e9 poss\u00edvel corrigir e testar constantemente novas teorias, o que favorece a tomada da melhor decis\u00e3o poss\u00edvel.<\/p>\n\t\t\t\t\t\t\t<img fetchpriority=\"high\" fetchpriority=\"high\" decoding=\"async\" src=\"https:\/\/www.warak.com\/wp-content\/uploads\/2019\/10\/gemelo-2.jpg\" alt=\"Gemelo digital fabrica cart\u00f3n ondulado\" itemprop=\"image\" height=\"1080\" width=\"1920\" title=\"Corrugated engineering\" onerror=\"this.style.display='none'\"  sizes=\"(max-width: 768px) 100vw, 100vw\" srcset=\"https:\/\/www.warak.com\/wp-content\/uploads\/2019\/10\/gemelo-2.jpg 1920w, https:\/\/www.warak.com\/wp-content\/uploads\/2019\/10\/gemelo-2-630x354.jpg 630w, https:\/\/www.warak.com\/wp-content\/uploads\/2019\/10\/gemelo-2-300x169.jpg 300w, https:\/\/www.warak.com\/wp-content\/uploads\/2019\/10\/gemelo-2-768x432.jpg 768w, https:\/\/www.warak.com\/wp-content\/uploads\/2019\/10\/gemelo-2-1024x576.jpg 1024w, https:\/\/www.warak.com\/wp-content\/uploads\/2019\/10\/gemelo-2-1260x709.jpg 1260w, https:\/\/www.warak.com\/wp-content\/uploads\/2019\/10\/gemelo-2-420x236.jpg 420w, https:\/\/www.warak.com\/wp-content\/uploads\/2019\/10\/gemelo-2-840x473.jpg 840w, https:\/\/www.warak.com\/wp-content\/uploads\/2019\/10\/gemelo-2-315x177.jpg 315w\" \/>\t\t\t\t\t\t\t\n<h2>\n\t <b>\u00c1reas de melhoria<\/b>\n\t<\/h2>\n\t\t\tPontos de estrangulamento\n\t\tAtrav\u00e9s de testes no g\u00e9meo digital, \u00e9-nos poss\u00edvel detetar os pontos cr\u00edticos no circuito interno do cart\u00e3o.\n\t\t\tCapacidade de armazenamento\n\t\tCom os dados reais de fabrico da prancha de cart\u00e3o podemos simular o espa\u00e7o necess\u00e1rio para o funcionamento eficiente tanto da onduladora como da transforma\u00e7\u00e3o.\n\t\t\tSimula\u00e7\u00e3o de nova maquinaria\n\t\tA simula\u00e7\u00e3o com dados reais permite-nos incluir nova maquinaria e obter dados fi\u00e1veis sobre o fluxo e as mudan\u00e7as na produ\u00e7\u00e3o.\n\t\t\tMelhorias de planifica\u00e7\u00e3o\n\t\tA an\u00e1lise de fluxos e a capacidade de armazenamento juntamente com o parque de maquinaria permite-nos repensar a planifica\u00e7\u00e3o de pedidos na f\u00e1brica.\n<h2>\n\tOutros <br \/> <b>servi\u00e7os<\/b>\n\t<\/h2>\n<h4>\n\t\t\t<a href=\"https:\/\/www.warak.com\/pt-pt\/ingenieria-consultoria-diseno-de-fabricas\/\" title=\"Design de instala\u00e7\u00f5es de produ\u00e7\u00e3o\" target=\"_self\">\n\tDesign de instala\u00e7\u00f5es de produ\u00e7\u00e3o\n\t\t\t<\/a>\n\t<\/h4>\n\t<p>Projeto de design &#8220;chave na m\u00e3o&#8221; da parte produtiva, log\u00edstica, armazenamento e envio.<\/p>\n<h4>\n\t\t\t<a href=\"https:\/\/www.warak.com\/pt-pt\/ingenieria-consultoria\/mejoras-logistica\/\" title=\"Melhorias log\u00edsticas\" target=\"_self\">\n\tMelhorias log\u00edsticas\n\t\t\t<\/a>\n\t<\/h4>\n\tUma boa abordagem log\u00edstica \u00e9 o primeiro passo para poupar custos numa f\u00e1brica de cart\u00e3o. O estudo para pelo desenho de layouts, efic\u00e1cia da maquinaria instalada ou forma\u00e7\u00e3o dos oper\u00e1rios em boas-pr\u00e1ticas.\n\n<\/div><!-- .vgblk-rw-wrapper -->","protected":false},"excerpt":{"rendered":"<p>Software preditivo de fluxo intralog\u00edstico Ambiente virtual para tomada de decis\u00f5es Realizamos estudos de efici\u00eancia da log\u00edstica interna da f\u00e1brica atrav\u00e9s do nosso software de simula\u00e7\u00e3o 3D. Gra\u00e7as ao nosso&#8230;<\/p>\n","protected":false},"author":1,"featured_media":21836,"parent":0,"menu_order":0,"comment_status":"closed","ping_status":"closed","template":"","meta":{"inline_featured_image":false,"_price":"","_stock":"","_tribe_ticket_header":"","_tribe_default_ticket_provider":"","_ticket_start_date":"","_ticket_end_date":"","_tribe_ticket_show_description":"","_tribe_ticket_show_not_going":false,"_tribe_ticket_use_global_stock":"","_tribe_ticket_global_stock_level":"","_global_stock_mode":"","_global_stock_cap":"","_tribe_rsvp_for_event":"","_tribe_ticket_going_count":"","_tribe_ticket_not_going_count":"","_tribe_tickets_list":"[]","_tribe_ticket_has_attendee_info_fields":false,"footnotes":""},"class_list":["post-20630","page","type-page","status-publish","has-post-thumbnail","hentry"],"_links":{"self":[{"href":"https:\/\/www.warak.com\/pt-pt\/wp-json\/wp\/v2\/pages\/20630","targetHints":{"allow":["GET"]}}],"collection":[{"href":"https:\/\/www.warak.com\/pt-pt\/wp-json\/wp\/v2\/pages"}],"about":[{"href":"https:\/\/www.warak.com\/pt-pt\/wp-json\/wp\/v2\/types\/page"}],"author":[{"embeddable":true,"href":"https:\/\/www.warak.com\/pt-pt\/wp-json\/wp\/v2\/users\/1"}],"replies":[{"embeddable":true,"href":"https:\/\/www.warak.com\/pt-pt\/wp-json\/wp\/v2\/comments?post=20630"}],"version-history":[{"count":1,"href":"https:\/\/www.warak.com\/pt-pt\/wp-json\/wp\/v2\/pages\/20630\/revisions"}],"predecessor-version":[{"id":25853,"href":"https:\/\/www.warak.com\/pt-pt\/wp-json\/wp\/v2\/pages\/20630\/revisions\/25853"}],"wp:featuredmedia":[{"embeddable":true,"href":"https:\/\/www.warak.com\/pt-pt\/wp-json\/wp\/v2\/media\/21836"}],"wp:attachment":[{"href":"https:\/\/www.warak.com\/pt-pt\/wp-json\/wp\/v2\/media?parent=20630"}],"curies":[{"name":"wp","href":"https:\/\/api.w.org\/{rel}","templated":true}]}}