{"id":20634,"date":"2019-10-26T01:13:33","date_gmt":"2019-10-25T23:13:33","guid":{"rendered":"https:\/\/www.warak.com\/ingenieria-consultoria-diseno-de-fabricas\/"},"modified":"2025-07-29T11:28:49","modified_gmt":"2025-07-29T09:28:49","slug":"ingenieria-consultoria-diseno-de-fabricas","status":"publish","type":"page","link":"https:\/\/www.warak.com\/pt-pt\/ingenieria-consultoria-diseno-de-fabricas\/","title":{"rendered":"Design de f\u00e1bricas"},"content":{"rendered":"<div class=\"vgblk-rw-wrapper limit-wrapper\">\n<h2>\n\tDesign de f\u00e1bricas <br \/><b>de cart\u00e3o ondulado <\/b>\n\t<\/h2>\n\tA experi\u00eancia de 15 anos em projetos de manuten\u00e7\u00e3o permitiu-nos desenhar projetos de f\u00e1bricas completas &#8211; de comum acordo com as necessidades e particularidades dos nossos clientes -, instala\u00e7\u00f5es de produ\u00e7\u00e3o eficientes que t\u00eam em conta a &#8220;gen\u00e9tica do cart\u00e3o&#8221;.  Pensando sempre na localiza\u00e7\u00e3o da f\u00e1brica e nas condicionantes intr\u00ednsecas da zona onde se constr\u00f3i. Temos uma estreita colabora\u00e7\u00e3o com os nossos fabricantes de equipamentos com o fim de obtermos produtos fi\u00e1veis e eficientes. O nosso objetivo principal na manuten\u00e7\u00e3o \u00e9 a fiabilidade dos equipamentos, evitar de todas as formas poss\u00edveis as paragens devido a manuten\u00e7\u00e3o ou avarias, j\u00e1 que estas afetam diretamente o funcionamento de toda a f\u00e1brica.\nTrabalhamos e desenhamos tanto as capacidades de armazenamento de cart\u00e3o como o sistema de transporte de bobinas ou pilhas de cart\u00e3o, circuitos de vapor, amidos e, inclusive, o transporte de sobras de cart\u00e3o.\n\t\t\t\t+200\n<h3>\n\tProjetos\n\t<\/h3>\n\tRealizamos projetos de manuten\u00e7\u00e3o no cart\u00e3o desde 2005. Ao longo destes 15 anos, as f\u00e1bricas l\u00edderes do setor triplicaram, ou inclusive mais, a sua produtividade. A nossa experi\u00eancia nesse sentido permite-nos, ao abordarmos qualquer projeto de manuten\u00e7\u00e3o, realizarmos c\u00e1lculos de futuro para garantir que as nossas instala\u00e7\u00f5es continuem a ser rent\u00e1veis com o passar dos anos.\n\t\t\t\t3\n<h3>\n\tContinentes\n\t<\/h3>\n\tTrabalhamos principalmente na Europa, no Norte de \u00c1frica e na Am\u00e9rica Central. Os nossos clientes s\u00e3o tanto multinacionais l\u00edderes do setor como grupos industriais privados.\n<h2>\n\tOutros <br \/> <b>servi\u00e7os<\/b>\n\t<\/h2>\n<h4>\n\t\t\t<a href=\"https:\/\/www.warak.com\/pt-pt\/ingenieria-consultoria\/gemelo-digital\/\" title=\"Gemelo Digital 4.0\" target=\"_self\" rel=\"noopener\">\n\tGemelo Digital 4.0\n\t\t\t<\/a>\n\t<\/h4>\n\t<p>Creamos una r\u00e9plica digital de su f\u00e1brica en 3D que nos permite realizar simulaciones con diferentes picos de producci\u00f3n o cambios en sus instalaciones, ya sean log\u00edsticos o de maquinaria.<\/p>\n<h4>\n\t\t\t<a href=\"https:\/\/www.warak.com\/pt-pt\/ingenieria-consultoria-mejoras-logistica\/\" title=\"Melhorias log\u00edsticas\" target=\"_self\" rel=\"noopener\">\n\tMelhorias log\u00edsticas\n\t\t\t<\/a>\n\t<\/h4>\n\t<p>Uma boa abordagem log\u00edstica \u00e9 o primeiro passo para poupar custos numa f\u00e1brica de cart\u00e3o. O estudo para pelo desenho de layouts, efic\u00e1cia da maquinaria instalada ou forma\u00e7\u00e3o dos oper\u00e1rios em boas-pr\u00e1ticas.<\/p>\n\n<\/div><!-- .vgblk-rw-wrapper -->","protected":false},"excerpt":{"rendered":"<p>Design de f\u00e1bricas de cart\u00e3o ondulado A experi\u00eancia de 15 anos em projetos de manuten\u00e7\u00e3o permitiu-nos desenhar projetos de f\u00e1bricas completas &#8211; de comum acordo com as necessidades e particularidades&#8230;<\/p>\n","protected":false},"author":1,"featured_media":20598,"parent":0,"menu_order":0,"comment_status":"closed","ping_status":"closed","template":"","meta":{"inline_featured_image":false,"_price":"","_stock":"","_tribe_ticket_header":"","_tribe_default_ticket_provider":"","_ticket_start_date":"","_ticket_end_date":"","_tribe_ticket_show_description":"","_tribe_ticket_show_not_going":false,"_tribe_ticket_use_global_stock":"","_tribe_ticket_global_stock_level":"","_global_stock_mode":"","_global_stock_cap":"","_tribe_rsvp_for_event":"","_tribe_ticket_going_count":"","_tribe_ticket_not_going_count":"","_tribe_tickets_list":"[]","_tribe_ticket_has_attendee_info_fields":false,"footnotes":""},"class_list":["post-20634","page","type-page","status-publish","has-post-thumbnail","hentry"],"_links":{"self":[{"href":"https:\/\/www.warak.com\/pt-pt\/wp-json\/wp\/v2\/pages\/20634","targetHints":{"allow":["GET"]}}],"collection":[{"href":"https:\/\/www.warak.com\/pt-pt\/wp-json\/wp\/v2\/pages"}],"about":[{"href":"https:\/\/www.warak.com\/pt-pt\/wp-json\/wp\/v2\/types\/page"}],"author":[{"embeddable":true,"href":"https:\/\/www.warak.com\/pt-pt\/wp-json\/wp\/v2\/users\/1"}],"replies":[{"embeddable":true,"href":"https:\/\/www.warak.com\/pt-pt\/wp-json\/wp\/v2\/comments?post=20634"}],"version-history":[{"count":3,"href":"https:\/\/www.warak.com\/pt-pt\/wp-json\/wp\/v2\/pages\/20634\/revisions"}],"predecessor-version":[{"id":25493,"href":"https:\/\/www.warak.com\/pt-pt\/wp-json\/wp\/v2\/pages\/20634\/revisions\/25493"}],"wp:featuredmedia":[{"embeddable":true,"href":"https:\/\/www.warak.com\/pt-pt\/wp-json\/wp\/v2\/media\/20598"}],"wp:attachment":[{"href":"https:\/\/www.warak.com\/pt-pt\/wp-json\/wp\/v2\/media?parent=20634"}],"curies":[{"name":"wp","href":"https:\/\/api.w.org\/{rel}","templated":true}]}}