{"id":20639,"date":"2019-10-26T01:21:41","date_gmt":"2019-10-25T23:21:41","guid":{"rendered":"https:\/\/www.warak.com\/ingenieria-consultoria-mejoras-logistica\/"},"modified":"2025-09-02T11:15:05","modified_gmt":"2025-09-02T09:15:05","slug":"melhoria-logistica","status":"publish","type":"page","link":"https:\/\/www.warak.com\/pt-pt\/melhoria-logistica\/","title":{"rendered":"Melhoria Continua"},"content":{"rendered":"<div class=\"vgblk-rw-wrapper limit-wrapper\">\n<h2>\n\tMelhoria <br><b>Continua <\/b><br>\n\t<\/h2>\n\tA an\u00e1lise do fluxo de trabalho \u00e9 um processo atrav\u00e9s do qual se examinam os processos na procura de melhorias da efic\u00e1cia. Ao melhorar os fluxos de trabalho, os seus recursos s\u00e3o utilizados de maneira mais eficiente e o seu pessoal est\u00e1 em melhores condi\u00e7\u00f5es para trabalhar a uma maior capacidade. Estes estudos s\u00e3o especialmente relevantes em processos centrais por sucess\u00e3o, como o <strong>fabrico de cart\u00e3o ondulado.<\/strong>\nQuanto mais \u00e1geis e eficientes forem os seus processos, menor ser\u00e3o o custo de cada tarefa, as perdas de tempo ou os erros. Gra\u00e7as ao nosso <strong>software de simula\u00e7\u00e3o,<\/strong> podemos recriar um g\u00e9meo digital de qualquer f\u00e1brica at\u00e9 ao mais m\u00ednimo pormenor, introduzindo todas as vari\u00e1veis poss\u00edveis, e for\u00e7ar o processo para encontrar pontos de satura\u00e7\u00e3o.\nNa Warak, concebemos uma linha de equipamentos, auxiliares de transporte de pranchas de cart\u00e3o para cobrir essas necessidades crescentes e preparar o cart\u00e3o para os armaz\u00e9ns verticais. Os tapetes de transporte com perfis laterais abertos para permitir a limpeza debaixo dos equipamentos, e assim reduzir o risco de inc\u00eandio, prensas com sistemas de amortecimento, carros de recolha at\u00e9 8 paletes. Equipamentos para transportar cart\u00e3o at\u00e9 60 000 m2\/h na sa\u00edda da onduladora, assim como a correspondente entrega para a transforma\u00e7\u00e3o.\n\t\t\t\t\t\t\t\t\t\t<img fetchpriority=\"high\" decoding=\"async\" src=\"https:\/\/www.warak.com\/wp-content\/uploads\/2019\/10\/04.jpg\" alt=\"Corrugated cardboard logistic\" itemprop=\"image\" height=\"1006\" width=\"1474\" title=\"Corrugated engineering\" onerror=\"this.style.display='none'\" sizes=\"(max-width: 768px) 100vw, 100vw\" srcset=\"data:image\/svg+xml;utf8,<svg%20xmlns=&quot;http:\/\/www.w3.org\/2000\/svg&quot;%20viewBox=&quot;0%200%201474%201006&quot;%20height=&quot;1006px&quot;%20width=&quot;1474px&quot;\/>&#8221; data-srcset=&#8221;https:\/\/www.warak.com\/wp-content\/uploads\/2019\/10\/04.jpg 1474w, https:\/\/www.warak.com\/wp-content\/uploads\/2019\/10\/04-300&#215;205.jpg 300w, https:\/\/www.warak.com\/wp-content\/uploads\/2019\/10\/04-768&#215;524.jpg 768w, https:\/\/www.warak.com\/wp-content\/uploads\/2019\/10\/04-1024&#215;699.jpg 1024w, https:\/\/www.warak.com\/wp-content\/uploads\/2019\/10\/04-1260&#215;860.jpg 1260w, https:\/\/www.warak.com\/wp-content\/uploads\/2019\/10\/04-630&#215;430.jpg 630w, https:\/\/www.warak.com\/wp-content\/uploads\/2019\/10\/04-420&#215;287.jpg 420w, https:\/\/www.warak.com\/wp-content\/uploads\/2019\/10\/04-840&#215;573.jpg 840w, https:\/\/www.warak.com\/wp-content\/uploads\/2019\/10\/04-315&#215;215.jpg 315w&#8221;>\t\t\t\t\t\t\t\n<h2>\n\t\u00c1reas de <b>melhoria<\/b><br>\n\t<\/h2>\n\t\t\tRedu\u00e7\u00e3o de perdas\n\t\t<p>C\u00e9lulas de carga e viscos\u00edmetro de alta precis\u00e3o para uma maior repetibilidade das prepara\u00e7\u00f5es.<\/p>\n\t\t\tReengenharia de processos\n\t\t<p>Gest\u00e3o de circuitos de carga e descarga com eletrov\u00e1lvulas pneum\u00e1ticas controladas automaticamente.<\/p>\n<h2>\n\tOutros <br> <b>servi\u00e7os<\/b><br>\n\t<\/h2>\n<h4>\n\t\t\t<a href=\"https:\/\/www.warak.com\/pt-pt\/ingenieria-consultoria-diseno-de-fabricas\/\" title=\"Design de instala\u00e7\u00f5es de produ\u00e7\u00e3o\" target=\"_self\" rel=\"noopener noreferrer\">\n\tDesign de instala\u00e7\u00f5es de produ\u00e7\u00e3o\n\t\t\t<\/a>\n\t<\/h4>\n\t<p>Projeto de design &#8220;chave na m\u00e3o&#8221; da parte produtiva, log\u00edstica, armazenamento e envio.<\/p>\n<h4>\n\t\t\t<a href=\"https:\/\/www.warak.com\/pt-pt\/ingenieria-consultoria\/gemelo-digital\/\" title=\"G\u00e9meo digital da sua f\u00e1brica\" target=\"_self\" rel=\"noopener noreferrer\">\n\tG\u00e9meo digital da sua f\u00e1brica\n\t\t\t<\/a>\n\t<\/h4>\n\t<p>Simula\u00e7\u00e3o da f\u00e1brica em 3D com dados reais de produ\u00e7\u00e3o com o objetivo de identificar melhorias e processos pouco eficazes.<\/p>\n<\/div><!-- .vgblk-rw-wrapper -->","protected":false},"excerpt":{"rendered":"<p>Melhoria Continua A an\u00e1lise do fluxo de trabalho \u00e9 um processo atrav\u00e9s do qual se examinam os processos na procura de melhorias da efic\u00e1cia. Ao melhorar os fluxos de trabalho,&#8230;<\/p>\n","protected":false},"author":1,"featured_media":20598,"parent":0,"menu_order":0,"comment_status":"closed","ping_status":"closed","template":"","meta":{"inline_featured_image":false,"_price":"","_stock":"","_tribe_ticket_header":"","_tribe_default_ticket_provider":"","_ticket_start_date":"","_ticket_end_date":"","_tribe_ticket_show_description":"","_tribe_ticket_show_not_going":false,"_tribe_ticket_use_global_stock":"","_tribe_ticket_global_stock_level":"","_global_stock_mode":"","_global_stock_cap":"","_tribe_rsvp_for_event":"","_tribe_ticket_going_count":"","_tribe_ticket_not_going_count":"","_tribe_tickets_list":"[]","_tribe_ticket_has_attendee_info_fields":false,"footnotes":""},"class_list":["post-20639","page","type-page","status-publish","has-post-thumbnail","hentry"],"_links":{"self":[{"href":"https:\/\/www.warak.com\/pt-pt\/wp-json\/wp\/v2\/pages\/20639","targetHints":{"allow":["GET"]}}],"collection":[{"href":"https:\/\/www.warak.com\/pt-pt\/wp-json\/wp\/v2\/pages"}],"about":[{"href":"https:\/\/www.warak.com\/pt-pt\/wp-json\/wp\/v2\/types\/page"}],"author":[{"embeddable":true,"href":"https:\/\/www.warak.com\/pt-pt\/wp-json\/wp\/v2\/users\/1"}],"replies":[{"embeddable":true,"href":"https:\/\/www.warak.com\/pt-pt\/wp-json\/wp\/v2\/comments?post=20639"}],"version-history":[{"count":1,"href":"https:\/\/www.warak.com\/pt-pt\/wp-json\/wp\/v2\/pages\/20639\/revisions"}],"predecessor-version":[{"id":25732,"href":"https:\/\/www.warak.com\/pt-pt\/wp-json\/wp\/v2\/pages\/20639\/revisions\/25732"}],"wp:featuredmedia":[{"embeddable":true,"href":"https:\/\/www.warak.com\/pt-pt\/wp-json\/wp\/v2\/media\/20598"}],"wp:attachment":[{"href":"https:\/\/www.warak.com\/pt-pt\/wp-json\/wp\/v2\/media?parent=20639"}],"curies":[{"name":"wp","href":"https:\/\/api.w.org\/{rel}","templated":true}]}}