{"id":20648,"date":"2019-10-26T01:28:10","date_gmt":"2019-10-25T23:28:10","guid":{"rendered":"https:\/\/www.warak.com\/prestaciones\/"},"modified":"2020-01-10T12:20:17","modified_gmt":"2020-01-10T11:20:17","slug":"cola-cozinha-especificacoes","status":"publish","type":"page","link":"https:\/\/www.warak.com\/pt-pt\/cola-cozinha-especificacoes\/","title":{"rendered":"Prestaciones Cozinhas de cola"},"content":{"rendered":"<div class=\"vgblk-rw-wrapper limit-wrapper\">\n<h2>\n\tCozinhas de cola<br><b>desenhadas para o cart\u00e3o <\/b><br>\n\t<\/h2>\n\tA nossa vasta experi\u00eancia no fabrico de cart\u00e3o ondulado com diversos amidos permitiu-nos desenhar uma cozinha de prepara\u00e7\u00e3o de cola fi\u00e1vel e polivalente, no que se refere \u00e0s formula\u00e7\u00f5es. A sua grande capacidade de prepara\u00e7\u00e3o permite abastecer a \u00faltima gera\u00e7\u00e3o de onduladoras de alto rendimento no fabrico de cart\u00e3o duplo-duplo.\nOs circuitos instalados s\u00e3o vers\u00e1teis e disp\u00f5em de limpeza autom\u00e1tica atrav\u00e9s de sopro de ar. Ao ser modular, permite adaptar o investimento \u00e0s suas necessidades e permite poss\u00edveis amplia\u00e7\u00f5es no futuro, caso fosse necess\u00e1rio.\n<h2>\n\t <b>Fun\u00e7\u00f5es<\/b><br>\n\t<\/h2>\n\t\t\tChassis modular\n\t\tEstrutura de a\u00e7o inoxid\u00e1vel que permite prolongar a vida do equipamento. Em fun\u00e7\u00e3o do espa\u00e7o, pode ser configurada em espelho.\n\t\t\tControlo\n\t\tC\u00e9lulas de carga e viscos\u00edmetro de alta precis\u00e3o para uma maior repetibilidade das prepara\u00e7\u00f5es\n\t\t\tReator\n\t\t<p>Motor trif\u00e1sico de 25 kW com disco tipo Cowles e turbina adicional superior para melhorar e reduzir o tempo de agita\u00e7\u00e3o em prepara\u00e7\u00f5es de 2000 l em 30 minutos.<\/p>\n\t\t\tFluxo\n\t\tGest\u00e3o de circuitos de carga e descarga com eletrov\u00e1lvulas pneum\u00e1ticas controladas automaticamente.\n\t\t\tDosagem\n\t\tBombas de dosagem de aditivos inclu\u00eddas. Sem-fim do silo ou do big bag de alta transfer\u00eancia para reduzir o tempo de carga.\n\t\t\tModularidade\n\t\tAdapt\u00e1vel a m\u00f3dulos de dep\u00f3sitos de armazenamento.  Totalmente personalizados para garantir a melhor alternativa.\n<h2>\n\tMais <br><strong>vantagens<\/strong>\n\t<\/h2>\n<h4>\n\t\t\t<a href=\"https:\/\/www.warak.com\/pt-pt\/cocinas-de-cola\/software-abierto\/\" title=\"Software aberto\" target=\"_self\" rel=\"noopener noreferrer\">\n\tSoftware aberto\n\t\t\t<\/a>\n\t<\/h4>\n\t<p>A programa\u00e7\u00e3o do PLC Siemens e a sua interface HMI s\u00e3o abertos.<\/p>\n<h4>\n\t\t\t<a href=\"https:\/\/www.warak.com\/pt-pt\/cocina-cola-control-remoto-formulacion\/\" title=\"Controlo remoto\" target=\"_self\" rel=\"noopener noreferrer\">\n\tControlo remoto\n\t\t\t<\/a>\n\t<\/h4>\n\t<p>Possibilidade de controlar e alterar formula\u00e7\u00f5es de maneira remota.<\/p>\n<\/div><!-- .vgblk-rw-wrapper -->","protected":false},"excerpt":{"rendered":"<p>Cozinhas de coladesenhadas para o cart\u00e3o A nossa vasta experi\u00eancia no fabrico de cart\u00e3o ondulado com diversos amidos permitiu-nos desenhar uma cozinha de prepara\u00e7\u00e3o de cola fi\u00e1vel e polivalente, no&#8230;<\/p>\n","protected":false},"author":1,"featured_media":20649,"parent":0,"menu_order":0,"comment_status":"closed","ping_status":"closed","template":"","meta":{"inline_featured_image":false,"_price":"","_stock":"","_tribe_ticket_header":"","_tribe_default_ticket_provider":"","_ticket_start_date":"","_ticket_end_date":"","_tribe_ticket_show_description":"","_tribe_ticket_show_not_going":false,"_tribe_ticket_use_global_stock":"","_tribe_ticket_global_stock_level":"","_global_stock_mode":"","_global_stock_cap":"","_tribe_rsvp_for_event":"","_tribe_ticket_going_count":"","_tribe_ticket_not_going_count":"","_tribe_tickets_list":"[]","_tribe_ticket_has_attendee_info_fields":false,"footnotes":""},"class_list":["post-20648","page","type-page","status-publish","has-post-thumbnail","hentry"],"_links":{"self":[{"href":"https:\/\/www.warak.com\/pt-pt\/wp-json\/wp\/v2\/pages\/20648","targetHints":{"allow":["GET"]}}],"collection":[{"href":"https:\/\/www.warak.com\/pt-pt\/wp-json\/wp\/v2\/pages"}],"about":[{"href":"https:\/\/www.warak.com\/pt-pt\/wp-json\/wp\/v2\/types\/page"}],"author":[{"embeddable":true,"href":"https:\/\/www.warak.com\/pt-pt\/wp-json\/wp\/v2\/users\/1"}],"replies":[{"embeddable":true,"href":"https:\/\/www.warak.com\/pt-pt\/wp-json\/wp\/v2\/comments?post=20648"}],"version-history":[{"count":0,"href":"https:\/\/www.warak.com\/pt-pt\/wp-json\/wp\/v2\/pages\/20648\/revisions"}],"wp:featuredmedia":[{"embeddable":true,"href":"https:\/\/www.warak.com\/pt-pt\/wp-json\/wp\/v2\/media\/20649"}],"wp:attachment":[{"href":"https:\/\/www.warak.com\/pt-pt\/wp-json\/wp\/v2\/media?parent=20648"}],"curies":[{"name":"wp","href":"https:\/\/api.w.org\/{rel}","templated":true}]}}