{"id":20651,"date":"2019-10-26T01:31:48","date_gmt":"2019-10-25T23:31:48","guid":{"rendered":"https:\/\/www.warak.com\/software-abierto-para-distintas-formulaciones\/"},"modified":"2019-12-11T16:35:15","modified_gmt":"2019-12-11T15:35:15","slug":"software-abierto-para-distintas-formulaciones","status":"publish","type":"page","link":"https:\/\/www.warak.com\/pt-pt\/software-abierto-para-distintas-formulaciones\/","title":{"rendered":"Software abierto para distintas formulaciones"},"content":{"rendered":"<div class=\"vgblk-rw-wrapper limit-wrapper\"><h2>\n\t\u00c0 medida e com <br \/><strong>software aberto <\/strong>\n\t<\/h2>\n\tO arm\u00e1rio desenhado pelo nosso fornecedor Inautec para as cozinhas de cola traduz-se num sistema multiprocesso e totalmente autom\u00e1tico com o qual se podem preparar colas tipo Stein hall, Minocar e OBM com um sistema de controlo integrado \u2013 PLC, HMI, PC, e tudo isso com uma interface de utilizador f\u00e1cil e intuitiva.\nO arm\u00e1rio inclui elementos de controlo em tempo real, tais como caudal\u00edmetro, viscos\u00edmetros, etc., que permitem realizar prepara\u00e7\u00f5es de cola de maneira fi\u00e1vel e repetitiva de modo autom\u00e1tico, sem ser necess\u00e1rio refazer as formula\u00e7\u00f5es.\n<p>&nbsp;<\/p>\n\t\t\t\t\t\t\t\t\t\t<img fetchpriority=\"high\" decoding=\"async\" src=\"https:\/\/www.warak.com\/wp-content\/uploads\/2019\/09\/Cocina-cola-2.jpg\" alt=\"Engineered solutions for corrugated cardboard manufacturing, production and converting machinery, glue kitchen and work in progress vertical storage.\" itemprop=\"image\" height=\"1080\" width=\"1920\" title=\"Cocina-cola-2\" onerror=\"this.style.display='none'\"  sizes=\"(max-width: 768px) 100vw, 100vw\" srcset=\"data:image\/svg+xml;utf8,&lt;svg%20xmlns=&quot;http:\/\/www.w3.org\/2000\/svg&quot;%20viewBox=&quot;0%200%201920%201080&quot;%20height=&quot;1080px&quot;%20width=&quot;1920px&quot;\/&gt;\" data-srcset=\"https:\/\/www.warak.com\/wp-content\/uploads\/2019\/09\/Cocina-cola-2.jpg 1920w, https:\/\/www.warak.com\/wp-content\/uploads\/2019\/09\/Cocina-cola-2-300x169.jpg 300w, https:\/\/www.warak.com\/wp-content\/uploads\/2019\/09\/Cocina-cola-2-768x432.jpg 768w, https:\/\/www.warak.com\/wp-content\/uploads\/2019\/09\/Cocina-cola-2-1024x576.jpg 1024w, https:\/\/www.warak.com\/wp-content\/uploads\/2019\/09\/Cocina-cola-2-1260x709.jpg 1260w, https:\/\/www.warak.com\/wp-content\/uploads\/2019\/09\/Cocina-cola-2-630x354.jpg 630w, https:\/\/www.warak.com\/wp-content\/uploads\/2019\/09\/Cocina-cola-2-420x236.jpg 420w, https:\/\/www.warak.com\/wp-content\/uploads\/2019\/09\/Cocina-cola-2-840x473.jpg 840w, https:\/\/www.warak.com\/wp-content\/uploads\/2019\/09\/Cocina-cola-2-315x177.jpg 315w\" \/>\t\t\t\t\t\t\t\n<h2>\n\t<strong>Vantagens<\/strong>\n\t<\/h2>\n\t\t\tSistema autom\u00e1tico multiprocesso\n\t\tO PLC permite dosificar v\u00e1rios componentes ao mesmo tempo e, por outro lado, controlar a rea\u00e7\u00e3o na prepara\u00e7\u00e3o.\n\t\t\tControlo em tempo real\n\t\tO programa PLC aprende dos desvios de c\u00e1lculo de uma mesma f\u00f3rmula, assegurando assim uma maior precis\u00e3o das prepara\u00e7\u00f5es sucessivas.\n\t\t\tHist\u00f3ricos de consumo\n\t\tO hist\u00f3rico de dados permite-nos visualizar atrav\u00e9s de gr\u00e1ficos o tempo, a viscosidade, o peso e a temperatura de qualquer prepara\u00e7\u00e3o.\n\t\t\tVersatilidade\n\t\t<p>Possibilidade de trabalhar diretamente com silo at\u00e9 90 toneladas e com esta\u00e7\u00e3o de big bags de 1 tonelada atrav\u00e9s da utiliza\u00e7\u00e3o de parafusos sem-fim autom\u00e1ticos.<\/p>\n<h2>\n\tMais <br \/><strong>vantagens<\/strong>\n\t<\/h2>\n<h4>\n\t\t\t<a href=\"https:\/\/www.warak.com\/pt-pt\/cocinas-de-cola\/prestaciones\/\" title=\"Fun\u00e7\u00f5es\" target=\"_self\" rel=\"noopener noreferrer\">\n\tFun\u00e7\u00f5es\n\t\t\t<\/a>\n\t<\/h4>\n\t<p>Capacidade de prepara\u00e7\u00e3o at\u00e9 2000 litros em 30 minutos.<\/p>\n<h4>\n\t\t\t<a href=\"https:\/\/www.warak.com\/pt-pt\/cocina-cola-control-remoto-formulacion\/\" title=\"Controlo remoto\" target=\"_self\" rel=\"noopener noreferrer\">\n\tControlo remoto\n\t\t\t<\/a>\n\t<\/h4>\n\t<p>Possibilidade de controlar e alterar formula\u00e7\u00f5es de maneira remota.<\/p>\n<\/div><!-- .vgblk-rw-wrapper -->","protected":false},"excerpt":{"rendered":"<p>\u00c0 medida e com software aberto O arm\u00e1rio desenhado pelo nosso fornecedor Inautec para as cozinhas de cola traduz-se num sistema multiprocesso e totalmente autom\u00e1tico com o qual se podem&#8230;<\/p>\n","protected":false},"author":1,"featured_media":0,"parent":0,"menu_order":0,"comment_status":"closed","ping_status":"closed","template":"","meta":{"inline_featured_image":false,"_price":"","_stock":"","_tribe_ticket_header":"","_tribe_default_ticket_provider":"","_ticket_start_date":"","_ticket_end_date":"","_tribe_ticket_show_description":"","_tribe_ticket_show_not_going":false,"_tribe_ticket_use_global_stock":"","_tribe_ticket_global_stock_level":"","_global_stock_mode":"","_global_stock_cap":"","_tribe_rsvp_for_event":"","_tribe_ticket_going_count":"","_tribe_ticket_not_going_count":"","_tribe_tickets_list":"[]","_tribe_ticket_has_attendee_info_fields":false,"footnotes":""},"class_list":["post-20651","page","type-page","status-publish","hentry"],"_links":{"self":[{"href":"https:\/\/www.warak.com\/pt-pt\/wp-json\/wp\/v2\/pages\/20651","targetHints":{"allow":["GET"]}}],"collection":[{"href":"https:\/\/www.warak.com\/pt-pt\/wp-json\/wp\/v2\/pages"}],"about":[{"href":"https:\/\/www.warak.com\/pt-pt\/wp-json\/wp\/v2\/types\/page"}],"author":[{"embeddable":true,"href":"https:\/\/www.warak.com\/pt-pt\/wp-json\/wp\/v2\/users\/1"}],"replies":[{"embeddable":true,"href":"https:\/\/www.warak.com\/pt-pt\/wp-json\/wp\/v2\/comments?post=20651"}],"version-history":[{"count":0,"href":"https:\/\/www.warak.com\/pt-pt\/wp-json\/wp\/v2\/pages\/20651\/revisions"}],"wp:attachment":[{"href":"https:\/\/www.warak.com\/pt-pt\/wp-json\/wp\/v2\/media?parent=20651"}],"curies":[{"name":"wp","href":"https:\/\/api.w.org\/{rel}","templated":true}]}}