{"id":20653,"date":"2019-10-26T01:36:43","date_gmt":"2019-10-25T23:36:43","guid":{"rendered":"https:\/\/www.warak.com\/cocina-cola-control-remoto-formulacion\/"},"modified":"2019-12-11T16:30:34","modified_gmt":"2019-12-11T15:30:34","slug":"cocina-cola-control-remoto-formulacion","status":"publish","type":"page","link":"https:\/\/www.warak.com\/pt-pt\/cocina-cola-control-remoto-formulacion\/","title":{"rendered":"Control remoto"},"content":{"rendered":"<div class=\"vgblk-rw-wrapper limit-wrapper\"><h2>\n\tCozinhas de cola <br><b>desenhadas para o cart\u00e3o <\/b><\/br>\n\t<\/h2>\n\tA capacidade de controlar de forma remota todas as opera\u00e7\u00f5es da cozinha sup\u00f5e uma vantagem para a necessidade de mudan\u00e7as nas formula\u00e7\u00f5es numa onduladora. O ficheiro de hist\u00f3rico que mostra os valores de cada prepara\u00e7\u00e3o atrav\u00e9s de gr\u00e1ficos permite analisar remotamente os problemas surgidos durantes as v\u00e1rias formula\u00e7\u00f5es. Desta forma, reduz-se o impacto econ\u00f3mico do servi\u00e7o t\u00e9cnico na f\u00e1brica.\n<p>&nbsp;<\/p>\n\t\t\t\t\t\t\t\t\t\t<img fetchpriority=\"high\" decoding=\"async\" src=\"https:\/\/www.warak.com\/wp-content\/uploads\/2019\/09\/Cocina-de-cola-prestaciones.jpg\" alt=\"glue kitchen starch\" itemprop=\"image\" height=\"1080\" width=\"1620\" title=\"Cocina-de-cola-prestaciones\" onerror=\"this.style.display='none'\"  sizes=\"(max-width: 768px) 100vw, 100vw\" srcset=\"data:image\/svg+xml;utf8,&lt;svg%20xmlns=&quot;http:\/\/www.w3.org\/2000\/svg&quot;%20viewBox=&quot;0%200%201620%201080&quot;%20height=&quot;1080px&quot;%20width=&quot;1620px&quot;\/&gt;\" data-srcset=\"https:\/\/www.warak.com\/wp-content\/uploads\/2019\/09\/Cocina-de-cola-prestaciones.jpg 1620w, https:\/\/www.warak.com\/wp-content\/uploads\/2019\/09\/Cocina-de-cola-prestaciones-300x200.jpg 300w, https:\/\/www.warak.com\/wp-content\/uploads\/2019\/09\/Cocina-de-cola-prestaciones-768x512.jpg 768w, https:\/\/www.warak.com\/wp-content\/uploads\/2019\/09\/Cocina-de-cola-prestaciones-1024x683.jpg 1024w, https:\/\/www.warak.com\/wp-content\/uploads\/2019\/09\/Cocina-de-cola-prestaciones-1260x840.jpg 1260w, https:\/\/www.warak.com\/wp-content\/uploads\/2019\/09\/Cocina-de-cola-prestaciones-630x420.jpg 630w, https:\/\/www.warak.com\/wp-content\/uploads\/2019\/09\/Cocina-de-cola-prestaciones-420x280.jpg 420w, https:\/\/www.warak.com\/wp-content\/uploads\/2019\/09\/Cocina-de-cola-prestaciones-840x560.jpg 840w, https:\/\/www.warak.com\/wp-content\/uploads\/2019\/09\/Cocina-de-cola-prestaciones-315x210.jpg 315w\" \/>\t\t\t\t\t\t\t\n<h2>\n\t <b>Fun\u00e7\u00f5es<\/b><\/br>\n\t<\/h2>\n\t\t\tControlo\n\t\tA aplica\u00e7\u00e3o de controlo remoto permite-nos reformular prepara\u00e7\u00f5es e estudar os ficheiros de hist\u00f3ricos.\n\t\t\tHist\u00f3ricos\n\t\tO ficheiro de hist\u00f3ricos grava os valores de peso, tempo, viscosidade e temperatura. Todos esses dados s\u00e3o necess\u00e1rios para compreender a rea\u00e7\u00e3o de uma prepara\u00e7\u00e3o de amido.\n\t\t\tGr\u00e1ficas\n\t\tO m\u00f3dulo de gr\u00e1ficos permite-nos comparar conjuntamente a evolu\u00e7\u00e3o dos quatro par\u00e2metros b\u00e1sicos.\n<h2>\n\tMais <br \/><strong>vantagens<\/strong>\n\t<\/h2>\n<h4>\n\t\t\t<a href=\"https:\/\/www.warak.com\/pt-pt\/cocinas-de-cola\/software-abierto\/\" title=\"Software aberto\" target=\"_self\" rel=\"noopener noreferrer\">\n\tSoftware aberto\n\t\t\t<\/a>\n\t<\/h4>\n\t<p>A programa\u00e7\u00e3o do PLC Siemens e a sua interface HMI s\u00e3o abertos.<\/p>\n<h4>\n\t\t\t<a href=\"https:\/\/www.warak.com\/pt-pt\/cocinas-de-cola\/prestaciones\/\" title=\"Fun\u00e7\u00f5es\" target=\"_self\" rel=\"noopener noreferrer\">\n\tFun\u00e7\u00f5es\n\t\t\t<\/a>\n\t<\/h4>\n\t<p>Capacidade de prepara\u00e7\u00e3o at\u00e9 2000 litros em 30 minutos.<\/p>\n<\/div><!-- .vgblk-rw-wrapper -->","protected":false},"excerpt":{"rendered":"<p>Cozinhas de cola desenhadas para o cart\u00e3o A capacidade de controlar de forma remota todas as opera\u00e7\u00f5es da cozinha sup\u00f5e uma vantagem para a necessidade de mudan\u00e7as nas formula\u00e7\u00f5es numa&#8230;<\/p>\n","protected":false},"author":1,"featured_media":20654,"parent":0,"menu_order":0,"comment_status":"closed","ping_status":"closed","template":"","meta":{"inline_featured_image":false,"_price":"","_stock":"","_tribe_ticket_header":"","_tribe_default_ticket_provider":"","_ticket_start_date":"","_ticket_end_date":"","_tribe_ticket_show_description":"","_tribe_ticket_show_not_going":false,"_tribe_ticket_use_global_stock":"","_tribe_ticket_global_stock_level":"","_global_stock_mode":"","_global_stock_cap":"","_tribe_rsvp_for_event":"","_tribe_ticket_going_count":"","_tribe_ticket_not_going_count":"","_tribe_tickets_list":"[]","_tribe_ticket_has_attendee_info_fields":false,"footnotes":""},"class_list":["post-20653","page","type-page","status-publish","has-post-thumbnail","hentry"],"_links":{"self":[{"href":"https:\/\/www.warak.com\/pt-pt\/wp-json\/wp\/v2\/pages\/20653","targetHints":{"allow":["GET"]}}],"collection":[{"href":"https:\/\/www.warak.com\/pt-pt\/wp-json\/wp\/v2\/pages"}],"about":[{"href":"https:\/\/www.warak.com\/pt-pt\/wp-json\/wp\/v2\/types\/page"}],"author":[{"embeddable":true,"href":"https:\/\/www.warak.com\/pt-pt\/wp-json\/wp\/v2\/users\/1"}],"replies":[{"embeddable":true,"href":"https:\/\/www.warak.com\/pt-pt\/wp-json\/wp\/v2\/comments?post=20653"}],"version-history":[{"count":0,"href":"https:\/\/www.warak.com\/pt-pt\/wp-json\/wp\/v2\/pages\/20653\/revisions"}],"wp:featuredmedia":[{"embeddable":true,"href":"https:\/\/www.warak.com\/pt-pt\/wp-json\/wp\/v2\/media\/20654"}],"wp:attachment":[{"href":"https:\/\/www.warak.com\/pt-pt\/wp-json\/wp\/v2\/media?parent=20653"}],"curies":[{"name":"wp","href":"https:\/\/api.w.org\/{rel}","templated":true}]}}