{"id":22200,"date":"2019-11-15T10:48:54","date_gmt":"2019-11-15T09:48:54","guid":{"rendered":"https:\/\/www.warak.com\/blog-tecnico\/"},"modified":"2025-06-26T13:08:35","modified_gmt":"2025-06-26T11:08:35","slug":"blog-tecnico","status":"publish","type":"page","link":"https:\/\/www.warak.com\/pt-pt\/blog-tecnico\/","title":{"rendered":"Blog t\u00e9cnico"},"content":{"rendered":"<div class=\"vgblk-rw-wrapper limit-wrapper\">\n\n\tEm nosso <strong>blog t\u00e9cnico<\/strong> analisamos as novidades que os fabricantes incluem em equipamentos, solu\u00e7\u00f5es log\u00edsticas ou softwares, relacionados \u00e0 fabrica\u00e7\u00e3o de <strong>papel\u00e3o ondulado<\/strong>.<br \/>\n\n\t\t\t\t\t\t\t<img loading=\"lazy\" decoding=\"async\" loading=\"lazy\" src=\"https:\/\/www.warak.com\/wp-content\/uploads\/2019\/11\/tecnico-2.jpg\" alt=\"tecnico 2\" itemprop=\"image\" height=\"331\" width=\"874\" title=\"tecnico 2\" onerror=\"this.style.display='none'\"  sizes=\"auto, (max-width: 768px) 100vw, 100vw\" srcset=\"data:image\/svg+xml;utf8,&lt;svg%20xmlns=&quot;http:\/\/www.w3.org\/2000\/svg&quot;%20viewBox=&quot;0%200%20874%20331&quot;%20height=&quot;331px&quot;%20width=&quot;874px&quot;\/&gt;\" data-srcset=\"https:\/\/www.warak.com\/wp-content\/uploads\/2019\/11\/tecnico-2.jpg 874w, https:\/\/www.warak.com\/wp-content\/uploads\/2019\/11\/tecnico-2-300x114.jpg 300w, https:\/\/www.warak.com\/wp-content\/uploads\/2019\/11\/tecnico-2-768x291.jpg 768w, https:\/\/www.warak.com\/wp-content\/uploads\/2019\/11\/tecnico-2-630x239.jpg 630w, https:\/\/www.warak.com\/wp-content\/uploads\/2019\/11\/tecnico-2-420x159.jpg 420w, https:\/\/www.warak.com\/wp-content\/uploads\/2019\/11\/tecnico-2-840x318.jpg 840w, https:\/\/www.warak.com\/wp-content\/uploads\/2019\/11\/tecnico-2-315x119.jpg 315w\" \/>\t\t\t\t\t\t\t\n\n<\/div><!-- .vgblk-rw-wrapper -->","protected":false},"excerpt":{"rendered":"<p>Em nosso blog t\u00e9cnico analisamos as novidades que os fabricantes incluem em equipamentos, solu\u00e7\u00f5es log\u00edsticas ou softwares, relacionados \u00e0 fabrica\u00e7\u00e3o de papel\u00e3o ondulado.<\/p>\n","protected":false},"author":1,"featured_media":0,"parent":0,"menu_order":0,"comment_status":"closed","ping_status":"closed","template":"","meta":{"inline_featured_image":false,"_price":"","_stock":"","_tribe_ticket_header":"","_tribe_default_ticket_provider":"","_ticket_start_date":"","_ticket_end_date":"","_tribe_ticket_show_description":"","_tribe_ticket_show_not_going":false,"_tribe_ticket_use_global_stock":"","_tribe_ticket_global_stock_level":"","_global_stock_mode":"","_global_stock_cap":"","_tribe_rsvp_for_event":"","_tribe_ticket_going_count":"","_tribe_ticket_not_going_count":"","_tribe_tickets_list":"[]","_tribe_ticket_has_attendee_info_fields":false,"footnotes":""},"class_list":["post-22200","page","type-page","status-publish","hentry"],"_links":{"self":[{"href":"https:\/\/www.warak.com\/pt-pt\/wp-json\/wp\/v2\/pages\/22200","targetHints":{"allow":["GET"]}}],"collection":[{"href":"https:\/\/www.warak.com\/pt-pt\/wp-json\/wp\/v2\/pages"}],"about":[{"href":"https:\/\/www.warak.com\/pt-pt\/wp-json\/wp\/v2\/types\/page"}],"author":[{"embeddable":true,"href":"https:\/\/www.warak.com\/pt-pt\/wp-json\/wp\/v2\/users\/1"}],"replies":[{"embeddable":true,"href":"https:\/\/www.warak.com\/pt-pt\/wp-json\/wp\/v2\/comments?post=22200"}],"version-history":[{"count":1,"href":"https:\/\/www.warak.com\/pt-pt\/wp-json\/wp\/v2\/pages\/22200\/revisions"}],"predecessor-version":[{"id":25420,"href":"https:\/\/www.warak.com\/pt-pt\/wp-json\/wp\/v2\/pages\/22200\/revisions\/25420"}],"wp:attachment":[{"href":"https:\/\/www.warak.com\/pt-pt\/wp-json\/wp\/v2\/media?parent=22200"}],"curies":[{"name":"wp","href":"https:\/\/api.w.org\/{rel}","templated":true}]}}